{"id":1421,"date":"2012-08-03T10:31:28","date_gmt":"2012-08-03T08:31:28","guid":{"rendered":"http:\/\/www.espacegraphique.com\/blog\/?page_id=1421"},"modified":"2023-09-26T21:56:23","modified_gmt":"2023-09-26T19:56:23","slug":"liens-botaniques-artistiques-et-autres","status":"publish","type":"page","link":"https:\/\/www.espacegraphique.com\/blog\/liens-botaniques-artistiques-et-autres","title":{"rendered":"Liens botaniques, artistiques et autres"},"content":{"rendered":"<p><a href=\"https:\/\/www.espacegraphique.com\/blog\/wp-content\/uploads\/2012\/08\/fruits.jpg\"><img loading=\"lazy\" decoding=\"async\" class=\"alignleft size-medium wp-image-1422\" title=\"Fruits\" src=\"https:\/\/www.espacegraphique.com\/blog\/wp-content\/uploads\/2012\/08\/fruits-300x225.jpg\" alt=\"Fruits\" width=\"300\" height=\"225\" srcset=\"https:\/\/www.espacegraphique.com\/blog\/wp-content\/uploads\/2012\/08\/fruits-300x225.jpg 300w, https:\/\/www.espacegraphique.com\/blog\/wp-content\/uploads\/2012\/08\/fruits.jpg 640w\" sizes=\"auto, (max-width: 300px) 100vw, 300px\" \/><\/a><strong>Avec un zeste d&rsquo;humour et de sensibilit\u00e9 artistique.<\/strong><\/p>\n<p>Voici un petit cocktail de sites bien frais, pour changer un peu du m\u00e9lange un peu format\u00e9 des moteurs de recherche.<\/p>\n<p>Parmi le bric-\u00e0 brac des r\u00e9sultats il y a parfois un site qui pr\u00e9sente les choses de mani\u00e8re diff\u00e9rente. Si cela m&rsquo;a plu, il y a de fortes chances pour que cela vous plaise.<\/p>\n<p><strong>Les artistes :<\/strong><\/p>\n<ul>\n<li><a href=\"https:\/\/bdetcompagnie.blogspot.com\/\">BD et Compagnie<\/a><\/li>\n<li><a href=\"http:\/\/florencedellerie.over-blog.com\/\">florencedellerie.over-blog.com<\/a> &#8211; Illustrations botaniques et animali\u00e8res.<\/li>\n<li><a href=\"http:\/\/jf-mezza.blogspot.fr\/\">jf-mezza.blogspot.fr<\/a>\u00a0&#8211; Quand le dessin et la couleur deviennent plus pr\u00e9cis qu&rsquo;une photo.<\/li>\n<li><a href=\"http:\/\/theaujasmin.blogspot.fr\/\">theaujasmin.blogspot.fr<\/a> &#8211; L&rsquo;Orientalisme dans toute sa splendeur.<\/li>\n<li><a href=\"http:\/\/givernews.com\/\">givernews.com<\/a> &#8211; Un petit tour du cot\u00e9 des jardins de Giverny et de la maison de Monet.<\/li>\n<li><a href=\"http:\/\/lily-fu.deviantart.com\/\">lily-fu.deviantart.com<\/a>\u00a0&#8211; Fanart et infographie pour le dessin anim\u00e9.<\/li>\n<li><a title=\"BD 14 18 \u00e0 Saint-Quentin\" href=\"http:\/\/bdetcompagnie.blogspot.fr\/2014\/03\/une-bd-sur-14-18-et-une-expo.html\" target=\"_blank\" rel=\"noopener\">bd-14-18<\/a>\u00a0&#8211; Le blog de Celadone<\/li>\n<li><a href=\"https:\/\/evelpidesillustration.wordpress.com\/\">evelpidesillustration.wordpress.com<\/a> Evelpides Illustration<\/li>\n<li><a href=\"http:\/\/sophylactere.blogspot.com\/\">Sophylact\u00e8re<\/a><\/li>\n<li><a href=\"http:\/\/rodamu.blogspot.com\/\">Rodamu<\/a><\/li>\n<li><a href=\"https:\/\/pieces-de-theatre.com\/\">Pi\u00e8ces de Th\u00e9\u00e2tre<\/a><\/li>\n<li><a href=\"https:\/\/www.facebook.com\/guillaume.delacour\">Guillaume Delacour<\/a><\/li>\n<li><a href=\"http:\/\/lafossettedelucifer.blogspot.com\/\">Le paradis des anges<\/a><\/li>\n<\/ul>\n<p><strong>Les botanistes et jardiniers :<\/strong><\/p>\n<ul>\n<li><a href=\"http:\/\/botablog2.unblog.fr\/\">botablog2.unblog.fr<\/a> &#8211; Des carnets de croquis \u00e0 la pratique, tout sur la botanique.<\/li>\n<li><a href=\"http:\/\/webfiou.chez.com\/Bev\/1er_page.html\">webfiou.chez.com\/Bev\/1er_page.html<\/a> &#8211; Botanique et \u00e9cologie v\u00e9g\u00e9tale.<\/li>\n<li><a href=\"http:\/\/fleursanniviers.over-blog.com\/\">fleursanniviers.over-blog.com<\/a> &#8211; Flore du Val d&rsquo;Anniviers.<\/li>\n<li><a href=\"http:\/\/fleursauvageyonne.pagesperso-orange.fr\/index.htm\">fleursauvageyonne.pagesperso-orange.fr\/index.htm<\/a> &#8211; Fleurs sauvages de l&rsquo;Yonne.<\/li>\n<li><a href=\"http:\/\/lachaussetterouge.over-blog.com\/\">lachaussetterouge.over-blog.com<\/a> &#8211; La Guyanne et sa for\u00eat si \u00e9trange.<\/li>\n<li><a title=\"Le jardin de Cathline\" href=\"http:\/\/le-jardin-de-cathline.eklablog.com\/\" target=\"_blank\" rel=\"noopener\">le-jardin-de-cathline.eklablog.com<\/a> &#8211; Le jardin de Cathline nous r\u00e9serve des surprises.<\/li>\n<li><a title=\"Claudine Passion\" href=\"http:\/\/claudine.passions.free.fr\/\" target=\"_blank\" rel=\"noopener\">claudine.passions.free.fr <\/a>&#8211; Les passions de Claudine.<\/li>\n<li><a href=\"http:\/\/monerbier.canalblog.com\">monerbier.canalblog.com<\/a> &#8211; Blog sur le v\u00e9g\u00e9tal et sa botanique.<\/li>\n<li><a href=\"http:\/\/www.orchidspirit.com\/\">www.orchidspirit.com<\/a> &#8211; Le Forum des amateurs d&rsquo;orchid\u00e9es.<\/li>\n<li><a href=\"http:\/\/www.tropi-qualite.fr\">www.tropi-qualite.fr<\/a> &#8211; Orchid\u00e9es et autres fleurs tropicales.<\/li>\n<li><a href=\"http:\/\/vandaspecies.blogspot.fr\/\">vandaspecies.blogspot.fr<\/a> &#8211; Superbes photos d&rsquo;orchid\u00e9es Vanda<\/li>\n<li><a href=\"http:\/\/www.planet-orchid.net\/\">www.planet-orchid.net<\/a> &#8211; Informations et dates des salons sur les orchid\u00e9es<\/li>\n<li><a href=\"http:\/\/kay17.wordpress.com\/\">a\u00a0garden in the twilight zone<\/a>\u00a0&#8211; Un blog bien sympa sur les orchid\u00e9es<\/li>\n<\/ul>\n<p><strong>Ceux qui mettent les plantes dans nos assiettes :<\/strong><\/p>\n<ul>\n<li><a href=\"http:\/\/bellessauvagesetplus.blogspot.fr\/\">bellessauvagesetplus.blogspot.fr<\/a> &#8211; Le panier est plein de bonnes choses en revenant de randonn\u00e9e.<\/li>\n<li><a href=\"http:\/\/ali.rezvani.free.fr\/recettes\/\">ali.rezvani.free.fr\/recettes<\/a> &#8211; Un peu d&rsquo;exotisme avec les recettes d&rsquo;Ali.<\/li>\n<\/ul>\n<p><strong>Les photographes explorateurs\u00a0:<\/strong><\/p>\n<ul>\n<li><a title=\"Les ailes de l'Aisne\" href=\"http:\/\/www.les-ailes-de-l-aisne.fr\" target=\"_blank\" rel=\"noopener\">www.les-ailes-de-l-aisne.fr<\/a> &#8211; Pour l&rsquo;amour des oiseaux<\/li>\n<\/ul>\n<p><strong>Les inclassables :<\/strong><\/p>\n<ul>\n<li><a href=\"http:\/\/www.bretagne-tours.com\/\">www.bretagne-tours.com<\/a> &#8211; Pour faire la Bretagne Buissonni\u00e8re, suivez le guide !<\/li>\n<li><a href=\"http:\/\/mirabelle-inspiration.blogspot.fr\/\">mirabelle-inspiration.blogspot.fr<\/a> &#8211; Un blog plein d&rsquo;inspiration (US).<\/li>\n<li><a href=\"http:\/\/camille-renversade.blogspot.fr\/\">camille-renversade.blogspot.fr<\/a> &#8211; Le cabinet de curiosit\u00e9s du c\u00e9l\u00e8bre chim\u00e9rologue Camille Renversade<\/li>\n<li><a title=\"La chambre d'Ambre\" href=\"http:\/\/www.lovapourrier.com\" target=\"_blank\" rel=\"noopener\">www.lovapourrier.com<\/a> &#8211; La chambre d&rsquo;Ambre<\/li>\n<li><a href=\"https:\/\/leshumeursdesophie.wordpress.com\" target=\"_blank\" rel=\"noopener\">leshumeursdesophie.wordpress.com<\/a> &#8211; Les humeurs de Sophie<\/li>\n<\/ul>\n","protected":false},"excerpt":{"rendered":"<p>Avec un zeste d&rsquo;humour et de sensibilit\u00e9 artistique. Voici un petit cocktail de sites bien frais, pour changer un peu du m\u00e9lange un peu format\u00e9 des moteurs de recherche. Parmi le bric-\u00e0 brac des r\u00e9sultats il y a parfois un site qui pr\u00e9sente les choses de mani\u00e8re diff\u00e9rente. Si cela m&rsquo;a plu, il y a &hellip; <a href=\"https:\/\/www.espacegraphique.com\/blog\/liens-botaniques-artistiques-et-autres\" class=\"more-link\">Continuer la lecture de <span class=\"screen-reader-text\">Liens botaniques, artistiques et autres<\/span>  <span class=\"meta-nav\">&rarr;<\/span><\/a><\/p>\n","protected":false},"author":1,"featured_media":0,"parent":0,"menu_order":0,"comment_status":"open","ping_status":"open","template":"","meta":{"footnotes":""},"class_list":["post-1421","page","type-page","status-publish","hentry"],"aioseo_notices":[],"_links":{"self":[{"href":"https:\/\/www.espacegraphique.com\/blog\/wp-json\/wp\/v2\/pages\/1421","targetHints":{"allow":["GET"]}}],"collection":[{"href":"https:\/\/www.espacegraphique.com\/blog\/wp-json\/wp\/v2\/pages"}],"about":[{"href":"https:\/\/www.espacegraphique.com\/blog\/wp-json\/wp\/v2\/types\/page"}],"author":[{"embeddable":true,"href":"https:\/\/www.espacegraphique.com\/blog\/wp-json\/wp\/v2\/users\/1"}],"replies":[{"embeddable":true,"href":"https:\/\/www.espacegraphique.com\/blog\/wp-json\/wp\/v2\/comments?post=1421"}],"version-history":[{"count":51,"href":"https:\/\/www.espacegraphique.com\/blog\/wp-json\/wp\/v2\/pages\/1421\/revisions"}],"predecessor-version":[{"id":3682,"href":"https:\/\/www.espacegraphique.com\/blog\/wp-json\/wp\/v2\/pages\/1421\/revisions\/3682"}],"wp:attachment":[{"href":"https:\/\/www.espacegraphique.com\/blog\/wp-json\/wp\/v2\/media?parent=1421"}],"curies":[{"name":"wp","href":"https:\/\/api.w.org\/{rel}","templated":true}]}}