{"id":3576,"date":"2018-03-02T12:58:31","date_gmt":"2018-03-02T10:58:31","guid":{"rendered":"http:\/\/www.espacegraphique.com\/blog\/?page_id=3576"},"modified":"2018-04-02T12:41:55","modified_gmt":"2018-04-02T10:41:55","slug":"zingiberaceae-photos","status":"publish","type":"page","link":"https:\/\/www.espacegraphique.com\/blog\/zingiberaceae-photos","title":{"rendered":"Photos de Zingiberaceae"},"content":{"rendered":"<p><a href=\"https:\/\/www.espacegraphique.com\/zingiberacees\/zingiberaceae.php\">Famille des Zingib\u00e9rac\u00e9es<\/a> &gt; Photos<\/p>\n<div id='gallery-1' class='gallery galleryid-3576 gallery-columns-2 gallery-size-large'><figure class='gallery-item'>\n\t\t\t<div class='gallery-icon portrait'>\n\t\t\t\t<a href='https:\/\/www.espacegraphique.com\/blog\/zingiber-spectabile-hampe-florale'><img loading=\"lazy\" decoding=\"async\" width=\"474\" height=\"632\" src=\"https:\/\/www.espacegraphique.com\/blog\/wp-content\/uploads\/2018\/03\/1.jpg\" class=\"attachment-large size-large\" alt=\"Zingiber spectabile - Hampe florale\" aria-describedby=\"gallery-1-3578\" srcset=\"https:\/\/www.espacegraphique.com\/blog\/wp-content\/uploads\/2018\/03\/1.jpg 480w, https:\/\/www.espacegraphique.com\/blog\/wp-content\/uploads\/2018\/03\/1-225x300.jpg 225w\" sizes=\"auto, (max-width: 474px) 100vw, 474px\" \/><\/a>\n\t\t\t<\/div>\n\t\t\t\t<figcaption class='wp-caption-text gallery-caption' id='gallery-1-3578'>\n\t\t\t\tFleurs blanches\n\t\t\t\t<\/figcaption><\/figure><figure class='gallery-item'>\n\t\t\t<div class='gallery-icon landscape'>\n\t\t\t\t<a href='https:\/\/www.espacegraphique.com\/blog\/zingiber-spectabile-fleur'><img loading=\"lazy\" decoding=\"async\" width=\"474\" height=\"470\" src=\"https:\/\/www.espacegraphique.com\/blog\/wp-content\/uploads\/2018\/03\/2.jpg\" class=\"attachment-large size-large\" alt=\"Zingiber spectabile - Fleur\" aria-describedby=\"gallery-1-3579\" srcset=\"https:\/\/www.espacegraphique.com\/blog\/wp-content\/uploads\/2018\/03\/2.jpg 640w, https:\/\/www.espacegraphique.com\/blog\/wp-content\/uploads\/2018\/03\/2-150x150.jpg 150w, https:\/\/www.espacegraphique.com\/blog\/wp-content\/uploads\/2018\/03\/2-300x297.jpg 300w\" sizes=\"auto, (max-width: 474px) 100vw, 474px\" \/><\/a>\n\t\t\t<\/div>\n\t\t\t\t<figcaption class='wp-caption-text gallery-caption' id='gallery-1-3579'>\n\t\t\t\tFleur trim\u00e8re\n\t\t\t\t<\/figcaption><\/figure><figure class='gallery-item'>\n\t\t\t<div class='gallery-icon landscape'>\n\t\t\t\t<a href='https:\/\/www.espacegraphique.com\/blog\/alpinia-purpurata-gingembre-rouge-massif'><img loading=\"lazy\" decoding=\"async\" width=\"474\" height=\"356\" src=\"https:\/\/www.espacegraphique.com\/blog\/wp-content\/uploads\/2018\/03\/4.jpg\" class=\"attachment-large size-large\" alt=\"Alpinia purpurata (Gingembre rouge) - Massif\" aria-describedby=\"gallery-1-3581\" srcset=\"https:\/\/www.espacegraphique.com\/blog\/wp-content\/uploads\/2018\/03\/4.jpg 640w, https:\/\/www.espacegraphique.com\/blog\/wp-content\/uploads\/2018\/03\/4-300x225.jpg 300w\" sizes=\"auto, (max-width: 474px) 100vw, 474px\" \/><\/a>\n\t\t\t<\/div>\n\t\t\t\t<figcaption class='wp-caption-text gallery-caption' id='gallery-1-3581'>\n\t\t\t\tJardin de Guadeloupe\n\t\t\t\t<\/figcaption><\/figure><figure class='gallery-item'>\n\t\t\t<div class='gallery-icon portrait'>\n\t\t\t\t<a href='https:\/\/www.espacegraphique.com\/blog\/alpinia-purpurata-gingembre-rouge'><img loading=\"lazy\" decoding=\"async\" width=\"474\" height=\"632\" src=\"https:\/\/www.espacegraphique.com\/blog\/wp-content\/uploads\/2018\/03\/5.jpg\" class=\"attachment-large size-large\" alt=\"Alpinia purpurata (Gingembre rouge)\" aria-describedby=\"gallery-1-3582\" srcset=\"https:\/\/www.espacegraphique.com\/blog\/wp-content\/uploads\/2018\/03\/5.jpg 480w, https:\/\/www.espacegraphique.com\/blog\/wp-content\/uploads\/2018\/03\/5-225x300.jpg 225w\" sizes=\"auto, (max-width: 474px) 100vw, 474px\" \/><\/a>\n\t\t\t<\/div>\n\t\t\t\t<figcaption class='wp-caption-text gallery-caption' id='gallery-1-3582'>\n\t\t\t\tSerre \u00e0 Londres\n\t\t\t\t<\/figcaption><\/figure><figure class='gallery-item'>\n\t\t\t<div class='gallery-icon portrait'>\n\t\t\t\t<a href='https:\/\/www.espacegraphique.com\/blog\/alpinia-feuilles'><img loading=\"lazy\" decoding=\"async\" width=\"474\" height=\"632\" src=\"https:\/\/www.espacegraphique.com\/blog\/wp-content\/uploads\/2018\/03\/6.jpg\" class=\"attachment-large size-large\" alt=\"Alpinia - feuilles\" aria-describedby=\"gallery-1-3583\" srcset=\"https:\/\/www.espacegraphique.com\/blog\/wp-content\/uploads\/2018\/03\/6.jpg 480w, https:\/\/www.espacegraphique.com\/blog\/wp-content\/uploads\/2018\/03\/6-225x300.jpg 225w\" sizes=\"auto, (max-width: 474px) 100vw, 474px\" \/><\/a>\n\t\t\t<\/div>\n\t\t\t\t<figcaption class='wp-caption-text gallery-caption' id='gallery-1-3583'>\n\t\t\t\tMassif d\u2019Alpinias &#8211; Martinique\n\t\t\t\t<\/figcaption><\/figure><figure class='gallery-item'>\n\t\t\t<div class='gallery-icon landscape'>\n\t\t\t\t<a href='https:\/\/www.espacegraphique.com\/blog\/zingiber-officinale-rhizome'><img loading=\"lazy\" decoding=\"async\" width=\"474\" height=\"356\" src=\"https:\/\/www.espacegraphique.com\/blog\/wp-content\/uploads\/2018\/03\/7.jpg\" class=\"attachment-large size-large\" alt=\"Zingiber Officinale - Rhizome\" aria-describedby=\"gallery-1-3584\" srcset=\"https:\/\/www.espacegraphique.com\/blog\/wp-content\/uploads\/2018\/03\/7.jpg 640w, https:\/\/www.espacegraphique.com\/blog\/wp-content\/uploads\/2018\/03\/7-300x225.jpg 300w\" sizes=\"auto, (max-width: 474px) 100vw, 474px\" \/><\/a>\n\t\t\t<\/div>\n\t\t\t\t<figcaption class='wp-caption-text gallery-caption' id='gallery-1-3584'>\n\t\t\t\tGingembre utilis\u00e9 en cuisine\n\t\t\t\t<\/figcaption><\/figure><figure class='gallery-item'>\n\t\t\t<div class='gallery-icon portrait'>\n\t\t\t\t<a href='https:\/\/www.espacegraphique.com\/blog\/zingiber-officinale-feuilles'><img loading=\"lazy\" decoding=\"async\" width=\"474\" height=\"632\" src=\"https:\/\/www.espacegraphique.com\/blog\/wp-content\/uploads\/2018\/03\/7-1.jpg\" class=\"attachment-large size-large\" alt=\"Zingiber Officinale - feuilles\" aria-describedby=\"gallery-1-3593\" srcset=\"https:\/\/www.espacegraphique.com\/blog\/wp-content\/uploads\/2018\/03\/7-1.jpg 480w, https:\/\/www.espacegraphique.com\/blog\/wp-content\/uploads\/2018\/03\/7-1-225x300.jpg 225w\" sizes=\"auto, (max-width: 474px) 100vw, 474px\" \/><\/a>\n\t\t\t<\/div>\n\t\t\t\t<figcaption class='wp-caption-text gallery-caption' id='gallery-1-3593'>\n\t\t\t\tFeuillage obtenu en serre \u00e0 20\u00b0\n\t\t\t\t<\/figcaption><\/figure><figure class='gallery-item'>\n\t\t\t<div class='gallery-icon landscape'>\n\t\t\t\t<a href='https:\/\/www.espacegraphique.com\/blog\/zingiber-officinale-preparation'><img loading=\"lazy\" decoding=\"async\" width=\"474\" height=\"356\" src=\"https:\/\/www.espacegraphique.com\/blog\/wp-content\/uploads\/2018\/03\/8.jpg\" class=\"attachment-large size-large\" alt=\"Zingiber Officinale - Pr\u00e9paration\" aria-describedby=\"gallery-1-3585\" srcset=\"https:\/\/www.espacegraphique.com\/blog\/wp-content\/uploads\/2018\/03\/8.jpg 640w, https:\/\/www.espacegraphique.com\/blog\/wp-content\/uploads\/2018\/03\/8-300x225.jpg 300w\" sizes=\"auto, (max-width: 474px) 100vw, 474px\" \/><\/a>\n\t\t\t<\/div>\n\t\t\t\t<figcaption class='wp-caption-text gallery-caption' id='gallery-1-3585'>\n\t\t\t\tGingembre pr\u00e9sent\u00e9 comme \u00e9pice\n\t\t\t\t<\/figcaption><\/figure><figure class='gallery-item'>\n\t\t\t<div class='gallery-icon landscape'>\n\t\t\t\t<a href='https:\/\/www.espacegraphique.com\/blog\/alpinia-zerumbet-gingembre-coquille'><img loading=\"lazy\" decoding=\"async\" width=\"474\" height=\"356\" src=\"https:\/\/www.espacegraphique.com\/blog\/wp-content\/uploads\/2018\/03\/9.jpg\" class=\"attachment-large size-large\" alt=\"Alpinia zerumbet (Gingembre coquille)\" aria-describedby=\"gallery-1-3586\" srcset=\"https:\/\/www.espacegraphique.com\/blog\/wp-content\/uploads\/2018\/03\/9.jpg 640w, https:\/\/www.espacegraphique.com\/blog\/wp-content\/uploads\/2018\/03\/9-300x225.jpg 300w\" sizes=\"auto, (max-width: 474px) 100vw, 474px\" \/><\/a>\n\t\t\t<\/div>\n\t\t\t\t<figcaption class='wp-caption-text gallery-caption' id='gallery-1-3586'>\n\t\t\t\tSerre chaude &#8211; Pierrelattte\n\t\t\t\t<\/figcaption><\/figure><figure class='gallery-item'>\n\t\t\t<div class='gallery-icon landscape'>\n\t\t\t\t<a href='https:\/\/www.espacegraphique.com\/blog\/alpinia'><img loading=\"lazy\" decoding=\"async\" width=\"474\" height=\"356\" src=\"https:\/\/www.espacegraphique.com\/blog\/wp-content\/uploads\/2018\/03\/10.jpg\" class=\"attachment-large size-large\" alt=\"Alpinia\" aria-describedby=\"gallery-1-3587\" srcset=\"https:\/\/www.espacegraphique.com\/blog\/wp-content\/uploads\/2018\/03\/10.jpg 640w, https:\/\/www.espacegraphique.com\/blog\/wp-content\/uploads\/2018\/03\/10-300x225.jpg 300w\" sizes=\"auto, (max-width: 474px) 100vw, 474px\" \/><\/a>\n\t\t\t<\/div>\n\t\t\t\t<figcaption class='wp-caption-text gallery-caption' id='gallery-1-3587'>\n\t\t\t\tLondres\n\t\t\t\t<\/figcaption><\/figure><figure class='gallery-item'>\n\t\t\t<div class='gallery-icon portrait'>\n\t\t\t\t<a href='https:\/\/www.espacegraphique.com\/blog\/etlingera-eliator-rose-de-porcelaine'><img loading=\"lazy\" decoding=\"async\" width=\"474\" height=\"632\" src=\"https:\/\/www.espacegraphique.com\/blog\/wp-content\/uploads\/2018\/03\/11.jpg\" class=\"attachment-large size-large\" alt=\"Etlingera eliator (Rose de porcelaine)\" aria-describedby=\"gallery-1-3588\" srcset=\"https:\/\/www.espacegraphique.com\/blog\/wp-content\/uploads\/2018\/03\/11.jpg 480w, https:\/\/www.espacegraphique.com\/blog\/wp-content\/uploads\/2018\/03\/11-225x300.jpg 225w\" sizes=\"auto, (max-width: 474px) 100vw, 474px\" \/><\/a>\n\t\t\t<\/div>\n\t\t\t\t<figcaption class='wp-caption-text gallery-caption' id='gallery-1-3588'>\n\t\t\t\tSerre tropicale\n\t\t\t\t<\/figcaption><\/figure><figure class='gallery-item'>\n\t\t\t<div class='gallery-icon landscape'>\n\t\t\t\t<a href='https:\/\/www.espacegraphique.com\/blog\/curcuma-et-papillon'><img loading=\"lazy\" decoding=\"async\" width=\"474\" height=\"356\" src=\"https:\/\/www.espacegraphique.com\/blog\/wp-content\/uploads\/2018\/03\/12.jpg\" class=\"attachment-large size-large\" alt=\"Curcuma et papillon\" aria-describedby=\"gallery-1-3589\" srcset=\"https:\/\/www.espacegraphique.com\/blog\/wp-content\/uploads\/2018\/03\/12.jpg 640w, https:\/\/www.espacegraphique.com\/blog\/wp-content\/uploads\/2018\/03\/12-300x225.jpg 300w\" sizes=\"auto, (max-width: 474px) 100vw, 474px\" \/><\/a>\n\t\t\t<\/div>\n\t\t\t\t<figcaption class='wp-caption-text gallery-caption' id='gallery-1-3589'>\n\t\t\t\tSerre \u00e0 Papillons &#8211; Velleron\n\t\t\t\t<\/figcaption><\/figure><figure class='gallery-item'>\n\t\t\t<div class='gallery-icon portrait'>\n\t\t\t\t<a href='https:\/\/www.espacegraphique.com\/blog\/curcuma'><img loading=\"lazy\" decoding=\"async\" width=\"474\" height=\"632\" src=\"https:\/\/www.espacegraphique.com\/blog\/wp-content\/uploads\/2018\/03\/13.jpg\" class=\"attachment-large size-large\" alt=\"Curcuma\" aria-describedby=\"gallery-1-3590\" srcset=\"https:\/\/www.espacegraphique.com\/blog\/wp-content\/uploads\/2018\/03\/13.jpg 480w, https:\/\/www.espacegraphique.com\/blog\/wp-content\/uploads\/2018\/03\/13-225x300.jpg 225w\" sizes=\"auto, (max-width: 474px) 100vw, 474px\" \/><\/a>\n\t\t\t<\/div>\n\t\t\t\t<figcaption class='wp-caption-text gallery-caption' id='gallery-1-3590'>\n\t\t\t\tInflorescence et bract\u00e9es\n\t\t\t\t<\/figcaption><\/figure>\n\t\t<\/div>\n\n","protected":false},"excerpt":{"rendered":"<p>Famille des Zingib\u00e9rac\u00e9es &gt; Photos<\/p>\n","protected":false},"author":1,"featured_media":0,"parent":0,"menu_order":0,"comment_status":"closed","ping_status":"closed","template":"","meta":{"footnotes":""},"class_list":["post-3576","page","type-page","status-publish","hentry"],"aioseo_notices":[],"_links":{"self":[{"href":"https:\/\/www.espacegraphique.com\/blog\/wp-json\/wp\/v2\/pages\/3576","targetHints":{"allow":["GET"]}}],"collection":[{"href":"https:\/\/www.espacegraphique.com\/blog\/wp-json\/wp\/v2\/pages"}],"about":[{"href":"https:\/\/www.espacegraphique.com\/blog\/wp-json\/wp\/v2\/types\/page"}],"author":[{"embeddable":true,"href":"https:\/\/www.espacegraphique.com\/blog\/wp-json\/wp\/v2\/users\/1"}],"replies":[{"embeddable":true,"href":"https:\/\/www.espacegraphique.com\/blog\/wp-json\/wp\/v2\/comments?post=3576"}],"version-history":[{"count":7,"href":"https:\/\/www.espacegraphique.com\/blog\/wp-json\/wp\/v2\/pages\/3576\/revisions"}],"predecessor-version":[{"id":3622,"href":"https:\/\/www.espacegraphique.com\/blog\/wp-json\/wp\/v2\/pages\/3576\/revisions\/3622"}],"wp:attachment":[{"href":"https:\/\/www.espacegraphique.com\/blog\/wp-json\/wp\/v2\/media?parent=3576"}],"curies":[{"name":"wp","href":"https:\/\/api.w.org\/{rel}","templated":true}]}}