{"id":36,"date":"2009-12-19T11:58:13","date_gmt":"2009-12-19T10:58:13","guid":{"rendered":"http:\/\/www.espacegraphique.com\/blog\/?page_id=36"},"modified":"2012-10-11T13:49:34","modified_gmt":"2012-10-11T11:49:34","slug":"floraison-image-par-image","status":"publish","type":"page","link":"https:\/\/www.espacegraphique.com\/blog\/floraison-image-par-image","title":{"rendered":"Floraison image par image"},"content":{"rendered":"<p><strong>Petit aper\u00e7u des photos utilis\u00e9es pour animer la floraison d&rsquo;une <a href=\"https:\/\/www.espacegraphique.com\/orchidacees\/cambria.php\">Orchid\u00e9e Odontoglossum en image par image<\/a>.<\/strong><\/p>\n<p><a href=\"https:\/\/www.espacegraphique.com\/orchidacees\/cambria.php\"><img loading=\"lazy\" decoding=\"async\" class=\"alignleft size-medium wp-image-1438\" title=\"Odontoglossum Animation\" src=\"https:\/\/www.espacegraphique.com\/blog\/wp-content\/uploads\/2009\/12\/odontoglossum-animation-300x247.jpg\" alt=\"Odontoglossum Animation\" width=\"300\" height=\"247\" srcset=\"https:\/\/www.espacegraphique.com\/blog\/wp-content\/uploads\/2009\/12\/odontoglossum-animation-300x247.jpg 300w, https:\/\/www.espacegraphique.com\/blog\/wp-content\/uploads\/2009\/12\/odontoglossum-animation.jpg 536w\" sizes=\"auto, (max-width: 300px) 100vw, 300px\" \/><\/a><\/p>\n<p>Le d\u00e9tourage \u00e9tant laborieux, une petite collerette blanche en carton suffit pour utiliser ensuite la baguette magique dans Photoshop. Un r\u00e9glage de la sensibilit\u00e9 de la baguette \u00a0(40%) permet en g\u00e9n\u00e9ral de r\u00e9cup\u00e9rer facilement une plage de couleur uniforme.<\/p>\n<p>Les photos ne sont pas toutes nettes, car il \u00e9tait difficile de poser un pied photo dans l&rsquo;axe de la fleur, cependant une vid\u00e9o en image par image demande moins de piqu\u00e9 qu&rsquo;une image fixe.<\/p>\n<p><strong>La fleur de cette orchid\u00e9e tourne en s&rsquo;ouvrant, ce ph\u00e9nom\u00e8ne s&rsquo;appelle la r\u00e9supination et cela rend le mod\u00e8le capricieux pour le photographe.<\/strong><\/p>\n<p>A noter \u00e9galement les variations de couleur en fonction des lumi\u00e8res de la nuit, du r\u00e9glage automatique de l&rsquo;appareil etc&#8230; Bref dans ce cas il vaut mieux pouvoir d\u00e9brayer toutes les fonctions automatiques et travailler en studio. Mettre une orchid\u00e9e dans le noir total pendant 24h le jour de sa floraison, c&rsquo;est pas sympa&#8230;<\/p>\n<figure id=\"attachment_37\" aria-describedby=\"caption-attachment-37\" style=\"width: 150px\" class=\"wp-caption alignleft\"><a href=\"https:\/\/www.espacegraphique.com\/blog\/floraison-image-par-image\/attachment\/a11-00-02\" rel=\"attachment wp-att-37\"><img loading=\"lazy\" decoding=\"async\" class=\"size-thumbnail wp-image-37\" title=\"Ondotoglossum-1\" src=\"https:\/\/www.espacegraphique.com\/blog\/wp-content\/uploads\/2009\/12\/a11.00.02-150x150.jpg\" alt=\"Image 1\" width=\"150\" height=\"150\" srcset=\"https:\/\/www.espacegraphique.com\/blog\/wp-content\/uploads\/2009\/12\/a11.00.02-150x150.jpg 150w, https:\/\/www.espacegraphique.com\/blog\/wp-content\/uploads\/2009\/12\/a11.00.02-120x120.jpg 120w\" sizes=\"auto, (max-width: 150px) 100vw, 150px\" \/><\/a><figcaption id=\"caption-attachment-37\" class=\"wp-caption-text\">Image 1<\/figcaption><\/figure>\n<figure id=\"attachment_38\" aria-describedby=\"caption-attachment-38\" style=\"width: 150px\" class=\"wp-caption alignleft\"><a href=\"https:\/\/www.espacegraphique.com\/blog\/floraison-image-par-image\/attachment\/a11-05-10\" rel=\"attachment wp-att-38\"><img loading=\"lazy\" decoding=\"async\" class=\"size-thumbnail wp-image-38\" title=\"Ondotoglossum-2\" src=\"https:\/\/www.espacegraphique.com\/blog\/wp-content\/uploads\/2009\/12\/a11.05.10-150x150.jpg\" alt=\"Image 2\" width=\"150\" height=\"150\" srcset=\"https:\/\/www.espacegraphique.com\/blog\/wp-content\/uploads\/2009\/12\/a11.05.10-150x150.jpg 150w, https:\/\/www.espacegraphique.com\/blog\/wp-content\/uploads\/2009\/12\/a11.05.10-120x120.jpg 120w\" sizes=\"auto, (max-width: 150px) 100vw, 150px\" \/><\/a><figcaption id=\"caption-attachment-38\" class=\"wp-caption-text\">Image 2<\/figcaption><\/figure>\n<figure id=\"attachment_39\" aria-describedby=\"caption-attachment-39\" style=\"width: 150px\" class=\"wp-caption alignleft\"><a href=\"https:\/\/www.espacegraphique.com\/blog\/floraison-image-par-image\/attachment\/a11-05-19\" rel=\"attachment wp-att-39\"><img loading=\"lazy\" decoding=\"async\" class=\"size-thumbnail wp-image-39\" title=\"Ondotoglossum-3\" src=\"https:\/\/www.espacegraphique.com\/blog\/wp-content\/uploads\/2009\/12\/a11.05.19-150x150.jpg\" alt=\"Image 3\" width=\"150\" height=\"150\" srcset=\"https:\/\/www.espacegraphique.com\/blog\/wp-content\/uploads\/2009\/12\/a11.05.19-150x150.jpg 150w, https:\/\/www.espacegraphique.com\/blog\/wp-content\/uploads\/2009\/12\/a11.05.19-120x120.jpg 120w\" sizes=\"auto, (max-width: 150px) 100vw, 150px\" \/><\/a><figcaption id=\"caption-attachment-39\" class=\"wp-caption-text\">Image 3<\/figcaption><\/figure>\n<figure id=\"attachment_40\" aria-describedby=\"caption-attachment-40\" style=\"width: 150px\" class=\"wp-caption alignleft\"><a href=\"https:\/\/www.espacegraphique.com\/blog\/floraison-image-par-image\/attachment\/a11-06-52\" rel=\"attachment wp-att-40\"><img loading=\"lazy\" decoding=\"async\" class=\"size-thumbnail wp-image-40\" title=\"Ondotoglossum-4\" src=\"https:\/\/www.espacegraphique.com\/blog\/wp-content\/uploads\/2009\/12\/a11.06.52-150x150.jpg\" alt=\"Image 4\" width=\"150\" height=\"150\" srcset=\"https:\/\/www.espacegraphique.com\/blog\/wp-content\/uploads\/2009\/12\/a11.06.52-150x150.jpg 150w, https:\/\/www.espacegraphique.com\/blog\/wp-content\/uploads\/2009\/12\/a11.06.52-120x120.jpg 120w\" sizes=\"auto, (max-width: 150px) 100vw, 150px\" \/><\/a><figcaption id=\"caption-attachment-40\" class=\"wp-caption-text\">Image 4<\/figcaption><\/figure>\n<figure id=\"attachment_41\" aria-describedby=\"caption-attachment-41\" style=\"width: 150px\" class=\"wp-caption alignleft\"><a href=\"https:\/\/www.espacegraphique.com\/blog\/floraison-image-par-image\/attachment\/a11-07-53\" rel=\"attachment wp-att-41\"><img loading=\"lazy\" decoding=\"async\" class=\"size-thumbnail wp-image-41\" title=\"Ondotoglossum-5\" src=\"https:\/\/www.espacegraphique.com\/blog\/wp-content\/uploads\/2009\/12\/a11.07.53-150x150.jpg\" alt=\"Image 5\" width=\"150\" height=\"150\" srcset=\"https:\/\/www.espacegraphique.com\/blog\/wp-content\/uploads\/2009\/12\/a11.07.53-150x150.jpg 150w, https:\/\/www.espacegraphique.com\/blog\/wp-content\/uploads\/2009\/12\/a11.07.53-120x120.jpg 120w\" sizes=\"auto, (max-width: 150px) 100vw, 150px\" \/><\/a><figcaption id=\"caption-attachment-41\" class=\"wp-caption-text\">Image 5<\/figcaption><\/figure>\n<figure id=\"attachment_42\" aria-describedby=\"caption-attachment-42\" style=\"width: 150px\" class=\"wp-caption alignleft\"><a href=\"https:\/\/www.espacegraphique.com\/blog\/floraison-image-par-image\/attachment\/a11-12-27\" rel=\"attachment wp-att-42\"><img loading=\"lazy\" decoding=\"async\" class=\"size-thumbnail wp-image-42\" title=\"Ondotoglossum-6\" src=\"https:\/\/www.espacegraphique.com\/blog\/wp-content\/uploads\/2009\/12\/a11.12.27-150x150.jpg\" alt=\"Image 6\" width=\"150\" height=\"150\" srcset=\"https:\/\/www.espacegraphique.com\/blog\/wp-content\/uploads\/2009\/12\/a11.12.27-150x150.jpg 150w, https:\/\/www.espacegraphique.com\/blog\/wp-content\/uploads\/2009\/12\/a11.12.27-120x120.jpg 120w\" sizes=\"auto, (max-width: 150px) 100vw, 150px\" \/><\/a><figcaption id=\"caption-attachment-42\" class=\"wp-caption-text\">Image 6<\/figcaption><\/figure>\n<figure id=\"attachment_43\" aria-describedby=\"caption-attachment-43\" style=\"width: 150px\" class=\"wp-caption alignleft\"><a href=\"https:\/\/www.espacegraphique.com\/blog\/floraison-image-par-image\/attachment\/a12-09-50\" rel=\"attachment wp-att-43\"><img loading=\"lazy\" decoding=\"async\" class=\"size-thumbnail wp-image-43\" title=\"Ondotoglossum-7\" src=\"https:\/\/www.espacegraphique.com\/blog\/wp-content\/uploads\/2009\/12\/a12.09.50-150x150.jpg\" alt=\"Image 7\" width=\"150\" height=\"150\" srcset=\"https:\/\/www.espacegraphique.com\/blog\/wp-content\/uploads\/2009\/12\/a12.09.50-150x150.jpg 150w, https:\/\/www.espacegraphique.com\/blog\/wp-content\/uploads\/2009\/12\/a12.09.50-120x120.jpg 120w\" sizes=\"auto, (max-width: 150px) 100vw, 150px\" \/><\/a><figcaption id=\"caption-attachment-43\" class=\"wp-caption-text\">Image 7<\/figcaption><\/figure>\n","protected":false},"excerpt":{"rendered":"<p>Petit aper\u00e7u des photos utilis\u00e9es pour animer la floraison d&rsquo;une Orchid\u00e9e Odontoglossum en image par image. Le d\u00e9tourage \u00e9tant laborieux, une petite collerette blanche en carton suffit pour utiliser ensuite la baguette magique dans Photoshop. Un r\u00e9glage de la sensibilit\u00e9 de la baguette \u00a0(40%) permet en g\u00e9n\u00e9ral de r\u00e9cup\u00e9rer facilement une plage de couleur uniforme. &hellip; <a href=\"https:\/\/www.espacegraphique.com\/blog\/floraison-image-par-image\" class=\"more-link\">Continuer la lecture de <span class=\"screen-reader-text\">Floraison image par image<\/span>  <span class=\"meta-nav\">&rarr;<\/span><\/a><\/p>\n","protected":false},"author":1,"featured_media":0,"parent":0,"menu_order":0,"comment_status":"open","ping_status":"open","template":"","meta":{"footnotes":""},"class_list":["post-36","page","type-page","status-publish","hentry"],"aioseo_notices":[],"_links":{"self":[{"href":"https:\/\/www.espacegraphique.com\/blog\/wp-json\/wp\/v2\/pages\/36","targetHints":{"allow":["GET"]}}],"collection":[{"href":"https:\/\/www.espacegraphique.com\/blog\/wp-json\/wp\/v2\/pages"}],"about":[{"href":"https:\/\/www.espacegraphique.com\/blog\/wp-json\/wp\/v2\/types\/page"}],"author":[{"embeddable":true,"href":"https:\/\/www.espacegraphique.com\/blog\/wp-json\/wp\/v2\/users\/1"}],"replies":[{"embeddable":true,"href":"https:\/\/www.espacegraphique.com\/blog\/wp-json\/wp\/v2\/comments?post=36"}],"version-history":[{"count":10,"href":"https:\/\/www.espacegraphique.com\/blog\/wp-json\/wp\/v2\/pages\/36\/revisions"}],"predecessor-version":[{"id":3663,"href":"https:\/\/www.espacegraphique.com\/blog\/wp-json\/wp\/v2\/pages\/36\/revisions\/3663"}],"wp:attachment":[{"href":"https:\/\/www.espacegraphique.com\/blog\/wp-json\/wp\/v2\/media?parent=36"}],"curies":[{"name":"wp","href":"https:\/\/api.w.org\/{rel}","templated":true}]}}