{"id":3756,"date":"2024-11-24T12:18:54","date_gmt":"2024-11-24T10:18:54","guid":{"rendered":"https:\/\/www.espacegraphique.com\/blog\/?page_id=3756"},"modified":"2024-11-24T13:03:18","modified_gmt":"2024-11-24T11:03:18","slug":"photos-de-rubiacees","status":"publish","type":"page","link":"https:\/\/www.espacegraphique.com\/blog\/photos-de-rubiacees","title":{"rendered":"Photos de Rubiac\u00e9es"},"content":{"rendered":"\n<p><a href=\"https:\/\/www.espacegraphique.com\/rubiacees\/coffea.php\" title=\"\">Description de la famille des Rubiac\u00e9es<\/a> &gt; Photos<\/p>\n\n\n\n<p>Du caf\u00e9ier au Bouvardia en passant par le gard\u00e9nia, voici quelques photos des fleurs de la famille des Rubiac\u00e9es.<\/p>\n\n\n\n<figure class=\"wp-block-gallery has-nested-images columns-default is-cropped wp-block-gallery-1 is-layout-flex wp-block-gallery-is-layout-flex\">\n<figure class=\"wp-block-image size-large\"><a href=\"https:\/\/www.espacegraphique.com\/blog\/wp-content\/uploads\/2024\/11\/1-3.jpg\"><img loading=\"lazy\" decoding=\"async\" width=\"640\" height=\"480\" data-id=\"3758\" src=\"https:\/\/www.espacegraphique.com\/blog\/wp-content\/uploads\/2024\/11\/1-3.jpg\" alt=\"\" class=\"wp-image-3758\" srcset=\"https:\/\/www.espacegraphique.com\/blog\/wp-content\/uploads\/2024\/11\/1-3.jpg 640w, https:\/\/www.espacegraphique.com\/blog\/wp-content\/uploads\/2024\/11\/1-3-300x225.jpg 300w\" sizes=\"auto, (max-width: 640px) 100vw, 640px\" \/><\/a><figcaption class=\"wp-element-caption\">Coffea L. &#8211; Grains de caf\u00e9<\/figcaption><\/figure>\n\n\n\n<figure class=\"wp-block-image size-large\"><a href=\"https:\/\/www.espacegraphique.com\/blog\/wp-content\/uploads\/2024\/11\/12-2.jpg\"><img loading=\"lazy\" decoding=\"async\" width=\"640\" height=\"480\" data-id=\"3769\" src=\"https:\/\/www.espacegraphique.com\/blog\/wp-content\/uploads\/2024\/11\/12-2.jpg\" alt=\"\" class=\"wp-image-3769\" srcset=\"https:\/\/www.espacegraphique.com\/blog\/wp-content\/uploads\/2024\/11\/12-2.jpg 640w, https:\/\/www.espacegraphique.com\/blog\/wp-content\/uploads\/2024\/11\/12-2-300x225.jpg 300w\" sizes=\"auto, (max-width: 640px) 100vw, 640px\" \/><\/a><figcaption class=\"wp-element-caption\">Myrmecodia aff. tuberosa Rubiac\u00e9e myrm\u00e9cophile<\/figcaption><\/figure>\n\n\n\n<figure class=\"wp-block-image size-large\"><a href=\"https:\/\/www.espacegraphique.com\/blog\/wp-content\/uploads\/2024\/11\/11-2.jpg\"><img loading=\"lazy\" decoding=\"async\" width=\"640\" height=\"480\" data-id=\"3768\" src=\"https:\/\/www.espacegraphique.com\/blog\/wp-content\/uploads\/2024\/11\/11-2.jpg\" alt=\"\" class=\"wp-image-3768\" srcset=\"https:\/\/www.espacegraphique.com\/blog\/wp-content\/uploads\/2024\/11\/11-2.jpg 640w, https:\/\/www.espacegraphique.com\/blog\/wp-content\/uploads\/2024\/11\/11-2-300x225.jpg 300w\" sizes=\"auto, (max-width: 640px) 100vw, 640px\" \/><\/a><figcaption class=\"wp-element-caption\">Cinchona officinalis (Quinquina) &#8211; Arbre a\u0300 quinine<\/figcaption><\/figure>\n\n\n\n<figure class=\"wp-block-image size-large\"><a href=\"https:\/\/www.espacegraphique.com\/blog\/wp-content\/uploads\/2024\/11\/10-2.jpg\"><img loading=\"lazy\" decoding=\"async\" width=\"640\" height=\"480\" data-id=\"3767\" src=\"https:\/\/www.espacegraphique.com\/blog\/wp-content\/uploads\/2024\/11\/10-2.jpg\" alt=\"\" class=\"wp-image-3767\" srcset=\"https:\/\/www.espacegraphique.com\/blog\/wp-content\/uploads\/2024\/11\/10-2.jpg 640w, https:\/\/www.espacegraphique.com\/blog\/wp-content\/uploads\/2024\/11\/10-2-300x225.jpg 300w\" sizes=\"auto, (max-width: 640px) 100vw, 640px\" \/><\/a><figcaption class=\"wp-element-caption\">Morinda citrifloia<\/figcaption><\/figure>\n\n\n\n<figure class=\"wp-block-image size-large\"><a href=\"https:\/\/www.espacegraphique.com\/blog\/wp-content\/uploads\/2024\/11\/9-2.jpg\"><img loading=\"lazy\" decoding=\"async\" width=\"640\" height=\"480\" data-id=\"3766\" src=\"https:\/\/www.espacegraphique.com\/blog\/wp-content\/uploads\/2024\/11\/9-2.jpg\" alt=\"\" class=\"wp-image-3766\" srcset=\"https:\/\/www.espacegraphique.com\/blog\/wp-content\/uploads\/2024\/11\/9-2.jpg 640w, https:\/\/www.espacegraphique.com\/blog\/wp-content\/uploads\/2024\/11\/9-2-300x225.jpg 300w\" sizes=\"auto, (max-width: 640px) 100vw, 640px\" \/><\/a><figcaption class=\"wp-element-caption\">Emmenopterys henryi<\/figcaption><\/figure>\n\n\n\n<figure class=\"wp-block-image size-large\"><a href=\"https:\/\/www.espacegraphique.com\/blog\/wp-content\/uploads\/2024\/11\/8-3.jpg\"><img loading=\"lazy\" decoding=\"async\" width=\"640\" height=\"480\" data-id=\"3765\" src=\"https:\/\/www.espacegraphique.com\/blog\/wp-content\/uploads\/2024\/11\/8-3.jpg\" alt=\"\" class=\"wp-image-3765\" srcset=\"https:\/\/www.espacegraphique.com\/blog\/wp-content\/uploads\/2024\/11\/8-3.jpg 640w, https:\/\/www.espacegraphique.com\/blog\/wp-content\/uploads\/2024\/11\/8-3-300x225.jpg 300w\" sizes=\"auto, (max-width: 640px) 100vw, 640px\" \/><\/a><figcaption class=\"wp-element-caption\">Gardenia (Garde\u0301nia) &#8211; Blanc<\/figcaption><\/figure>\n\n\n\n<figure class=\"wp-block-image size-large\"><a href=\"https:\/\/www.espacegraphique.com\/blog\/wp-content\/uploads\/2024\/11\/7-3.jpg\"><img loading=\"lazy\" decoding=\"async\" width=\"640\" height=\"480\" data-id=\"3764\" src=\"https:\/\/www.espacegraphique.com\/blog\/wp-content\/uploads\/2024\/11\/7-3.jpg\" alt=\"\" class=\"wp-image-3764\" srcset=\"https:\/\/www.espacegraphique.com\/blog\/wp-content\/uploads\/2024\/11\/7-3.jpg 640w, https:\/\/www.espacegraphique.com\/blog\/wp-content\/uploads\/2024\/11\/7-3-300x225.jpg 300w\" sizes=\"auto, (max-width: 640px) 100vw, 640px\" \/><\/a><figcaption class=\"wp-element-caption\">Gardenia (Garde\u0301nia) &#8211; Ouverture<\/figcaption><\/figure>\n\n\n\n<figure class=\"wp-block-image size-large\"><a href=\"https:\/\/www.espacegraphique.com\/blog\/wp-content\/uploads\/2024\/11\/6-3.jpg\"><img loading=\"lazy\" decoding=\"async\" width=\"640\" height=\"480\" data-id=\"3763\" src=\"https:\/\/www.espacegraphique.com\/blog\/wp-content\/uploads\/2024\/11\/6-3.jpg\" alt=\"\" class=\"wp-image-3763\" srcset=\"https:\/\/www.espacegraphique.com\/blog\/wp-content\/uploads\/2024\/11\/6-3.jpg 640w, https:\/\/www.espacegraphique.com\/blog\/wp-content\/uploads\/2024\/11\/6-3-300x225.jpg 300w\" sizes=\"auto, (max-width: 640px) 100vw, 640px\" \/><\/a><figcaption class=\"wp-element-caption\">Galium aparine L. (Gaillet gratteron)<\/figcaption><\/figure>\n\n\n\n<figure class=\"wp-block-image size-large\"><a href=\"https:\/\/www.espacegraphique.com\/blog\/wp-content\/uploads\/2024\/11\/5-3.jpg\"><img loading=\"lazy\" decoding=\"async\" width=\"640\" height=\"480\" data-id=\"3762\" src=\"https:\/\/www.espacegraphique.com\/blog\/wp-content\/uploads\/2024\/11\/5-3.jpg\" alt=\"\" class=\"wp-image-3762\" srcset=\"https:\/\/www.espacegraphique.com\/blog\/wp-content\/uploads\/2024\/11\/5-3.jpg 640w, https:\/\/www.espacegraphique.com\/blog\/wp-content\/uploads\/2024\/11\/5-3-300x225.jpg 300w\" sizes=\"auto, (max-width: 640px) 100vw, 640px\" \/><\/a><figcaption class=\"wp-element-caption\">Bouvardia &#8211; 3, 4, 5, 6 lobes<\/figcaption><\/figure>\n\n\n\n<figure class=\"wp-block-image size-large\"><a href=\"https:\/\/www.espacegraphique.com\/blog\/wp-content\/uploads\/2024\/11\/4-3.jpg\"><img loading=\"lazy\" decoding=\"async\" width=\"640\" height=\"480\" data-id=\"3761\" src=\"https:\/\/www.espacegraphique.com\/blog\/wp-content\/uploads\/2024\/11\/4-3.jpg\" alt=\"\" class=\"wp-image-3761\" srcset=\"https:\/\/www.espacegraphique.com\/blog\/wp-content\/uploads\/2024\/11\/4-3.jpg 640w, https:\/\/www.espacegraphique.com\/blog\/wp-content\/uploads\/2024\/11\/4-3-300x225.jpg 300w\" sizes=\"auto, (max-width: 640px) 100vw, 640px\" \/><\/a><figcaption class=\"wp-element-caption\">Bouvardia double<\/figcaption><\/figure>\n\n\n\n<figure class=\"wp-block-image size-large\"><a href=\"https:\/\/www.espacegraphique.com\/blog\/wp-content\/uploads\/2024\/11\/3-3.jpg\"><img loading=\"lazy\" decoding=\"async\" width=\"640\" height=\"480\" data-id=\"3760\" src=\"https:\/\/www.espacegraphique.com\/blog\/wp-content\/uploads\/2024\/11\/3-3.jpg\" alt=\"\" class=\"wp-image-3760\" srcset=\"https:\/\/www.espacegraphique.com\/blog\/wp-content\/uploads\/2024\/11\/3-3.jpg 640w, https:\/\/www.espacegraphique.com\/blog\/wp-content\/uploads\/2024\/11\/3-3-300x225.jpg 300w\" sizes=\"auto, (max-width: 640px) 100vw, 640px\" \/><\/a><figcaption class=\"wp-element-caption\">Coffea (Cafe\u0301ier) &#8211; Fruit<\/figcaption><\/figure>\n\n\n\n<figure class=\"wp-block-image size-large\"><a href=\"https:\/\/www.espacegraphique.com\/blog\/wp-content\/uploads\/2024\/11\/2-3.jpg\"><img loading=\"lazy\" decoding=\"async\" width=\"640\" height=\"480\" data-id=\"3759\" src=\"https:\/\/www.espacegraphique.com\/blog\/wp-content\/uploads\/2024\/11\/2-3.jpg\" alt=\"\" class=\"wp-image-3759\" srcset=\"https:\/\/www.espacegraphique.com\/blog\/wp-content\/uploads\/2024\/11\/2-3.jpg 640w, https:\/\/www.espacegraphique.com\/blog\/wp-content\/uploads\/2024\/11\/2-3-300x225.jpg 300w\" sizes=\"auto, (max-width: 640px) 100vw, 640px\" \/><\/a><figcaption class=\"wp-element-caption\">Coffea (Cafe\u0301ier) &#8211; Feuilles<\/figcaption><\/figure>\n<\/figure>\n","protected":false},"excerpt":{"rendered":"<p>Description de la famille des Rubiac\u00e9es &gt; Photos Du caf\u00e9ier au Bouvardia en passant par le gard\u00e9nia, voici quelques photos des fleurs de la famille des Rubiac\u00e9es.<\/p>\n","protected":false},"author":1,"featured_media":0,"parent":0,"menu_order":0,"comment_status":"closed","ping_status":"closed","template":"","meta":{"footnotes":""},"class_list":["post-3756","page","type-page","status-publish","hentry"],"aioseo_notices":[],"_links":{"self":[{"href":"https:\/\/www.espacegraphique.com\/blog\/wp-json\/wp\/v2\/pages\/3756","targetHints":{"allow":["GET"]}}],"collection":[{"href":"https:\/\/www.espacegraphique.com\/blog\/wp-json\/wp\/v2\/pages"}],"about":[{"href":"https:\/\/www.espacegraphique.com\/blog\/wp-json\/wp\/v2\/types\/page"}],"author":[{"embeddable":true,"href":"https:\/\/www.espacegraphique.com\/blog\/wp-json\/wp\/v2\/users\/1"}],"replies":[{"embeddable":true,"href":"https:\/\/www.espacegraphique.com\/blog\/wp-json\/wp\/v2\/comments?post=3756"}],"version-history":[{"count":4,"href":"https:\/\/www.espacegraphique.com\/blog\/wp-json\/wp\/v2\/pages\/3756\/revisions"}],"predecessor-version":[{"id":3775,"href":"https:\/\/www.espacegraphique.com\/blog\/wp-json\/wp\/v2\/pages\/3756\/revisions\/3775"}],"wp:attachment":[{"href":"https:\/\/www.espacegraphique.com\/blog\/wp-json\/wp\/v2\/media?parent=3756"}],"curies":[{"name":"wp","href":"https:\/\/api.w.org\/{rel}","templated":true}]}}