{"id":3909,"date":"2024-11-26T18:15:30","date_gmt":"2024-11-26T16:15:30","guid":{"rendered":"https:\/\/www.espacegraphique.com\/blog\/?page_id=3909"},"modified":"2024-11-26T18:47:54","modified_gmt":"2024-11-26T16:47:54","slug":"photos-de-poacees","status":"publish","type":"page","link":"https:\/\/www.espacegraphique.com\/blog\/photos-de-poacees","title":{"rendered":"Photos de Poac\u00e9es"},"content":{"rendered":"\n<p><a href=\"https:\/\/www.espacegraphique.com\/poacees\/bambous.php\" title=\"\">Famille des Poac\u00e9es <\/a>&gt; Photos<\/p>\n\n\n\n<p>Les c\u00e9r\u00e9ales : de la culture du Bl\u00e9 au Miscanthus, d\u00e9couvrez quelques photos de Poac\u00e9es.<\/p>\n\n\n\n<figure class=\"wp-block-gallery has-nested-images columns-default is-cropped wp-block-gallery-1 is-layout-flex wp-block-gallery-is-layout-flex\">\n<figure class=\"wp-block-image size-large\"><a href=\"https:\/\/www.espacegraphique.com\/blog\/wp-content\/uploads\/2024\/11\/18-4.jpg\"><img loading=\"lazy\" decoding=\"async\" width=\"640\" height=\"480\" data-id=\"3928\" src=\"https:\/\/www.espacegraphique.com\/blog\/wp-content\/uploads\/2024\/11\/18-4.jpg\" alt=\"\" class=\"wp-image-3928\" srcset=\"https:\/\/www.espacegraphique.com\/blog\/wp-content\/uploads\/2024\/11\/18-4.jpg 640w, https:\/\/www.espacegraphique.com\/blog\/wp-content\/uploads\/2024\/11\/18-4-300x225.jpg 300w\" sizes=\"auto, (max-width: 640px) 100vw, 640px\" \/><\/a><figcaption class=\"wp-element-caption\">Dactylis glomerata (Dactyle pelotonn\u00e9)<\/figcaption><\/figure>\n\n\n\n<figure class=\"wp-block-image size-large\"><a href=\"https:\/\/www.espacegraphique.com\/blog\/wp-content\/uploads\/2024\/11\/17-4.jpg\"><img loading=\"lazy\" decoding=\"async\" width=\"640\" height=\"480\" data-id=\"3927\" src=\"https:\/\/www.espacegraphique.com\/blog\/wp-content\/uploads\/2024\/11\/17-4.jpg\" alt=\"\" class=\"wp-image-3927\" srcset=\"https:\/\/www.espacegraphique.com\/blog\/wp-content\/uploads\/2024\/11\/17-4.jpg 640w, https:\/\/www.espacegraphique.com\/blog\/wp-content\/uploads\/2024\/11\/17-4-300x225.jpg 300w\" sizes=\"auto, (max-width: 640px) 100vw, 640px\" \/><\/a><figcaption class=\"wp-element-caption\">Avena (Avoine) &#8211; vert<\/figcaption><\/figure>\n\n\n\n<figure class=\"wp-block-image size-large\"><a href=\"https:\/\/www.espacegraphique.com\/blog\/wp-content\/uploads\/2024\/11\/16-4.jpg\"><img loading=\"lazy\" decoding=\"async\" width=\"640\" height=\"480\" data-id=\"3926\" src=\"https:\/\/www.espacegraphique.com\/blog\/wp-content\/uploads\/2024\/11\/16-4.jpg\" alt=\"\" class=\"wp-image-3926\" srcset=\"https:\/\/www.espacegraphique.com\/blog\/wp-content\/uploads\/2024\/11\/16-4.jpg 640w, https:\/\/www.espacegraphique.com\/blog\/wp-content\/uploads\/2024\/11\/16-4-300x225.jpg 300w\" sizes=\"auto, (max-width: 640px) 100vw, 640px\" \/><\/a><figcaption class=\"wp-element-caption\">Miscanthus sinensis (Roseau de Chine)<\/figcaption><\/figure>\n\n\n\n<figure class=\"wp-block-image size-large\"><a href=\"https:\/\/www.espacegraphique.com\/blog\/wp-content\/uploads\/2024\/11\/15-4.jpg\"><img loading=\"lazy\" decoding=\"async\" width=\"640\" height=\"480\" data-id=\"3925\" src=\"https:\/\/www.espacegraphique.com\/blog\/wp-content\/uploads\/2024\/11\/15-4.jpg\" alt=\"\" class=\"wp-image-3925\" srcset=\"https:\/\/www.espacegraphique.com\/blog\/wp-content\/uploads\/2024\/11\/15-4.jpg 640w, https:\/\/www.espacegraphique.com\/blog\/wp-content\/uploads\/2024\/11\/15-4-300x225.jpg 300w\" sizes=\"auto, (max-width: 640px) 100vw, 640px\" \/><\/a><figcaption class=\"wp-element-caption\">Miscanthus sinensis (Roseau de Chine) &#8211; Panache\u0301e<\/figcaption><\/figure>\n\n\n\n<figure class=\"wp-block-image size-large\"><a href=\"https:\/\/www.espacegraphique.com\/blog\/wp-content\/uploads\/2024\/11\/14-5.jpg\"><img loading=\"lazy\" decoding=\"async\" width=\"640\" height=\"480\" data-id=\"3924\" src=\"https:\/\/www.espacegraphique.com\/blog\/wp-content\/uploads\/2024\/11\/14-5.jpg\" alt=\"\" class=\"wp-image-3924\" srcset=\"https:\/\/www.espacegraphique.com\/blog\/wp-content\/uploads\/2024\/11\/14-5.jpg 640w, https:\/\/www.espacegraphique.com\/blog\/wp-content\/uploads\/2024\/11\/14-5-300x225.jpg 300w\" sizes=\"auto, (max-width: 640px) 100vw, 640px\" \/><\/a><figcaption class=\"wp-element-caption\">Miscanthus sinensis (Roseau de Chine) &#8211; Feuilles Panache\u0301es<\/figcaption><\/figure>\n\n\n\n<figure class=\"wp-block-image size-large\"><a href=\"https:\/\/www.espacegraphique.com\/blog\/wp-content\/uploads\/2024\/11\/13-5.jpg\"><img loading=\"lazy\" decoding=\"async\" width=\"640\" height=\"480\" data-id=\"3923\" src=\"https:\/\/www.espacegraphique.com\/blog\/wp-content\/uploads\/2024\/11\/13-5.jpg\" alt=\"\" class=\"wp-image-3923\" srcset=\"https:\/\/www.espacegraphique.com\/blog\/wp-content\/uploads\/2024\/11\/13-5.jpg 640w, https:\/\/www.espacegraphique.com\/blog\/wp-content\/uploads\/2024\/11\/13-5-300x225.jpg 300w\" sizes=\"auto, (max-width: 640px) 100vw, 640px\" \/><\/a><figcaption class=\"wp-element-caption\">Zea mays (Mai\u0308s) &#8211; Grains<\/figcaption><\/figure>\n\n\n\n<figure class=\"wp-block-image size-large\"><a href=\"https:\/\/www.espacegraphique.com\/blog\/wp-content\/uploads\/2024\/11\/12-6.jpg\"><img loading=\"lazy\" decoding=\"async\" width=\"480\" height=\"640\" data-id=\"3922\" src=\"https:\/\/www.espacegraphique.com\/blog\/wp-content\/uploads\/2024\/11\/12-6.jpg\" alt=\"\" class=\"wp-image-3922\" srcset=\"https:\/\/www.espacegraphique.com\/blog\/wp-content\/uploads\/2024\/11\/12-6.jpg 480w, https:\/\/www.espacegraphique.com\/blog\/wp-content\/uploads\/2024\/11\/12-6-225x300.jpg 225w\" sizes=\"auto, (max-width: 480px) 100vw, 480px\" \/><\/a><figcaption class=\"wp-element-caption\">Zea mays (Mai\u0308s) &#8211; Epis femelle<\/figcaption><\/figure>\n\n\n\n<figure class=\"wp-block-image size-large\"><a href=\"https:\/\/www.espacegraphique.com\/blog\/wp-content\/uploads\/2024\/11\/11-7.jpg\"><img loading=\"lazy\" decoding=\"async\" width=\"640\" height=\"480\" data-id=\"3921\" src=\"https:\/\/www.espacegraphique.com\/blog\/wp-content\/uploads\/2024\/11\/11-7.jpg\" alt=\"\" class=\"wp-image-3921\" srcset=\"https:\/\/www.espacegraphique.com\/blog\/wp-content\/uploads\/2024\/11\/11-7.jpg 640w, https:\/\/www.espacegraphique.com\/blog\/wp-content\/uploads\/2024\/11\/11-7-300x225.jpg 300w\" sizes=\"auto, (max-width: 640px) 100vw, 640px\" \/><\/a><figcaption class=\"wp-element-caption\">Zea mays (Mai\u0308s) &#8211; Champ<\/figcaption><\/figure>\n\n\n\n<figure class=\"wp-block-image size-large\"><a href=\"https:\/\/www.espacegraphique.com\/blog\/wp-content\/uploads\/2024\/11\/10-7.jpg\"><img loading=\"lazy\" decoding=\"async\" width=\"640\" height=\"480\" data-id=\"3920\" src=\"https:\/\/www.espacegraphique.com\/blog\/wp-content\/uploads\/2024\/11\/10-7.jpg\" alt=\"\" class=\"wp-image-3920\" srcset=\"https:\/\/www.espacegraphique.com\/blog\/wp-content\/uploads\/2024\/11\/10-7.jpg 640w, https:\/\/www.espacegraphique.com\/blog\/wp-content\/uploads\/2024\/11\/10-7-300x225.jpg 300w\" sizes=\"auto, (max-width: 640px) 100vw, 640px\" \/><\/a><figcaption class=\"wp-element-caption\">Zea mays (Mai\u0308s) &#8211; Panicule<\/figcaption><\/figure>\n\n\n\n<figure class=\"wp-block-image size-large\"><a href=\"https:\/\/www.espacegraphique.com\/blog\/wp-content\/uploads\/2024\/11\/9-8.jpg\"><img loading=\"lazy\" decoding=\"async\" width=\"640\" height=\"480\" data-id=\"3919\" src=\"https:\/\/www.espacegraphique.com\/blog\/wp-content\/uploads\/2024\/11\/9-8.jpg\" alt=\"\" class=\"wp-image-3919\" srcset=\"https:\/\/www.espacegraphique.com\/blog\/wp-content\/uploads\/2024\/11\/9-8.jpg 640w, https:\/\/www.espacegraphique.com\/blog\/wp-content\/uploads\/2024\/11\/9-8-300x225.jpg 300w\" sizes=\"auto, (max-width: 640px) 100vw, 640px\" \/><\/a><figcaption class=\"wp-element-caption\">Triticum (Ble\u0301) &#8211; Epis<\/figcaption><\/figure>\n\n\n\n<figure class=\"wp-block-image size-large\"><a href=\"https:\/\/www.espacegraphique.com\/blog\/wp-content\/uploads\/2024\/11\/8-8.jpg\"><img loading=\"lazy\" decoding=\"async\" width=\"640\" height=\"480\" data-id=\"3918\" src=\"https:\/\/www.espacegraphique.com\/blog\/wp-content\/uploads\/2024\/11\/8-8.jpg\" alt=\"\" class=\"wp-image-3918\" srcset=\"https:\/\/www.espacegraphique.com\/blog\/wp-content\/uploads\/2024\/11\/8-8.jpg 640w, https:\/\/www.espacegraphique.com\/blog\/wp-content\/uploads\/2024\/11\/8-8-300x225.jpg 300w\" sizes=\"auto, (max-width: 640px) 100vw, 640px\" \/><\/a><figcaption class=\"wp-element-caption\">Rouleaux de paille<\/figcaption><\/figure>\n\n\n\n<figure class=\"wp-block-image size-large\"><a href=\"https:\/\/www.espacegraphique.com\/blog\/wp-content\/uploads\/2024\/11\/7-10.jpg\"><img loading=\"lazy\" decoding=\"async\" width=\"640\" height=\"480\" data-id=\"3917\" src=\"https:\/\/www.espacegraphique.com\/blog\/wp-content\/uploads\/2024\/11\/7-10.jpg\" alt=\"\" class=\"wp-image-3917\" srcset=\"https:\/\/www.espacegraphique.com\/blog\/wp-content\/uploads\/2024\/11\/7-10.jpg 640w, https:\/\/www.espacegraphique.com\/blog\/wp-content\/uploads\/2024\/11\/7-10-300x225.jpg 300w\" sizes=\"auto, (max-width: 640px) 100vw, 640px\" \/><\/a><figcaption class=\"wp-element-caption\">Ble\u0301 (Triticum) &#8211; Champ<\/figcaption><\/figure>\n\n\n\n<figure class=\"wp-block-image size-large\"><a href=\"https:\/\/www.espacegraphique.com\/blog\/wp-content\/uploads\/2024\/11\/6-10.jpg\"><img loading=\"lazy\" decoding=\"async\" width=\"640\" height=\"480\" data-id=\"3916\" src=\"https:\/\/www.espacegraphique.com\/blog\/wp-content\/uploads\/2024\/11\/6-10.jpg\" alt=\"\" class=\"wp-image-3916\" srcset=\"https:\/\/www.espacegraphique.com\/blog\/wp-content\/uploads\/2024\/11\/6-10.jpg 640w, https:\/\/www.espacegraphique.com\/blog\/wp-content\/uploads\/2024\/11\/6-10-300x225.jpg 300w\" sizes=\"auto, (max-width: 640px) 100vw, 640px\" \/><\/a><figcaption class=\"wp-element-caption\">Triticum (Ble\u0301) &#8211; Vert<\/figcaption><\/figure>\n\n\n\n<figure class=\"wp-block-image size-large\"><a href=\"https:\/\/www.espacegraphique.com\/blog\/wp-content\/uploads\/2024\/11\/5-10.jpg\"><img loading=\"lazy\" decoding=\"async\" width=\"640\" height=\"480\" data-id=\"3915\" src=\"https:\/\/www.espacegraphique.com\/blog\/wp-content\/uploads\/2024\/11\/5-10.jpg\" alt=\"\" class=\"wp-image-3915\" srcset=\"https:\/\/www.espacegraphique.com\/blog\/wp-content\/uploads\/2024\/11\/5-10.jpg 640w, https:\/\/www.espacegraphique.com\/blog\/wp-content\/uploads\/2024\/11\/5-10-300x225.jpg 300w\" sizes=\"auto, (max-width: 640px) 100vw, 640px\" \/><\/a><figcaption class=\"wp-element-caption\">Triticum (Ble\u0301) &#8211; Champ<\/figcaption><\/figure>\n\n\n\n<figure class=\"wp-block-image size-large\"><a href=\"https:\/\/www.espacegraphique.com\/blog\/wp-content\/uploads\/2024\/11\/4-10.jpg\"><img loading=\"lazy\" decoding=\"async\" width=\"640\" height=\"480\" data-id=\"3914\" src=\"https:\/\/www.espacegraphique.com\/blog\/wp-content\/uploads\/2024\/11\/4-10.jpg\" alt=\"\" class=\"wp-image-3914\" srcset=\"https:\/\/www.espacegraphique.com\/blog\/wp-content\/uploads\/2024\/11\/4-10.jpg 640w, https:\/\/www.espacegraphique.com\/blog\/wp-content\/uploads\/2024\/11\/4-10-300x225.jpg 300w\" sizes=\"auto, (max-width: 640px) 100vw, 640px\" \/><\/a><figcaption class=\"wp-element-caption\">Saccharum (Canne a\u0300 sucre)<\/figcaption><\/figure>\n\n\n\n<figure class=\"wp-block-image size-large\"><a href=\"https:\/\/www.espacegraphique.com\/blog\/wp-content\/uploads\/2024\/11\/3-9.jpg\"><img loading=\"lazy\" decoding=\"async\" width=\"480\" height=\"640\" data-id=\"3913\" src=\"https:\/\/www.espacegraphique.com\/blog\/wp-content\/uploads\/2024\/11\/3-9.jpg\" alt=\"\" class=\"wp-image-3913\" srcset=\"https:\/\/www.espacegraphique.com\/blog\/wp-content\/uploads\/2024\/11\/3-9.jpg 480w, https:\/\/www.espacegraphique.com\/blog\/wp-content\/uploads\/2024\/11\/3-9-225x300.jpg 225w\" sizes=\"auto, (max-width: 480px) 100vw, 480px\" \/><\/a><figcaption class=\"wp-element-caption\">Saccharum (Canne a\u0300 sucre) &#8211; Verte<\/figcaption><\/figure>\n\n\n\n<figure class=\"wp-block-image size-large\"><a href=\"https:\/\/www.espacegraphique.com\/blog\/wp-content\/uploads\/2024\/11\/2-10.jpg\"><img loading=\"lazy\" decoding=\"async\" width=\"480\" height=\"640\" data-id=\"3912\" src=\"https:\/\/www.espacegraphique.com\/blog\/wp-content\/uploads\/2024\/11\/2-10.jpg\" alt=\"\" class=\"wp-image-3912\" srcset=\"https:\/\/www.espacegraphique.com\/blog\/wp-content\/uploads\/2024\/11\/2-10.jpg 480w, https:\/\/www.espacegraphique.com\/blog\/wp-content\/uploads\/2024\/11\/2-10-225x300.jpg 225w\" sizes=\"auto, (max-width: 480px) 100vw, 480px\" \/><\/a><figcaption class=\"wp-element-caption\">Saccharum (Canne a\u0300 sucre) &#8211; Feuilles<\/figcaption><\/figure>\n\n\n\n<figure class=\"wp-block-image size-large\"><a href=\"https:\/\/www.espacegraphique.com\/blog\/wp-content\/uploads\/2024\/11\/1-10.jpg\"><img loading=\"lazy\" decoding=\"async\" width=\"640\" height=\"480\" data-id=\"3911\" src=\"https:\/\/www.espacegraphique.com\/blog\/wp-content\/uploads\/2024\/11\/1-10.jpg\" alt=\"\" class=\"wp-image-3911\" srcset=\"https:\/\/www.espacegraphique.com\/blog\/wp-content\/uploads\/2024\/11\/1-10.jpg 640w, https:\/\/www.espacegraphique.com\/blog\/wp-content\/uploads\/2024\/11\/1-10-300x225.jpg 300w\" sizes=\"auto, (max-width: 640px) 100vw, 640px\" \/><\/a><figcaption class=\"wp-element-caption\">Phragmites australis (Roseau commun) &#8211; Plumeau<\/figcaption><\/figure>\n\n\n\n<figure class=\"wp-block-image size-large\"><a href=\"https:\/\/www.espacegraphique.com\/blog\/wp-content\/uploads\/2024\/11\/11-8.jpg\"><img loading=\"lazy\" decoding=\"async\" width=\"480\" height=\"640\" data-id=\"3941\" src=\"https:\/\/www.espacegraphique.com\/blog\/wp-content\/uploads\/2024\/11\/11-8.jpg\" alt=\"\" class=\"wp-image-3941\" srcset=\"https:\/\/www.espacegraphique.com\/blog\/wp-content\/uploads\/2024\/11\/11-8.jpg 480w, https:\/\/www.espacegraphique.com\/blog\/wp-content\/uploads\/2024\/11\/11-8-225x300.jpg 225w\" sizes=\"auto, (max-width: 480px) 100vw, 480px\" \/><\/a><figcaption class=\"wp-element-caption\">Bambusa tuldoides (Bambou) &#8211; Sec<\/figcaption><\/figure>\n\n\n\n<figure class=\"wp-block-image size-large\"><a href=\"https:\/\/www.espacegraphique.com\/blog\/wp-content\/uploads\/2024\/11\/10-8.jpg\"><img loading=\"lazy\" decoding=\"async\" width=\"640\" height=\"480\" data-id=\"3940\" src=\"https:\/\/www.espacegraphique.com\/blog\/wp-content\/uploads\/2024\/11\/10-8.jpg\" alt=\"\" class=\"wp-image-3940\" srcset=\"https:\/\/www.espacegraphique.com\/blog\/wp-content\/uploads\/2024\/11\/10-8.jpg 640w, https:\/\/www.espacegraphique.com\/blog\/wp-content\/uploads\/2024\/11\/10-8-300x225.jpg 300w\" sizes=\"auto, (max-width: 640px) 100vw, 640px\" \/><\/a><figcaption class=\"wp-element-caption\">Sasa palmata (Bambou palme\u0301) &#8211; Feuilles<\/figcaption><\/figure>\n\n\n\n<figure class=\"wp-block-image size-large\"><a href=\"https:\/\/www.espacegraphique.com\/blog\/wp-content\/uploads\/2024\/11\/9-9.jpg\"><img loading=\"lazy\" decoding=\"async\" width=\"480\" height=\"640\" data-id=\"3939\" src=\"https:\/\/www.espacegraphique.com\/blog\/wp-content\/uploads\/2024\/11\/9-9.jpg\" alt=\"\" class=\"wp-image-3939\" srcset=\"https:\/\/www.espacegraphique.com\/blog\/wp-content\/uploads\/2024\/11\/9-9.jpg 480w, https:\/\/www.espacegraphique.com\/blog\/wp-content\/uploads\/2024\/11\/9-9-225x300.jpg 225w\" sizes=\"auto, (max-width: 480px) 100vw, 480px\" \/><\/a><figcaption class=\"wp-element-caption\">Phyllostachys aureosulcata (Bambou Jaune) &#8211; Chaume<\/figcaption><\/figure>\n\n\n\n<figure class=\"wp-block-image size-large\"><a href=\"https:\/\/www.espacegraphique.com\/blog\/wp-content\/uploads\/2024\/11\/8-9.jpg\"><img loading=\"lazy\" decoding=\"async\" width=\"640\" height=\"480\" data-id=\"3938\" src=\"https:\/\/www.espacegraphique.com\/blog\/wp-content\/uploads\/2024\/11\/8-9.jpg\" alt=\"\" class=\"wp-image-3938\" srcset=\"https:\/\/www.espacegraphique.com\/blog\/wp-content\/uploads\/2024\/11\/8-9.jpg 640w, https:\/\/www.espacegraphique.com\/blog\/wp-content\/uploads\/2024\/11\/8-9-300x225.jpg 300w\" sizes=\"auto, (max-width: 640px) 100vw, 640px\" \/><\/a><figcaption class=\"wp-element-caption\">Phyllostachys aureosulcata (Bambou Jaune) &#8211; Feuilles<\/figcaption><\/figure>\n\n\n\n<figure class=\"wp-block-image size-large\"><a href=\"https:\/\/www.espacegraphique.com\/blog\/wp-content\/uploads\/2024\/11\/7-11.jpg\"><img loading=\"lazy\" decoding=\"async\" width=\"640\" height=\"480\" data-id=\"3937\" src=\"https:\/\/www.espacegraphique.com\/blog\/wp-content\/uploads\/2024\/11\/7-11.jpg\" alt=\"\" class=\"wp-image-3937\" srcset=\"https:\/\/www.espacegraphique.com\/blog\/wp-content\/uploads\/2024\/11\/7-11.jpg 640w, https:\/\/www.espacegraphique.com\/blog\/wp-content\/uploads\/2024\/11\/7-11-300x225.jpg 300w\" sizes=\"auto, (max-width: 640px) 100vw, 640px\" \/><\/a><figcaption class=\"wp-element-caption\">Phyllostachys (Bambou) &#8211; Turions<\/figcaption><\/figure>\n\n\n\n<figure class=\"wp-block-image size-large\"><a href=\"https:\/\/www.espacegraphique.com\/blog\/wp-content\/uploads\/2024\/11\/5-11.jpg\"><img loading=\"lazy\" decoding=\"async\" width=\"640\" height=\"480\" data-id=\"3935\" src=\"https:\/\/www.espacegraphique.com\/blog\/wp-content\/uploads\/2024\/11\/5-11.jpg\" alt=\"\" class=\"wp-image-3935\" srcset=\"https:\/\/www.espacegraphique.com\/blog\/wp-content\/uploads\/2024\/11\/5-11.jpg 640w, https:\/\/www.espacegraphique.com\/blog\/wp-content\/uploads\/2024\/11\/5-11-300x225.jpg 300w\" sizes=\"auto, (max-width: 640px) 100vw, 640px\" \/><\/a><figcaption class=\"wp-element-caption\">Phyllostachys (Bambou) &#8211; Sous la neige<\/figcaption><\/figure>\n\n\n\n<figure class=\"wp-block-image size-large\"><a href=\"https:\/\/www.espacegraphique.com\/blog\/wp-content\/uploads\/2024\/11\/4-11.jpg\"><img loading=\"lazy\" decoding=\"async\" width=\"640\" height=\"480\" data-id=\"3934\" src=\"https:\/\/www.espacegraphique.com\/blog\/wp-content\/uploads\/2024\/11\/4-11.jpg\" alt=\"\" class=\"wp-image-3934\" srcset=\"https:\/\/www.espacegraphique.com\/blog\/wp-content\/uploads\/2024\/11\/4-11.jpg 640w, https:\/\/www.espacegraphique.com\/blog\/wp-content\/uploads\/2024\/11\/4-11-300x225.jpg 300w\" sizes=\"auto, (max-width: 640px) 100vw, 640px\" \/><\/a><figcaption class=\"wp-element-caption\">Phyllostachys (Bambou) &#8211; Fleur Macro<\/figcaption><\/figure>\n\n\n\n<figure class=\"wp-block-image size-large\"><a href=\"https:\/\/www.espacegraphique.com\/blog\/wp-content\/uploads\/2024\/11\/3-10.jpg\"><img loading=\"lazy\" decoding=\"async\" width=\"640\" height=\"480\" data-id=\"3933\" src=\"https:\/\/www.espacegraphique.com\/blog\/wp-content\/uploads\/2024\/11\/3-10.jpg\" alt=\"\" class=\"wp-image-3933\" srcset=\"https:\/\/www.espacegraphique.com\/blog\/wp-content\/uploads\/2024\/11\/3-10.jpg 640w, https:\/\/www.espacegraphique.com\/blog\/wp-content\/uploads\/2024\/11\/3-10-300x225.jpg 300w\" sizes=\"auto, (max-width: 640px) 100vw, 640px\" \/><\/a><figcaption class=\"wp-element-caption\">Phyllostachys (Bambou) &#8211; Chaumes en fleur<\/figcaption><\/figure>\n\n\n\n<figure class=\"wp-block-image size-large\"><a href=\"https:\/\/www.espacegraphique.com\/blog\/wp-content\/uploads\/2024\/11\/2-11.jpg\"><img loading=\"lazy\" decoding=\"async\" width=\"640\" height=\"480\" data-id=\"3932\" src=\"https:\/\/www.espacegraphique.com\/blog\/wp-content\/uploads\/2024\/11\/2-11.jpg\" alt=\"\" class=\"wp-image-3932\" srcset=\"https:\/\/www.espacegraphique.com\/blog\/wp-content\/uploads\/2024\/11\/2-11.jpg 640w, https:\/\/www.espacegraphique.com\/blog\/wp-content\/uploads\/2024\/11\/2-11-300x225.jpg 300w\" sizes=\"auto, (max-width: 640px) 100vw, 640px\" \/><\/a><figcaption class=\"wp-element-caption\">Phyllostachys (Bambou) &#8211; Lisie\u0300re<\/figcaption><\/figure>\n\n\n\n<figure class=\"wp-block-image size-large\"><a href=\"https:\/\/www.espacegraphique.com\/blog\/wp-content\/uploads\/2024\/11\/1-11.jpg\"><img loading=\"lazy\" decoding=\"async\" width=\"480\" height=\"640\" data-id=\"3931\" src=\"https:\/\/www.espacegraphique.com\/blog\/wp-content\/uploads\/2024\/11\/1-11.jpg\" alt=\"\" class=\"wp-image-3931\" srcset=\"https:\/\/www.espacegraphique.com\/blog\/wp-content\/uploads\/2024\/11\/1-11.jpg 480w, https:\/\/www.espacegraphique.com\/blog\/wp-content\/uploads\/2024\/11\/1-11-225x300.jpg 225w\" sizes=\"auto, (max-width: 480px) 100vw, 480px\" \/><\/a><figcaption class=\"wp-element-caption\">Phyllostachys (Bambou) &#8211; Fore\u0302t de bambous<\/figcaption><\/figure>\n<\/figure>\n","protected":false},"excerpt":{"rendered":"<p>Famille des Poac\u00e9es &gt; Photos Les c\u00e9r\u00e9ales : de la culture du Bl\u00e9 au Miscanthus, d\u00e9couvrez quelques photos de Poac\u00e9es.<\/p>\n","protected":false},"author":1,"featured_media":0,"parent":0,"menu_order":0,"comment_status":"closed","ping_status":"closed","template":"","meta":{"footnotes":""},"class_list":["post-3909","page","type-page","status-publish","hentry"],"aioseo_notices":[],"_links":{"self":[{"href":"https:\/\/www.espacegraphique.com\/blog\/wp-json\/wp\/v2\/pages\/3909","targetHints":{"allow":["GET"]}}],"collection":[{"href":"https:\/\/www.espacegraphique.com\/blog\/wp-json\/wp\/v2\/pages"}],"about":[{"href":"https:\/\/www.espacegraphique.com\/blog\/wp-json\/wp\/v2\/types\/page"}],"author":[{"embeddable":true,"href":"https:\/\/www.espacegraphique.com\/blog\/wp-json\/wp\/v2\/users\/1"}],"replies":[{"embeddable":true,"href":"https:\/\/www.espacegraphique.com\/blog\/wp-json\/wp\/v2\/comments?post=3909"}],"version-history":[{"count":3,"href":"https:\/\/www.espacegraphique.com\/blog\/wp-json\/wp\/v2\/pages\/3909\/revisions"}],"predecessor-version":[{"id":3943,"href":"https:\/\/www.espacegraphique.com\/blog\/wp-json\/wp\/v2\/pages\/3909\/revisions\/3943"}],"wp:attachment":[{"href":"https:\/\/www.espacegraphique.com\/blog\/wp-json\/wp\/v2\/media?parent=3909"}],"curies":[{"name":"wp","href":"https:\/\/api.w.org\/{rel}","templated":true}]}}