{"id":4183,"date":"2024-12-01T12:50:32","date_gmt":"2024-12-01T10:50:32","guid":{"rendered":"https:\/\/www.espacegraphique.com\/blog\/?page_id=4183"},"modified":"2024-12-01T14:44:17","modified_gmt":"2024-12-01T12:44:17","slug":"photos-de-malvacees","status":"publish","type":"page","link":"https:\/\/www.espacegraphique.com\/blog\/photos-de-malvacees","title":{"rendered":"Photos de Malvac\u00e9es"},"content":{"rendered":"\n<p><a href=\"https:\/\/www.espacegraphique.com\/malvacees\/lavatera.php\" title=\"\">Famille des Malvac\u00e9es<\/a> &gt; Photos<\/p>\n\n\n\n<p>De l&rsquo;Hibiscus au Baobab, voici une galerie photo de fleurs et fruits des Malvac\u00e9es (Malvaceae).<\/p>\n\n\n\n<figure class=\"wp-block-gallery has-nested-images columns-default is-cropped wp-block-gallery-1 is-layout-flex wp-block-gallery-is-layout-flex\">\n<figure class=\"wp-block-image size-large\"><a href=\"https:\/\/www.espacegraphique.com\/blog\/wp-content\/uploads\/2024\/12\/22.jpg\"><img loading=\"lazy\" decoding=\"async\" width=\"640\" height=\"480\" data-id=\"4206\" src=\"https:\/\/www.espacegraphique.com\/blog\/wp-content\/uploads\/2024\/12\/22.jpg\" alt=\"\" class=\"wp-image-4206\" srcset=\"https:\/\/www.espacegraphique.com\/blog\/wp-content\/uploads\/2024\/12\/22.jpg 640w, https:\/\/www.espacegraphique.com\/blog\/wp-content\/uploads\/2024\/12\/22-300x225.jpg 300w\" sizes=\"auto, (max-width: 640px) 100vw, 640px\" \/><\/a><figcaption class=\"wp-element-caption\">Hibiscus rosa-sinensis (Hibiscus Rose de Chine) &#8211; Jaune, Face<\/figcaption><\/figure>\n\n\n\n<figure class=\"wp-block-image size-large\"><a href=\"https:\/\/www.espacegraphique.com\/blog\/wp-content\/uploads\/2024\/12\/21.jpg\"><img loading=\"lazy\" decoding=\"async\" width=\"640\" height=\"480\" data-id=\"4205\" src=\"https:\/\/www.espacegraphique.com\/blog\/wp-content\/uploads\/2024\/12\/21.jpg\" alt=\"\" class=\"wp-image-4205\" srcset=\"https:\/\/www.espacegraphique.com\/blog\/wp-content\/uploads\/2024\/12\/21.jpg 640w, https:\/\/www.espacegraphique.com\/blog\/wp-content\/uploads\/2024\/12\/21-300x225.jpg 300w\" sizes=\"auto, (max-width: 640px) 100vw, 640px\" \/><\/a><figcaption class=\"wp-element-caption\">Hibiscus rosa-sinensis (Hibiscus Rose de Chine) &#8211; Jaune<\/figcaption><\/figure>\n\n\n\n<figure class=\"wp-block-image size-large\"><a href=\"https:\/\/www.espacegraphique.com\/blog\/wp-content\/uploads\/2024\/12\/20.jpg\"><img loading=\"lazy\" decoding=\"async\" width=\"640\" height=\"480\" data-id=\"4204\" src=\"https:\/\/www.espacegraphique.com\/blog\/wp-content\/uploads\/2024\/12\/20.jpg\" alt=\"\" class=\"wp-image-4204\" srcset=\"https:\/\/www.espacegraphique.com\/blog\/wp-content\/uploads\/2024\/12\/20.jpg 640w, https:\/\/www.espacegraphique.com\/blog\/wp-content\/uploads\/2024\/12\/20-300x225.jpg 300w\" sizes=\"auto, (max-width: 640px) 100vw, 640px\" \/><\/a><figcaption class=\"wp-element-caption\">Malva sylvestris (Mauve sylvestre) &#8211; Face<\/figcaption><\/figure>\n\n\n\n<figure class=\"wp-block-image size-large\"><a href=\"https:\/\/www.espacegraphique.com\/blog\/wp-content\/uploads\/2024\/12\/19.jpg\"><img loading=\"lazy\" decoding=\"async\" width=\"640\" height=\"480\" data-id=\"4203\" src=\"https:\/\/www.espacegraphique.com\/blog\/wp-content\/uploads\/2024\/12\/19.jpg\" alt=\"\" class=\"wp-image-4203\" srcset=\"https:\/\/www.espacegraphique.com\/blog\/wp-content\/uploads\/2024\/12\/19.jpg 640w, https:\/\/www.espacegraphique.com\/blog\/wp-content\/uploads\/2024\/12\/19-300x225.jpg 300w\" sizes=\"auto, (max-width: 640px) 100vw, 640px\" \/><\/a><figcaption class=\"wp-element-caption\">Pachira &#8211; Fleur<\/figcaption><\/figure>\n\n\n\n<figure class=\"wp-block-image size-large\"><a href=\"https:\/\/www.espacegraphique.com\/blog\/wp-content\/uploads\/2024\/12\/18.jpg\"><img loading=\"lazy\" decoding=\"async\" width=\"640\" height=\"480\" data-id=\"4202\" src=\"https:\/\/www.espacegraphique.com\/blog\/wp-content\/uploads\/2024\/12\/18.jpg\" alt=\"\" class=\"wp-image-4202\" srcset=\"https:\/\/www.espacegraphique.com\/blog\/wp-content\/uploads\/2024\/12\/18.jpg 640w, https:\/\/www.espacegraphique.com\/blog\/wp-content\/uploads\/2024\/12\/18-300x225.jpg 300w\" sizes=\"auto, (max-width: 640px) 100vw, 640px\" \/><\/a><figcaption class=\"wp-element-caption\">Graines de baobab<\/figcaption><\/figure>\n\n\n\n<figure class=\"wp-block-image size-large\"><a href=\"https:\/\/www.espacegraphique.com\/blog\/wp-content\/uploads\/2024\/12\/17.jpg\"><img loading=\"lazy\" decoding=\"async\" width=\"640\" height=\"480\" data-id=\"4201\" src=\"https:\/\/www.espacegraphique.com\/blog\/wp-content\/uploads\/2024\/12\/17.jpg\" alt=\"\" class=\"wp-image-4201\" srcset=\"https:\/\/www.espacegraphique.com\/blog\/wp-content\/uploads\/2024\/12\/17.jpg 640w, https:\/\/www.espacegraphique.com\/blog\/wp-content\/uploads\/2024\/12\/17-300x225.jpg 300w\" sizes=\"auto, (max-width: 640px) 100vw, 640px\" \/><\/a><figcaption class=\"wp-element-caption\">Gousses de Baobab d\u00e9cor\u00e9es<\/figcaption><\/figure>\n\n\n\n<figure class=\"wp-block-image size-large\"><a href=\"https:\/\/www.espacegraphique.com\/blog\/wp-content\/uploads\/2024\/12\/16.jpg\"><img loading=\"lazy\" decoding=\"async\" width=\"640\" height=\"480\" data-id=\"4200\" src=\"https:\/\/www.espacegraphique.com\/blog\/wp-content\/uploads\/2024\/12\/16.jpg\" alt=\"\" class=\"wp-image-4200\" srcset=\"https:\/\/www.espacegraphique.com\/blog\/wp-content\/uploads\/2024\/12\/16.jpg 640w, https:\/\/www.espacegraphique.com\/blog\/wp-content\/uploads\/2024\/12\/16-300x225.jpg 300w\" sizes=\"auto, (max-width: 640px) 100vw, 640px\" \/><\/a><figcaption class=\"wp-element-caption\">Abelmoschus esculentus (Gombo)<\/figcaption><\/figure>\n\n\n\n<figure class=\"wp-block-image size-large\"><a href=\"https:\/\/www.espacegraphique.com\/blog\/wp-content\/uploads\/2024\/12\/15.jpg\"><img loading=\"lazy\" decoding=\"async\" width=\"480\" height=\"640\" data-id=\"4199\" src=\"https:\/\/www.espacegraphique.com\/blog\/wp-content\/uploads\/2024\/12\/15.jpg\" alt=\"\" class=\"wp-image-4199\" srcset=\"https:\/\/www.espacegraphique.com\/blog\/wp-content\/uploads\/2024\/12\/15.jpg 480w, https:\/\/www.espacegraphique.com\/blog\/wp-content\/uploads\/2024\/12\/15-225x300.jpg 225w\" sizes=\"auto, (max-width: 480px) 100vw, 480px\" \/><\/a><figcaption class=\"wp-element-caption\">Theobroma cacao (Cacaoyer)<\/figcaption><\/figure>\n\n\n\n<figure class=\"wp-block-image size-large\"><a href=\"https:\/\/www.espacegraphique.com\/blog\/wp-content\/uploads\/2024\/12\/14.jpg\"><img loading=\"lazy\" decoding=\"async\" width=\"480\" height=\"640\" data-id=\"4198\" src=\"https:\/\/www.espacegraphique.com\/blog\/wp-content\/uploads\/2024\/12\/14.jpg\" alt=\"\" class=\"wp-image-4198\" srcset=\"https:\/\/www.espacegraphique.com\/blog\/wp-content\/uploads\/2024\/12\/14.jpg 480w, https:\/\/www.espacegraphique.com\/blog\/wp-content\/uploads\/2024\/12\/14-225x300.jpg 225w\" sizes=\"auto, (max-width: 480px) 100vw, 480px\" \/><\/a><figcaption class=\"wp-element-caption\">Gossypium (Coton) &#8211; Rameau<\/figcaption><\/figure>\n\n\n\n<figure class=\"wp-block-image size-large\"><a href=\"https:\/\/www.espacegraphique.com\/blog\/wp-content\/uploads\/2024\/12\/13.jpg\"><img loading=\"lazy\" decoding=\"async\" width=\"640\" height=\"480\" data-id=\"4197\" src=\"https:\/\/www.espacegraphique.com\/blog\/wp-content\/uploads\/2024\/12\/13.jpg\" alt=\"\" class=\"wp-image-4197\" srcset=\"https:\/\/www.espacegraphique.com\/blog\/wp-content\/uploads\/2024\/12\/13.jpg 640w, https:\/\/www.espacegraphique.com\/blog\/wp-content\/uploads\/2024\/12\/13-300x225.jpg 300w\" sizes=\"auto, (max-width: 640px) 100vw, 640px\" \/><\/a><figcaption class=\"wp-element-caption\">Gossypium (Coton) &#8211; Capsule de profil<\/figcaption><\/figure>\n\n\n\n<figure class=\"wp-block-image size-large\"><a href=\"https:\/\/www.espacegraphique.com\/blog\/wp-content\/uploads\/2024\/12\/12.jpg\"><img loading=\"lazy\" decoding=\"async\" width=\"640\" height=\"480\" data-id=\"4196\" src=\"https:\/\/www.espacegraphique.com\/blog\/wp-content\/uploads\/2024\/12\/12.jpg\" alt=\"\" class=\"wp-image-4196\" srcset=\"https:\/\/www.espacegraphique.com\/blog\/wp-content\/uploads\/2024\/12\/12.jpg 640w, https:\/\/www.espacegraphique.com\/blog\/wp-content\/uploads\/2024\/12\/12-300x225.jpg 300w\" sizes=\"auto, (max-width: 640px) 100vw, 640px\" \/><\/a><figcaption class=\"wp-element-caption\">Gossypium (Coton) &#8211; Capsule de face<\/figcaption><\/figure>\n\n\n\n<figure class=\"wp-block-image size-large\"><a href=\"https:\/\/www.espacegraphique.com\/blog\/wp-content\/uploads\/2024\/12\/11.jpg\"><img loading=\"lazy\" decoding=\"async\" width=\"640\" height=\"480\" data-id=\"4195\" src=\"https:\/\/www.espacegraphique.com\/blog\/wp-content\/uploads\/2024\/12\/11.jpg\" alt=\"\" class=\"wp-image-4195\" srcset=\"https:\/\/www.espacegraphique.com\/blog\/wp-content\/uploads\/2024\/12\/11.jpg 640w, https:\/\/www.espacegraphique.com\/blog\/wp-content\/uploads\/2024\/12\/11-300x225.jpg 300w\" sizes=\"auto, (max-width: 640px) 100vw, 640px\" \/><\/a><figcaption class=\"wp-element-caption\">Gossypium (Coton) &#8211; Ouverture de la fleur<\/figcaption><\/figure>\n\n\n\n<figure class=\"wp-block-image size-large\"><a href=\"https:\/\/www.espacegraphique.com\/blog\/wp-content\/uploads\/2024\/12\/10.jpg\"><img loading=\"lazy\" decoding=\"async\" width=\"640\" height=\"480\" data-id=\"4194\" src=\"https:\/\/www.espacegraphique.com\/blog\/wp-content\/uploads\/2024\/12\/10.jpg\" alt=\"\" class=\"wp-image-4194\" srcset=\"https:\/\/www.espacegraphique.com\/blog\/wp-content\/uploads\/2024\/12\/10.jpg 640w, https:\/\/www.espacegraphique.com\/blog\/wp-content\/uploads\/2024\/12\/10-300x225.jpg 300w\" sizes=\"auto, (max-width: 640px) 100vw, 640px\" \/><\/a><figcaption class=\"wp-element-caption\">Brachyton populneus &#8211; Inflorescence<\/figcaption><\/figure>\n\n\n\n<figure class=\"wp-block-image size-large\"><a href=\"https:\/\/www.espacegraphique.com\/blog\/wp-content\/uploads\/2024\/12\/9.jpg\"><img loading=\"lazy\" decoding=\"async\" width=\"640\" height=\"480\" data-id=\"4193\" src=\"https:\/\/www.espacegraphique.com\/blog\/wp-content\/uploads\/2024\/12\/9.jpg\" alt=\"\" class=\"wp-image-4193\" srcset=\"https:\/\/www.espacegraphique.com\/blog\/wp-content\/uploads\/2024\/12\/9.jpg 640w, https:\/\/www.espacegraphique.com\/blog\/wp-content\/uploads\/2024\/12\/9-300x225.jpg 300w\" sizes=\"auto, (max-width: 640px) 100vw, 640px\" \/><\/a><figcaption class=\"wp-element-caption\">Hibiscus syriacus (Alth\u00e9a) &#8211; Parme<\/figcaption><\/figure>\n\n\n\n<figure class=\"wp-block-image size-large\"><a href=\"https:\/\/www.espacegraphique.com\/blog\/wp-content\/uploads\/2024\/12\/8.jpg\"><img loading=\"lazy\" decoding=\"async\" width=\"640\" height=\"480\" data-id=\"4192\" src=\"https:\/\/www.espacegraphique.com\/blog\/wp-content\/uploads\/2024\/12\/8.jpg\" alt=\"\" class=\"wp-image-4192\" srcset=\"https:\/\/www.espacegraphique.com\/blog\/wp-content\/uploads\/2024\/12\/8.jpg 640w, https:\/\/www.espacegraphique.com\/blog\/wp-content\/uploads\/2024\/12\/8-300x225.jpg 300w\" sizes=\"auto, (max-width: 640px) 100vw, 640px\" \/><\/a><figcaption class=\"wp-element-caption\">Hibiscus syriacus (Alth\u00e9a) &#8211; Arbuste, blanc et rouge<\/figcaption><\/figure>\n\n\n\n<figure class=\"wp-block-image size-large\"><a href=\"https:\/\/www.espacegraphique.com\/blog\/wp-content\/uploads\/2024\/12\/7.jpg\"><img loading=\"lazy\" decoding=\"async\" width=\"640\" height=\"480\" data-id=\"4191\" src=\"https:\/\/www.espacegraphique.com\/blog\/wp-content\/uploads\/2024\/12\/7.jpg\" alt=\"\" class=\"wp-image-4191\" srcset=\"https:\/\/www.espacegraphique.com\/blog\/wp-content\/uploads\/2024\/12\/7.jpg 640w, https:\/\/www.espacegraphique.com\/blog\/wp-content\/uploads\/2024\/12\/7-300x225.jpg 300w\" sizes=\"auto, (max-width: 640px) 100vw, 640px\" \/><\/a><figcaption class=\"wp-element-caption\">Hibiscus syriacus (Alth\u00e9a) &#8211; Face blanc et rouge<\/figcaption><\/figure>\n\n\n\n<figure class=\"wp-block-image size-large\"><a href=\"https:\/\/www.espacegraphique.com\/blog\/wp-content\/uploads\/2024\/12\/6.jpg\"><img loading=\"lazy\" decoding=\"async\" width=\"640\" height=\"480\" data-id=\"4190\" src=\"https:\/\/www.espacegraphique.com\/blog\/wp-content\/uploads\/2024\/12\/6.jpg\" alt=\"\" class=\"wp-image-4190\" srcset=\"https:\/\/www.espacegraphique.com\/blog\/wp-content\/uploads\/2024\/12\/6.jpg 640w, https:\/\/www.espacegraphique.com\/blog\/wp-content\/uploads\/2024\/12\/6-300x225.jpg 300w\" sizes=\"auto, (max-width: 640px) 100vw, 640px\" \/><\/a><figcaption class=\"wp-element-caption\">Hibiscus syriacus (Alth\u00e9a) &#8211; Profil<\/figcaption><\/figure>\n\n\n\n<figure class=\"wp-block-image size-large\"><a href=\"https:\/\/www.espacegraphique.com\/blog\/wp-content\/uploads\/2024\/12\/5.jpg\"><img loading=\"lazy\" decoding=\"async\" width=\"640\" height=\"480\" data-id=\"4189\" src=\"https:\/\/www.espacegraphique.com\/blog\/wp-content\/uploads\/2024\/12\/5.jpg\" alt=\"\" class=\"wp-image-4189\" srcset=\"https:\/\/www.espacegraphique.com\/blog\/wp-content\/uploads\/2024\/12\/5.jpg 640w, https:\/\/www.espacegraphique.com\/blog\/wp-content\/uploads\/2024\/12\/5-300x225.jpg 300w\" sizes=\"auto, (max-width: 640px) 100vw, 640px\" \/><\/a><figcaption class=\"wp-element-caption\">Hibiscus syriacus (Alth\u00e9a) &#8211; Face, mauve<\/figcaption><\/figure>\n\n\n\n<figure class=\"wp-block-image size-large\"><a href=\"https:\/\/www.espacegraphique.com\/blog\/wp-content\/uploads\/2024\/12\/4.jpg\"><img loading=\"lazy\" decoding=\"async\" width=\"640\" height=\"480\" data-id=\"4188\" src=\"https:\/\/www.espacegraphique.com\/blog\/wp-content\/uploads\/2024\/12\/4.jpg\" alt=\"\" class=\"wp-image-4188\" srcset=\"https:\/\/www.espacegraphique.com\/blog\/wp-content\/uploads\/2024\/12\/4.jpg 640w, https:\/\/www.espacegraphique.com\/blog\/wp-content\/uploads\/2024\/12\/4-300x225.jpg 300w\" sizes=\"auto, (max-width: 640px) 100vw, 640px\" \/><\/a><figcaption class=\"wp-element-caption\">Malva (Mauve) &#8211; Face, circulaire<\/figcaption><\/figure>\n\n\n\n<figure class=\"wp-block-image size-large\"><a href=\"https:\/\/www.espacegraphique.com\/blog\/wp-content\/uploads\/2024\/12\/3.jpg\"><img loading=\"lazy\" decoding=\"async\" width=\"640\" height=\"480\" data-id=\"4187\" src=\"https:\/\/www.espacegraphique.com\/blog\/wp-content\/uploads\/2024\/12\/3.jpg\" alt=\"\" class=\"wp-image-4187\" srcset=\"https:\/\/www.espacegraphique.com\/blog\/wp-content\/uploads\/2024\/12\/3.jpg 640w, https:\/\/www.espacegraphique.com\/blog\/wp-content\/uploads\/2024\/12\/3-300x225.jpg 300w\" sizes=\"auto, (max-width: 640px) 100vw, 640px\" \/><\/a><figcaption class=\"wp-element-caption\">Malva (Mauve) &#8211; Face, \u00e9toil\u00e9e<\/figcaption><\/figure>\n\n\n\n<figure class=\"wp-block-image size-large\"><a href=\"https:\/\/www.espacegraphique.com\/blog\/wp-content\/uploads\/2024\/12\/2.jpg\"><img loading=\"lazy\" decoding=\"async\" width=\"640\" height=\"480\" data-id=\"4186\" src=\"https:\/\/www.espacegraphique.com\/blog\/wp-content\/uploads\/2024\/12\/2.jpg\" alt=\"\" class=\"wp-image-4186\" srcset=\"https:\/\/www.espacegraphique.com\/blog\/wp-content\/uploads\/2024\/12\/2.jpg 640w, https:\/\/www.espacegraphique.com\/blog\/wp-content\/uploads\/2024\/12\/2-300x225.jpg 300w\" sizes=\"auto, (max-width: 640px) 100vw, 640px\" \/><\/a><figcaption class=\"wp-element-caption\">Alcea rosea (Rose tr\u00e9mi\u00e8re) &#8211; Profil<\/figcaption><\/figure>\n\n\n\n<figure class=\"wp-block-image size-large\"><a href=\"https:\/\/www.espacegraphique.com\/blog\/wp-content\/uploads\/2024\/12\/1.jpg\"><img loading=\"lazy\" decoding=\"async\" width=\"640\" height=\"480\" data-id=\"4185\" src=\"https:\/\/www.espacegraphique.com\/blog\/wp-content\/uploads\/2024\/12\/1.jpg\" alt=\"\" class=\"wp-image-4185\" srcset=\"https:\/\/www.espacegraphique.com\/blog\/wp-content\/uploads\/2024\/12\/1.jpg 640w, https:\/\/www.espacegraphique.com\/blog\/wp-content\/uploads\/2024\/12\/1-300x225.jpg 300w\" sizes=\"auto, (max-width: 640px) 100vw, 640px\" \/><\/a><figcaption class=\"wp-element-caption\">Alcea rosea (Rose tr\u00e9mi\u00e8re) &#8211; Ros\u00e9e<\/figcaption><\/figure>\n<\/figure>\n\n\n\n<p><\/p>\n\n\n\n<p class=\"has-medium-font-size\">Articles similaires<\/p>\n\n\n\n<figure class=\"wp-block-table\"><table class=\"has-fixed-layout\"><tbody><tr><td><br><br><br><\/td><\/tr><\/tbody><\/table><\/figure>\n\n\n\n<div class=\"wp-block-query is-layout-flow wp-block-query-is-layout-flow\"><ul class=\"wp-block-post-template is-layout-flow wp-block-post-template-is-layout-flow\"><li class=\"wp-block-post post-2539 post type-post status-publish format-standard has-post-thumbnail hentry category-photos tag-jaune-citron tag-rouge tag-saint-quentin\">\n<h2 class=\"wp-block-post-title\"><a href=\"https:\/\/www.espacegraphique.com\/blog\/photos\/fin-de-la-recreation-pour-la-rose-tremiere-et-le-forsythia-2539\" target=\"_self\" >Fin de la r\u00e9cr\u00e9ation pour la rose tr\u00e9mi\u00e8re et le forsythia<\/a><\/h2>\n\n<figure class=\"alignwide wp-block-post-featured-image\"><a href=\"https:\/\/www.espacegraphique.com\/blog\/photos\/fin-de-la-recreation-pour-la-rose-tremiere-et-le-forsythia-2539\" target=\"_self\"  ><img loading=\"lazy\" decoding=\"async\" width=\"630\" height=\"240\" src=\"https:\/\/www.espacegraphique.com\/blog\/wp-content\/uploads\/2014\/01\/fortsythia.jpg\" class=\"attachment-post-thumbnail size-post-thumbnail wp-post-image\" alt=\"Fin de la r\u00e9cr\u00e9ation pour la rose tr\u00e9mi\u00e8re et le forsythia\" style=\"object-fit:cover;\" srcset=\"https:\/\/www.espacegraphique.com\/blog\/wp-content\/uploads\/2014\/01\/fortsythia.jpg 630w, https:\/\/www.espacegraphique.com\/blog\/wp-content\/uploads\/2014\/01\/fortsythia-300x114.jpg 300w\" sizes=\"auto, (max-width: 630px) 100vw, 630px\" \/><\/a><\/figure>\n\n<div class=\"wp-block-post-excerpt\"><p class=\"wp-block-post-excerpt__excerpt\">Ce dimanche matin 12 janvier 2014, la temp\u00e9rature est descendue mais reste positive. <\/p><\/div>\n\n\n<hr class=\"wp-block-separator has-css-opacity\"\/>\n\n\n<div class=\"wp-block-post-date\"><time datetime=\"2014-01-12T17:14:27+02:00\">12 janvier 2014<\/time><\/div>\n<\/li><li class=\"wp-block-post post-1113 post type-post status-publish format-standard has-post-thumbnail hentry category-graines category-photos tag-arbre tag-fruit tag-gousse tag-graine\">\n<h2 class=\"wp-block-post-title\"><a href=\"https:\/\/www.espacegraphique.com\/blog\/photos\/ouverture-dune-gousse-de-baobab-1113\" target=\"_self\" >Ouverture d&rsquo;une gousse de Baobab<\/a><\/h2>\n\n<figure class=\"alignwide wp-block-post-featured-image\"><a href=\"https:\/\/www.espacegraphique.com\/blog\/photos\/ouverture-dune-gousse-de-baobab-1113\" target=\"_self\"  ><img loading=\"lazy\" decoding=\"async\" width=\"630\" height=\"240\" src=\"https:\/\/www.espacegraphique.com\/blog\/wp-content\/uploads\/2011\/12\/gousses-baobab.jpg\" class=\"attachment-post-thumbnail size-post-thumbnail wp-post-image\" alt=\"Ouverture d&rsquo;une gousse de Baobab\" style=\"object-fit:cover;\" srcset=\"https:\/\/www.espacegraphique.com\/blog\/wp-content\/uploads\/2011\/12\/gousses-baobab.jpg 630w, https:\/\/www.espacegraphique.com\/blog\/wp-content\/uploads\/2011\/12\/gousses-baobab-300x114.jpg 300w\" sizes=\"auto, (max-width: 630px) 100vw, 630px\" \/><\/a><\/figure>\n\n<div class=\"wp-block-post-excerpt\"><p class=\"wp-block-post-excerpt__excerpt\">Voil\u00e0 trois fruits qui semblaient bien \u00e9tranges, gros comme des \u0153ufs d&rsquo;autruches et des couleurs un peu artificielles. <\/p><\/div>\n\n\n<hr class=\"wp-block-separator has-css-opacity\"\/>\n\n\n<div class=\"wp-block-post-date\"><time datetime=\"2011-12-29T17:00:25+02:00\">29 d\u00e9cembre 2011<\/time><\/div>\n<\/li><\/ul><\/div>\n","protected":false},"excerpt":{"rendered":"<p>Famille des Malvac\u00e9es &gt; Photos De l&rsquo;Hibiscus au Baobab, voici une galerie photo de fleurs et fruits des Malvac\u00e9es (Malvaceae). Articles similaires<\/p>\n","protected":false},"author":1,"featured_media":4203,"parent":0,"menu_order":0,"comment_status":"closed","ping_status":"closed","template":"","meta":{"footnotes":""},"class_list":["post-4183","page","type-page","status-publish","has-post-thumbnail","hentry"],"aioseo_notices":[],"_links":{"self":[{"href":"https:\/\/www.espacegraphique.com\/blog\/wp-json\/wp\/v2\/pages\/4183","targetHints":{"allow":["GET"]}}],"collection":[{"href":"https:\/\/www.espacegraphique.com\/blog\/wp-json\/wp\/v2\/pages"}],"about":[{"href":"https:\/\/www.espacegraphique.com\/blog\/wp-json\/wp\/v2\/types\/page"}],"author":[{"embeddable":true,"href":"https:\/\/www.espacegraphique.com\/blog\/wp-json\/wp\/v2\/users\/1"}],"replies":[{"embeddable":true,"href":"https:\/\/www.espacegraphique.com\/blog\/wp-json\/wp\/v2\/comments?post=4183"}],"version-history":[{"count":14,"href":"https:\/\/www.espacegraphique.com\/blog\/wp-json\/wp\/v2\/pages\/4183\/revisions"}],"predecessor-version":[{"id":4241,"href":"https:\/\/www.espacegraphique.com\/blog\/wp-json\/wp\/v2\/pages\/4183\/revisions\/4241"}],"wp:featuredmedia":[{"embeddable":true,"href":"https:\/\/www.espacegraphique.com\/blog\/wp-json\/wp\/v2\/media\/4203"}],"wp:attachment":[{"href":"https:\/\/www.espacegraphique.com\/blog\/wp-json\/wp\/v2\/media?parent=4183"}],"curies":[{"name":"wp","href":"https:\/\/api.w.org\/{rel}","templated":true}]}}