{"id":4248,"date":"2024-12-01T14:20:29","date_gmt":"2024-12-01T12:20:29","guid":{"rendered":"https:\/\/www.espacegraphique.com\/blog\/?page_id=4248"},"modified":"2024-12-01T14:39:30","modified_gmt":"2024-12-01T12:39:30","slug":"photos-de-lythracees","status":"publish","type":"page","link":"https:\/\/www.espacegraphique.com\/blog\/photos-de-lythracees","title":{"rendered":"Photos de Lythrac\u00e9es"},"content":{"rendered":"\n<p><a href=\"https:\/\/www.espacegraphique.com\/lythracees\/lythraceae.php\" title=\"\">Famille des Lythrac\u00e9es&nbsp;<\/a>&gt; Photos<\/p>\n\n\n\n<p>Du Grenadier aux fruits rubiconds \u00e0 la Salicaire commune, voici quelques photos de Lythrac\u00e9es.<\/p>\n\n\n\n<figure class=\"wp-block-gallery has-nested-images columns-default is-cropped wp-block-gallery-1 is-layout-flex wp-block-gallery-is-layout-flex\">\n<figure class=\"wp-block-image size-large\"><a href=\"https:\/\/www.espacegraphique.com\/blog\/wp-content\/uploads\/2024\/12\/7-1.jpg\"><img loading=\"lazy\" decoding=\"async\" width=\"640\" height=\"480\" data-id=\"4256\" src=\"https:\/\/www.espacegraphique.com\/blog\/wp-content\/uploads\/2024\/12\/7-1.jpg\" alt=\"\" class=\"wp-image-4256\" srcset=\"https:\/\/www.espacegraphique.com\/blog\/wp-content\/uploads\/2024\/12\/7-1.jpg 640w, https:\/\/www.espacegraphique.com\/blog\/wp-content\/uploads\/2024\/12\/7-1-300x225.jpg 300w\" sizes=\"auto, (max-width: 640px) 100vw, 640px\" \/><\/a><figcaption class=\"wp-element-caption\">Punica granatum (Grenadier commun) &#8211; Arbuste<\/figcaption><\/figure>\n\n\n\n<figure class=\"wp-block-image size-large\"><a href=\"https:\/\/www.espacegraphique.com\/blog\/wp-content\/uploads\/2024\/12\/6-1.jpg\"><img loading=\"lazy\" decoding=\"async\" width=\"480\" height=\"640\" data-id=\"4255\" src=\"https:\/\/www.espacegraphique.com\/blog\/wp-content\/uploads\/2024\/12\/6-1.jpg\" alt=\"\" class=\"wp-image-4255\" srcset=\"https:\/\/www.espacegraphique.com\/blog\/wp-content\/uploads\/2024\/12\/6-1.jpg 480w, https:\/\/www.espacegraphique.com\/blog\/wp-content\/uploads\/2024\/12\/6-1-225x300.jpg 225w\" sizes=\"auto, (max-width: 480px) 100vw, 480px\" \/><\/a><figcaption class=\"wp-element-caption\">Punica granatum (Grenadier commun) &#8211; Fructification<\/figcaption><\/figure>\n\n\n\n<figure class=\"wp-block-image size-large\"><a href=\"https:\/\/www.espacegraphique.com\/blog\/wp-content\/uploads\/2024\/12\/5-1.jpg\"><img loading=\"lazy\" decoding=\"async\" width=\"640\" height=\"480\" data-id=\"4254\" src=\"https:\/\/www.espacegraphique.com\/blog\/wp-content\/uploads\/2024\/12\/5-1.jpg\" alt=\"\" class=\"wp-image-4254\" srcset=\"https:\/\/www.espacegraphique.com\/blog\/wp-content\/uploads\/2024\/12\/5-1.jpg 640w, https:\/\/www.espacegraphique.com\/blog\/wp-content\/uploads\/2024\/12\/5-1-300x225.jpg 300w\" sizes=\"auto, (max-width: 640px) 100vw, 640px\" \/><\/a><figcaption class=\"wp-element-caption\">Punica granatum (Grenadier commun)<\/figcaption><\/figure>\n\n\n\n<figure class=\"wp-block-image size-large\"><a href=\"https:\/\/www.espacegraphique.com\/blog\/wp-content\/uploads\/2024\/12\/4-1.jpg\"><img loading=\"lazy\" decoding=\"async\" width=\"480\" height=\"640\" data-id=\"4253\" src=\"https:\/\/www.espacegraphique.com\/blog\/wp-content\/uploads\/2024\/12\/4-1.jpg\" alt=\"\" class=\"wp-image-4253\" srcset=\"https:\/\/www.espacegraphique.com\/blog\/wp-content\/uploads\/2024\/12\/4-1.jpg 480w, https:\/\/www.espacegraphique.com\/blog\/wp-content\/uploads\/2024\/12\/4-1-225x300.jpg 225w\" sizes=\"auto, (max-width: 480px) 100vw, 480px\" \/><\/a><figcaption class=\"wp-element-caption\">Lythrum salicaria (Salicaire commune) &#8211; Rouge<\/figcaption><\/figure>\n\n\n\n<figure class=\"wp-block-image size-large\"><a href=\"https:\/\/www.espacegraphique.com\/blog\/wp-content\/uploads\/2024\/12\/3-1.jpg\"><img loading=\"lazy\" decoding=\"async\" width=\"480\" height=\"640\" data-id=\"4252\" src=\"https:\/\/www.espacegraphique.com\/blog\/wp-content\/uploads\/2024\/12\/3-1.jpg\" alt=\"\" class=\"wp-image-4252\" srcset=\"https:\/\/www.espacegraphique.com\/blog\/wp-content\/uploads\/2024\/12\/3-1.jpg 480w, https:\/\/www.espacegraphique.com\/blog\/wp-content\/uploads\/2024\/12\/3-1-225x300.jpg 225w\" sizes=\"auto, (max-width: 480px) 100vw, 480px\" \/><\/a><figcaption class=\"wp-element-caption\">Lythrum salicaria (Salicaire commune) &#8211; Marais<\/figcaption><\/figure>\n\n\n\n<figure class=\"wp-block-image size-large\"><a href=\"https:\/\/www.espacegraphique.com\/blog\/wp-content\/uploads\/2024\/12\/2-1.jpg\"><img loading=\"lazy\" decoding=\"async\" width=\"640\" height=\"480\" data-id=\"4251\" src=\"https:\/\/www.espacegraphique.com\/blog\/wp-content\/uploads\/2024\/12\/2-1.jpg\" alt=\"\" class=\"wp-image-4251\" srcset=\"https:\/\/www.espacegraphique.com\/blog\/wp-content\/uploads\/2024\/12\/2-1.jpg 640w, https:\/\/www.espacegraphique.com\/blog\/wp-content\/uploads\/2024\/12\/2-1-300x225.jpg 300w\" sizes=\"auto, (max-width: 640px) 100vw, 640px\" \/><\/a><figcaption class=\"wp-element-caption\">Lythrum salicaria (Salicaire commune) &#8211; d\u00e9tail<\/figcaption><\/figure>\n\n\n\n<figure class=\"wp-block-image size-large\"><a href=\"https:\/\/www.espacegraphique.com\/blog\/wp-content\/uploads\/2024\/12\/1-1.jpg\"><img loading=\"lazy\" decoding=\"async\" width=\"640\" height=\"480\" data-id=\"4250\" src=\"https:\/\/www.espacegraphique.com\/blog\/wp-content\/uploads\/2024\/12\/1-1.jpg\" alt=\"\" class=\"wp-image-4250\" srcset=\"https:\/\/www.espacegraphique.com\/blog\/wp-content\/uploads\/2024\/12\/1-1.jpg 640w, https:\/\/www.espacegraphique.com\/blog\/wp-content\/uploads\/2024\/12\/1-1-300x225.jpg 300w\" sizes=\"auto, (max-width: 640px) 100vw, 640px\" \/><\/a><figcaption class=\"wp-element-caption\">Lythrum salicaria (Salicaire commune)<\/figcaption><\/figure>\n<\/figure>\n\n\n\n<p class=\"has-medium-font-size\">Articles similaires<\/p>\n\n\n\n<figure class=\"wp-block-table\"><table class=\"has-fixed-layout\"><tbody><tr><td><br><br><br><\/td><\/tr><\/tbody><\/table><\/figure>\n\n\n\n<div class=\"wp-block-query is-layout-flow wp-block-query-is-layout-flow\"><ul class=\"wp-block-post-template is-layout-flow wp-block-post-template-is-layout-flow\"><li class=\"wp-block-post post-3261 post type-post status-publish format-standard has-post-thumbnail hentry category-aquarelles category-carton tag-aquarelle tag-arbre tag-fruit tag-grenadier tag-rouge tag-symetrie\">\n<h2 class=\"wp-block-post-title\"><a href=\"https:\/\/www.espacegraphique.com\/blog\/carton\/aquarelles\/la-grenade-et-ses-fleurs-a-laquarelle-3261\" target=\"_self\" >La grenade et ses fleurs \u00e0 l&rsquo;aquarelle<\/a><\/h2>\n\n<figure class=\"alignwide wp-block-post-featured-image\"><a href=\"https:\/\/www.espacegraphique.com\/blog\/carton\/aquarelles\/la-grenade-et-ses-fleurs-a-laquarelle-3261\" target=\"_self\"  ><img loading=\"lazy\" decoding=\"async\" width=\"640\" height=\"240\" src=\"https:\/\/www.espacegraphique.com\/blog\/wp-content\/uploads\/2016\/02\/aquarelle-grenade.jpg\" class=\"attachment-post-thumbnail size-post-thumbnail wp-post-image\" alt=\"La grenade et ses fleurs \u00e0 l&rsquo;aquarelle\" style=\"object-fit:cover;\" srcset=\"https:\/\/www.espacegraphique.com\/blog\/wp-content\/uploads\/2016\/02\/aquarelle-grenade.jpg 640w, https:\/\/www.espacegraphique.com\/blog\/wp-content\/uploads\/2016\/02\/aquarelle-grenade-300x113.jpg 300w\" sizes=\"auto, (max-width: 640px) 100vw, 640px\" \/><\/a><\/figure>\n\n<div class=\"wp-block-post-excerpt\"><p class=\"wp-block-post-excerpt__excerpt\">La grenade est le fruit du Grenadier un arbre de la Famille des Lythrac\u00e9es. <\/p><\/div>\n\n\n<hr class=\"wp-block-separator has-css-opacity\"\/>\n\n\n<div class=\"wp-block-post-date\"><time datetime=\"2016-02-14T18:37:00+02:00\">14 f\u00e9vrier 2016<\/time><\/div>\n<\/li><\/ul><\/div>\n","protected":false},"excerpt":{"rendered":"<p>Famille des Lythrac\u00e9es&nbsp;&gt; Photos Du Grenadier aux fruits rubiconds \u00e0 la Salicaire commune, voici quelques photos de Lythrac\u00e9es. Articles similaires<\/p>\n","protected":false},"author":1,"featured_media":4255,"parent":0,"menu_order":0,"comment_status":"closed","ping_status":"closed","template":"","meta":{"footnotes":""},"class_list":["post-4248","page","type-page","status-publish","has-post-thumbnail","hentry"],"aioseo_notices":[],"_links":{"self":[{"href":"https:\/\/www.espacegraphique.com\/blog\/wp-json\/wp\/v2\/pages\/4248","targetHints":{"allow":["GET"]}}],"collection":[{"href":"https:\/\/www.espacegraphique.com\/blog\/wp-json\/wp\/v2\/pages"}],"about":[{"href":"https:\/\/www.espacegraphique.com\/blog\/wp-json\/wp\/v2\/types\/page"}],"author":[{"embeddable":true,"href":"https:\/\/www.espacegraphique.com\/blog\/wp-json\/wp\/v2\/users\/1"}],"replies":[{"embeddable":true,"href":"https:\/\/www.espacegraphique.com\/blog\/wp-json\/wp\/v2\/comments?post=4248"}],"version-history":[{"count":4,"href":"https:\/\/www.espacegraphique.com\/blog\/wp-json\/wp\/v2\/pages\/4248\/revisions"}],"predecessor-version":[{"id":4261,"href":"https:\/\/www.espacegraphique.com\/blog\/wp-json\/wp\/v2\/pages\/4248\/revisions\/4261"}],"wp:featuredmedia":[{"embeddable":true,"href":"https:\/\/www.espacegraphique.com\/blog\/wp-json\/wp\/v2\/media\/4255"}],"wp:attachment":[{"href":"https:\/\/www.espacegraphique.com\/blog\/wp-json\/wp\/v2\/media?parent=4248"}],"curies":[{"name":"wp","href":"https:\/\/api.w.org\/{rel}","templated":true}]}}