{"id":4391,"date":"2024-12-05T19:37:14","date_gmt":"2024-12-05T17:37:14","guid":{"rendered":"https:\/\/www.espacegraphique.com\/blog\/?page_id=4391"},"modified":"2024-12-05T19:49:23","modified_gmt":"2024-12-05T17:49:23","slug":"photos-damaryllidacees","status":"publish","type":"page","link":"https:\/\/www.espacegraphique.com\/blog\/photos-damaryllidacees","title":{"rendered":"Photos d&rsquo;Amaryllidac\u00e9es"},"content":{"rendered":"\n<p><a href=\"https:\/\/www.espacegraphique.com\/amaryllidacees\/narcissus.php\" title=\"\">Famille des Amaryllidac\u00e9es<\/a>&nbsp;&gt; Photos<\/p>\n\n\n\n<p>Galerie photos d&rsquo;Amaryllidac\u00e9es, de l&rsquo;Oignon au Narcisse des po\u00e8tes en passant par le Perce-Neige.<\/p>\n\n\n\n<figure class=\"wp-block-gallery has-nested-images columns-default is-cropped wp-block-gallery-1 is-layout-flex wp-block-gallery-is-layout-flex\">\n<figure class=\"wp-block-image size-large\"><a href=\"https:\/\/www.espacegraphique.com\/blog\/wp-content\/uploads\/2024\/12\/28-1.jpg\"><img loading=\"lazy\" decoding=\"async\" width=\"640\" height=\"480\" data-id=\"4420\" src=\"https:\/\/www.espacegraphique.com\/blog\/wp-content\/uploads\/2024\/12\/28-1.jpg\" alt=\"\" class=\"wp-image-4420\" srcset=\"https:\/\/www.espacegraphique.com\/blog\/wp-content\/uploads\/2024\/12\/28-1.jpg 640w, https:\/\/www.espacegraphique.com\/blog\/wp-content\/uploads\/2024\/12\/28-1-300x225.jpg 300w\" sizes=\"auto, (max-width: 640px) 100vw, 640px\" \/><\/a><figcaption class=\"wp-element-caption\">Allium triquetrum<\/figcaption><\/figure>\n\n\n\n<figure class=\"wp-block-image size-large\"><a href=\"https:\/\/www.espacegraphique.com\/blog\/wp-content\/uploads\/2024\/12\/27-1.jpg\"><img loading=\"lazy\" decoding=\"async\" width=\"640\" height=\"480\" data-id=\"4419\" src=\"https:\/\/www.espacegraphique.com\/blog\/wp-content\/uploads\/2024\/12\/27-1.jpg\" alt=\"\" class=\"wp-image-4419\" srcset=\"https:\/\/www.espacegraphique.com\/blog\/wp-content\/uploads\/2024\/12\/27-1.jpg 640w, https:\/\/www.espacegraphique.com\/blog\/wp-content\/uploads\/2024\/12\/27-1-300x225.jpg 300w\" sizes=\"auto, (max-width: 640px) 100vw, 640px\" \/><\/a><figcaption class=\"wp-element-caption\">Oignons &#8211; Jaunes<\/figcaption><\/figure>\n\n\n\n<figure class=\"wp-block-image size-large\"><a href=\"https:\/\/www.espacegraphique.com\/blog\/wp-content\/uploads\/2024\/12\/26-1.jpg\"><img loading=\"lazy\" decoding=\"async\" width=\"480\" height=\"640\" data-id=\"4418\" src=\"https:\/\/www.espacegraphique.com\/blog\/wp-content\/uploads\/2024\/12\/26-1.jpg\" alt=\"\" class=\"wp-image-4418\" srcset=\"https:\/\/www.espacegraphique.com\/blog\/wp-content\/uploads\/2024\/12\/26-1.jpg 480w, https:\/\/www.espacegraphique.com\/blog\/wp-content\/uploads\/2024\/12\/26-1-225x300.jpg 225w\" sizes=\"auto, (max-width: 480px) 100vw, 480px\" \/><\/a><figcaption class=\"wp-element-caption\">Hippeastrum &#8211; Blanc, rouge et vert<\/figcaption><\/figure>\n\n\n\n<figure class=\"wp-block-image size-large\"><a href=\"https:\/\/www.espacegraphique.com\/blog\/wp-content\/uploads\/2024\/12\/25-1.jpg\"><img loading=\"lazy\" decoding=\"async\" width=\"480\" height=\"640\" data-id=\"4417\" src=\"https:\/\/www.espacegraphique.com\/blog\/wp-content\/uploads\/2024\/12\/25-1.jpg\" alt=\"\" class=\"wp-image-4417\" srcset=\"https:\/\/www.espacegraphique.com\/blog\/wp-content\/uploads\/2024\/12\/25-1.jpg 480w, https:\/\/www.espacegraphique.com\/blog\/wp-content\/uploads\/2024\/12\/25-1-225x300.jpg 225w\" sizes=\"auto, (max-width: 480px) 100vw, 480px\" \/><\/a><figcaption class=\"wp-element-caption\">Hippeastrum &#8211; Gros plan<\/figcaption><\/figure>\n\n\n\n<figure class=\"wp-block-image size-large\"><a href=\"https:\/\/www.espacegraphique.com\/blog\/wp-content\/uploads\/2024\/12\/24-1.jpg\"><img loading=\"lazy\" decoding=\"async\" width=\"480\" height=\"640\" data-id=\"4416\" src=\"https:\/\/www.espacegraphique.com\/blog\/wp-content\/uploads\/2024\/12\/24-1.jpg\" alt=\"\" class=\"wp-image-4416\" srcset=\"https:\/\/www.espacegraphique.com\/blog\/wp-content\/uploads\/2024\/12\/24-1.jpg 480w, https:\/\/www.espacegraphique.com\/blog\/wp-content\/uploads\/2024\/12\/24-1-225x300.jpg 225w\" sizes=\"auto, (max-width: 480px) 100vw, 480px\" \/><\/a><figcaption class=\"wp-element-caption\">Hippeastrum couleur framboise et blanc<\/figcaption><\/figure>\n\n\n\n<figure class=\"wp-block-image size-large\"><a href=\"https:\/\/www.espacegraphique.com\/blog\/wp-content\/uploads\/2024\/12\/23-1.jpg\"><img loading=\"lazy\" decoding=\"async\" width=\"640\" height=\"480\" data-id=\"4415\" src=\"https:\/\/www.espacegraphique.com\/blog\/wp-content\/uploads\/2024\/12\/23-1.jpg\" alt=\"\" class=\"wp-image-4415\" srcset=\"https:\/\/www.espacegraphique.com\/blog\/wp-content\/uploads\/2024\/12\/23-1.jpg 640w, https:\/\/www.espacegraphique.com\/blog\/wp-content\/uploads\/2024\/12\/23-1-300x225.jpg 300w\" sizes=\"auto, (max-width: 640px) 100vw, 640px\" \/><\/a><figcaption class=\"wp-element-caption\">Leucojum vernum (Niv\u00e9ole de printemps) &#8211; Fruit<\/figcaption><\/figure>\n\n\n\n<figure class=\"wp-block-image size-large\"><a href=\"https:\/\/www.espacegraphique.com\/blog\/wp-content\/uploads\/2024\/12\/22-3.jpg\"><img loading=\"lazy\" decoding=\"async\" width=\"640\" height=\"480\" data-id=\"4414\" src=\"https:\/\/www.espacegraphique.com\/blog\/wp-content\/uploads\/2024\/12\/22-3.jpg\" alt=\"\" class=\"wp-image-4414\" srcset=\"https:\/\/www.espacegraphique.com\/blog\/wp-content\/uploads\/2024\/12\/22-3.jpg 640w, https:\/\/www.espacegraphique.com\/blog\/wp-content\/uploads\/2024\/12\/22-3-300x225.jpg 300w\" sizes=\"auto, (max-width: 640px) 100vw, 640px\" \/><\/a><figcaption class=\"wp-element-caption\">Leucojum vernum (Niv\u00e9ole de printemps) &#8211; Groupe<\/figcaption><\/figure>\n\n\n\n<figure class=\"wp-block-image size-large\"><a href=\"https:\/\/www.espacegraphique.com\/blog\/wp-content\/uploads\/2024\/12\/21-3.jpg\"><img loading=\"lazy\" decoding=\"async\" width=\"640\" height=\"480\" data-id=\"4413\" src=\"https:\/\/www.espacegraphique.com\/blog\/wp-content\/uploads\/2024\/12\/21-3.jpg\" alt=\"\" class=\"wp-image-4413\" srcset=\"https:\/\/www.espacegraphique.com\/blog\/wp-content\/uploads\/2024\/12\/21-3.jpg 640w, https:\/\/www.espacegraphique.com\/blog\/wp-content\/uploads\/2024\/12\/21-3-300x225.jpg 300w\" sizes=\"auto, (max-width: 640px) 100vw, 640px\" \/><\/a><figcaption class=\"wp-element-caption\">Leucojum vernum (Niv\u00e9ole de printemps) &#8211; Etamines<\/figcaption><\/figure>\n\n\n\n<figure class=\"wp-block-image size-large\"><a href=\"https:\/\/www.espacegraphique.com\/blog\/wp-content\/uploads\/2024\/12\/20-3.jpg\"><img loading=\"lazy\" decoding=\"async\" width=\"480\" height=\"640\" data-id=\"4412\" src=\"https:\/\/www.espacegraphique.com\/blog\/wp-content\/uploads\/2024\/12\/20-3.jpg\" alt=\"\" class=\"wp-image-4412\" srcset=\"https:\/\/www.espacegraphique.com\/blog\/wp-content\/uploads\/2024\/12\/20-3.jpg 480w, https:\/\/www.espacegraphique.com\/blog\/wp-content\/uploads\/2024\/12\/20-3-225x300.jpg 225w\" sizes=\"auto, (max-width: 480px) 100vw, 480px\" \/><\/a><figcaption class=\"wp-element-caption\">Galanthus Nivalis (Perce Neige) &#8211; Fleurs doubles<\/figcaption><\/figure>\n\n\n\n<figure class=\"wp-block-image size-large\"><a href=\"https:\/\/www.espacegraphique.com\/blog\/wp-content\/uploads\/2024\/12\/19-3.jpg\"><img loading=\"lazy\" decoding=\"async\" width=\"480\" height=\"640\" data-id=\"4411\" src=\"https:\/\/www.espacegraphique.com\/blog\/wp-content\/uploads\/2024\/12\/19-3.jpg\" alt=\"\" class=\"wp-image-4411\" srcset=\"https:\/\/www.espacegraphique.com\/blog\/wp-content\/uploads\/2024\/12\/19-3.jpg 480w, https:\/\/www.espacegraphique.com\/blog\/wp-content\/uploads\/2024\/12\/19-3-225x300.jpg 225w\" sizes=\"auto, (max-width: 480px) 100vw, 480px\" \/><\/a><figcaption class=\"wp-element-caption\">Galanthus nivalis &#8211; Double<\/figcaption><\/figure>\n\n\n\n<figure class=\"wp-block-image size-large\"><a href=\"https:\/\/www.espacegraphique.com\/blog\/wp-content\/uploads\/2024\/12\/18-4.jpg\"><img loading=\"lazy\" decoding=\"async\" width=\"480\" height=\"640\" data-id=\"4410\" src=\"https:\/\/www.espacegraphique.com\/blog\/wp-content\/uploads\/2024\/12\/18-4.jpg\" alt=\"\" class=\"wp-image-4410\" srcset=\"https:\/\/www.espacegraphique.com\/blog\/wp-content\/uploads\/2024\/12\/18-4.jpg 480w, https:\/\/www.espacegraphique.com\/blog\/wp-content\/uploads\/2024\/12\/18-4-225x300.jpg 225w\" sizes=\"auto, (max-width: 480px) 100vw, 480px\" \/><\/a><figcaption class=\"wp-element-caption\">Galanthus nivalis &#8211; Fruit<\/figcaption><\/figure>\n\n\n\n<figure class=\"wp-block-image size-large\"><a href=\"https:\/\/www.espacegraphique.com\/blog\/wp-content\/uploads\/2024\/12\/17-4.jpg\"><img loading=\"lazy\" decoding=\"async\" width=\"640\" height=\"480\" data-id=\"4409\" src=\"https:\/\/www.espacegraphique.com\/blog\/wp-content\/uploads\/2024\/12\/17-4.jpg\" alt=\"\" class=\"wp-image-4409\" srcset=\"https:\/\/www.espacegraphique.com\/blog\/wp-content\/uploads\/2024\/12\/17-4.jpg 640w, https:\/\/www.espacegraphique.com\/blog\/wp-content\/uploads\/2024\/12\/17-4-300x225.jpg 300w\" sizes=\"auto, (max-width: 640px) 100vw, 640px\" \/><\/a><figcaption class=\"wp-element-caption\">PENTAX Image<\/figcaption><\/figure>\n\n\n\n<figure class=\"wp-block-image size-large\"><a href=\"https:\/\/www.espacegraphique.com\/blog\/wp-content\/uploads\/2024\/12\/16-4.jpg\"><img loading=\"lazy\" decoding=\"async\" width=\"640\" height=\"480\" data-id=\"4408\" src=\"https:\/\/www.espacegraphique.com\/blog\/wp-content\/uploads\/2024\/12\/16-4.jpg\" alt=\"\" class=\"wp-image-4408\" srcset=\"https:\/\/www.espacegraphique.com\/blog\/wp-content\/uploads\/2024\/12\/16-4.jpg 640w, https:\/\/www.espacegraphique.com\/blog\/wp-content\/uploads\/2024\/12\/16-4-300x225.jpg 300w\" sizes=\"auto, (max-width: 640px) 100vw, 640px\" \/><\/a><figcaption class=\"wp-element-caption\">Galanthus nivalis &#8211; Pied<\/figcaption><\/figure>\n\n\n\n<figure class=\"wp-block-image size-large\"><a href=\"https:\/\/www.espacegraphique.com\/blog\/wp-content\/uploads\/2024\/12\/15-4.jpg\"><img loading=\"lazy\" decoding=\"async\" width=\"480\" height=\"640\" data-id=\"4407\" src=\"https:\/\/www.espacegraphique.com\/blog\/wp-content\/uploads\/2024\/12\/15-4.jpg\" alt=\"\" class=\"wp-image-4407\" srcset=\"https:\/\/www.espacegraphique.com\/blog\/wp-content\/uploads\/2024\/12\/15-4.jpg 480w, https:\/\/www.espacegraphique.com\/blog\/wp-content\/uploads\/2024\/12\/15-4-225x300.jpg 225w\" sizes=\"auto, (max-width: 480px) 100vw, 480px\" \/><\/a><figcaption class=\"wp-element-caption\">Galanthus nivalis &#8211; Profil<\/figcaption><\/figure>\n\n\n\n<figure class=\"wp-block-image size-large\"><a href=\"https:\/\/www.espacegraphique.com\/blog\/wp-content\/uploads\/2024\/12\/14-5.jpg\"><img loading=\"lazy\" decoding=\"async\" width=\"480\" height=\"640\" data-id=\"4406\" src=\"https:\/\/www.espacegraphique.com\/blog\/wp-content\/uploads\/2024\/12\/14-5.jpg\" alt=\"\" class=\"wp-image-4406\" srcset=\"https:\/\/www.espacegraphique.com\/blog\/wp-content\/uploads\/2024\/12\/14-5.jpg 480w, https:\/\/www.espacegraphique.com\/blog\/wp-content\/uploads\/2024\/12\/14-5-225x300.jpg 225w\" sizes=\"auto, (max-width: 480px) 100vw, 480px\" \/><\/a><figcaption class=\"wp-element-caption\">Pousse d&rsquo;amaryllidac\u00e9e<\/figcaption><\/figure>\n\n\n\n<figure class=\"wp-block-image size-large\"><a href=\"https:\/\/www.espacegraphique.com\/blog\/wp-content\/uploads\/2024\/12\/13-5.jpg\"><img loading=\"lazy\" decoding=\"async\" width=\"480\" height=\"640\" data-id=\"4405\" src=\"https:\/\/www.espacegraphique.com\/blog\/wp-content\/uploads\/2024\/12\/13-5.jpg\" alt=\"\" class=\"wp-image-4405\" srcset=\"https:\/\/www.espacegraphique.com\/blog\/wp-content\/uploads\/2024\/12\/13-5.jpg 480w, https:\/\/www.espacegraphique.com\/blog\/wp-content\/uploads\/2024\/12\/13-5-225x300.jpg 225w\" sizes=\"auto, (max-width: 480px) 100vw, 480px\" \/><\/a><figcaption class=\"wp-element-caption\">Eucharis &#8211; Face<\/figcaption><\/figure>\n\n\n\n<figure class=\"wp-block-image size-large\"><a href=\"https:\/\/www.espacegraphique.com\/blog\/wp-content\/uploads\/2024\/12\/12-5.jpg\"><img loading=\"lazy\" decoding=\"async\" width=\"640\" height=\"480\" data-id=\"4404\" src=\"https:\/\/www.espacegraphique.com\/blog\/wp-content\/uploads\/2024\/12\/12-5.jpg\" alt=\"\" class=\"wp-image-4404\" srcset=\"https:\/\/www.espacegraphique.com\/blog\/wp-content\/uploads\/2024\/12\/12-5.jpg 640w, https:\/\/www.espacegraphique.com\/blog\/wp-content\/uploads\/2024\/12\/12-5-300x225.jpg 300w\" sizes=\"auto, (max-width: 640px) 100vw, 640px\" \/><\/a><figcaption class=\"wp-element-caption\">Eucharis<\/figcaption><\/figure>\n\n\n\n<figure class=\"wp-block-image size-large\"><a href=\"https:\/\/www.espacegraphique.com\/blog\/wp-content\/uploads\/2024\/12\/11-5.jpg\"><img loading=\"lazy\" decoding=\"async\" width=\"640\" height=\"480\" data-id=\"4403\" src=\"https:\/\/www.espacegraphique.com\/blog\/wp-content\/uploads\/2024\/12\/11-5.jpg\" alt=\"\" class=\"wp-image-4403\" srcset=\"https:\/\/www.espacegraphique.com\/blog\/wp-content\/uploads\/2024\/12\/11-5.jpg 640w, https:\/\/www.espacegraphique.com\/blog\/wp-content\/uploads\/2024\/12\/11-5-300x225.jpg 300w\" sizes=\"auto, (max-width: 640px) 100vw, 640px\" \/><\/a><figcaption class=\"wp-element-caption\">Narcissus (Narcisse) &#8211; Mini Bulbes<\/figcaption><\/figure>\n\n\n\n<figure class=\"wp-block-image size-large\"><a href=\"https:\/\/www.espacegraphique.com\/blog\/wp-content\/uploads\/2024\/12\/10-5.jpg\"><img loading=\"lazy\" decoding=\"async\" width=\"640\" height=\"480\" data-id=\"4402\" src=\"https:\/\/www.espacegraphique.com\/blog\/wp-content\/uploads\/2024\/12\/10-5.jpg\" alt=\"\" class=\"wp-image-4402\" srcset=\"https:\/\/www.espacegraphique.com\/blog\/wp-content\/uploads\/2024\/12\/10-5.jpg 640w, https:\/\/www.espacegraphique.com\/blog\/wp-content\/uploads\/2024\/12\/10-5-300x225.jpg 300w\" sizes=\"auto, (max-width: 640px) 100vw, 640px\" \/><\/a><figcaption class=\"wp-element-caption\">Narcissus (Narcisse) &#8211; Bouton<\/figcaption><\/figure>\n\n\n\n<figure class=\"wp-block-image size-large\"><a href=\"https:\/\/www.espacegraphique.com\/blog\/wp-content\/uploads\/2024\/12\/9-5.jpg\"><img loading=\"lazy\" decoding=\"async\" width=\"640\" height=\"480\" data-id=\"4401\" src=\"https:\/\/www.espacegraphique.com\/blog\/wp-content\/uploads\/2024\/12\/9-5.jpg\" alt=\"\" class=\"wp-image-4401\" srcset=\"https:\/\/www.espacegraphique.com\/blog\/wp-content\/uploads\/2024\/12\/9-5.jpg 640w, https:\/\/www.espacegraphique.com\/blog\/wp-content\/uploads\/2024\/12\/9-5-300x225.jpg 300w\" sizes=\"auto, (max-width: 640px) 100vw, 640px\" \/><\/a><figcaption class=\"wp-element-caption\">Narcissus (Narcisse) &#8211; Fruit<\/figcaption><\/figure>\n\n\n\n<figure class=\"wp-block-image size-large\"><a href=\"https:\/\/www.espacegraphique.com\/blog\/wp-content\/uploads\/2024\/12\/8-5.jpg\"><img loading=\"lazy\" decoding=\"async\" width=\"480\" height=\"640\" data-id=\"4400\" src=\"https:\/\/www.espacegraphique.com\/blog\/wp-content\/uploads\/2024\/12\/8-5.jpg\" alt=\"\" class=\"wp-image-4400\" srcset=\"https:\/\/www.espacegraphique.com\/blog\/wp-content\/uploads\/2024\/12\/8-5.jpg 480w, https:\/\/www.espacegraphique.com\/blog\/wp-content\/uploads\/2024\/12\/8-5-225x300.jpg 225w\" sizes=\"auto, (max-width: 480px) 100vw, 480px\" \/><\/a><figcaption class=\"wp-element-caption\">Narcissus (Narcisse) &#8211; Miniature double<\/figcaption><\/figure>\n\n\n\n<figure class=\"wp-block-image size-large\"><a href=\"https:\/\/www.espacegraphique.com\/blog\/wp-content\/uploads\/2024\/12\/7-6.jpg\"><img loading=\"lazy\" decoding=\"async\" width=\"640\" height=\"480\" data-id=\"4399\" src=\"https:\/\/www.espacegraphique.com\/blog\/wp-content\/uploads\/2024\/12\/7-6.jpg\" alt=\"\" class=\"wp-image-4399\" srcset=\"https:\/\/www.espacegraphique.com\/blog\/wp-content\/uploads\/2024\/12\/7-6.jpg 640w, https:\/\/www.espacegraphique.com\/blog\/wp-content\/uploads\/2024\/12\/7-6-300x225.jpg 300w\" sizes=\"auto, (max-width: 640px) 100vw, 640px\" \/><\/a><figcaption class=\"wp-element-caption\">Narcissus (Narcisse) &#8211; Mini Jaune<\/figcaption><\/figure>\n\n\n\n<figure class=\"wp-block-image size-large\"><a href=\"https:\/\/www.espacegraphique.com\/blog\/wp-content\/uploads\/2024\/12\/6-6.jpg\"><img loading=\"lazy\" decoding=\"async\" width=\"640\" height=\"480\" data-id=\"4398\" src=\"https:\/\/www.espacegraphique.com\/blog\/wp-content\/uploads\/2024\/12\/6-6.jpg\" alt=\"\" class=\"wp-image-4398\" srcset=\"https:\/\/www.espacegraphique.com\/blog\/wp-content\/uploads\/2024\/12\/6-6.jpg 640w, https:\/\/www.espacegraphique.com\/blog\/wp-content\/uploads\/2024\/12\/6-6-300x225.jpg 300w\" sizes=\"auto, (max-width: 640px) 100vw, 640px\" \/><\/a><figcaption class=\"wp-element-caption\">Narcissus (Narcisse) &#8211; Mini de face<\/figcaption><\/figure>\n\n\n\n<figure class=\"wp-block-image size-large\"><a href=\"https:\/\/www.espacegraphique.com\/blog\/wp-content\/uploads\/2024\/12\/5-6.jpg\"><img loading=\"lazy\" decoding=\"async\" width=\"640\" height=\"480\" data-id=\"4397\" src=\"https:\/\/www.espacegraphique.com\/blog\/wp-content\/uploads\/2024\/12\/5-6.jpg\" alt=\"\" class=\"wp-image-4397\" srcset=\"https:\/\/www.espacegraphique.com\/blog\/wp-content\/uploads\/2024\/12\/5-6.jpg 640w, https:\/\/www.espacegraphique.com\/blog\/wp-content\/uploads\/2024\/12\/5-6-300x225.jpg 300w\" sizes=\"auto, (max-width: 640px) 100vw, 640px\" \/><\/a><figcaption class=\"wp-element-caption\">Narcissus (Narcisse) &#8211; Simple et double<\/figcaption><\/figure>\n\n\n\n<figure class=\"wp-block-image size-large\"><a href=\"https:\/\/www.espacegraphique.com\/blog\/wp-content\/uploads\/2024\/12\/4-6.jpg\"><img loading=\"lazy\" decoding=\"async\" width=\"480\" height=\"640\" data-id=\"4396\" src=\"https:\/\/www.espacegraphique.com\/blog\/wp-content\/uploads\/2024\/12\/4-6.jpg\" alt=\"\" class=\"wp-image-4396\" srcset=\"https:\/\/www.espacegraphique.com\/blog\/wp-content\/uploads\/2024\/12\/4-6.jpg 480w, https:\/\/www.espacegraphique.com\/blog\/wp-content\/uploads\/2024\/12\/4-6-225x300.jpg 225w\" sizes=\"auto, (max-width: 480px) 100vw, 480px\" \/><\/a><figcaption class=\"wp-element-caption\">Narcissus (Narcisse) &#8211; Double<\/figcaption><\/figure>\n\n\n\n<figure class=\"wp-block-image size-large\"><a href=\"https:\/\/www.espacegraphique.com\/blog\/wp-content\/uploads\/2024\/12\/3-6.jpg\"><img loading=\"lazy\" decoding=\"async\" width=\"480\" height=\"640\" data-id=\"4395\" src=\"https:\/\/www.espacegraphique.com\/blog\/wp-content\/uploads\/2024\/12\/3-6.jpg\" alt=\"\" class=\"wp-image-4395\" srcset=\"https:\/\/www.espacegraphique.com\/blog\/wp-content\/uploads\/2024\/12\/3-6.jpg 480w, https:\/\/www.espacegraphique.com\/blog\/wp-content\/uploads\/2024\/12\/3-6-225x300.jpg 225w\" sizes=\"auto, (max-width: 480px) 100vw, 480px\" \/><\/a><figcaption class=\"wp-element-caption\">Narcissus pseudonarcissus (Narcisse jaune)<\/figcaption><\/figure>\n\n\n\n<figure class=\"wp-block-image size-large\"><a href=\"https:\/\/www.espacegraphique.com\/blog\/wp-content\/uploads\/2024\/12\/2-7.jpg\"><img loading=\"lazy\" decoding=\"async\" width=\"640\" height=\"480\" data-id=\"4394\" src=\"https:\/\/www.espacegraphique.com\/blog\/wp-content\/uploads\/2024\/12\/2-7.jpg\" alt=\"\" class=\"wp-image-4394\" srcset=\"https:\/\/www.espacegraphique.com\/blog\/wp-content\/uploads\/2024\/12\/2-7.jpg 640w, https:\/\/www.espacegraphique.com\/blog\/wp-content\/uploads\/2024\/12\/2-7-300x225.jpg 300w\" sizes=\"auto, (max-width: 640px) 100vw, 640px\" \/><\/a><figcaption class=\"wp-element-caption\">Narcissus poeticus (Narcisse des po\u00e8tes) &#8211; Axe vertical<\/figcaption><\/figure>\n\n\n\n<figure class=\"wp-block-image size-large\"><a href=\"https:\/\/www.espacegraphique.com\/blog\/wp-content\/uploads\/2024\/12\/1-7.jpg\"><img loading=\"lazy\" decoding=\"async\" width=\"480\" height=\"640\" data-id=\"4393\" src=\"https:\/\/www.espacegraphique.com\/blog\/wp-content\/uploads\/2024\/12\/1-7.jpg\" alt=\"\" class=\"wp-image-4393\" srcset=\"https:\/\/www.espacegraphique.com\/blog\/wp-content\/uploads\/2024\/12\/1-7.jpg 480w, https:\/\/www.espacegraphique.com\/blog\/wp-content\/uploads\/2024\/12\/1-7-225x300.jpg 225w\" sizes=\"auto, (max-width: 480px) 100vw, 480px\" \/><\/a><figcaption class=\"wp-element-caption\">Narcissus poeticus (Narcisse des po\u00e8tes) &#8211; Axe horizontal<\/figcaption><\/figure>\n<\/figure>\n\n\n\n<p class=\"has-medium-font-size\">Articles similaires<\/p>\n\n\n\n<figure class=\"wp-block-table\"><table class=\"has-fixed-layout\"><tbody><tr><td><br><br><br><\/td><\/tr><\/tbody><\/table><\/figure>\n\n\n\n<div class=\"wp-block-query is-layout-flow wp-block-query-is-layout-flow\"><ul class=\"wp-block-post-template is-layout-flow wp-block-post-template-is-layout-flow\"><li class=\"wp-block-post post-1763 post type-post status-publish format-standard has-post-thumbnail hentry category-photos tag-blanc tag-fleur tag-perce-neige\">\n<h2 class=\"wp-block-post-title\"><a href=\"https:\/\/www.espacegraphique.com\/blog\/photos\/le-jour-du-perce-neige-1763\" target=\"_self\" >Le jour du perce-neige<\/a><\/h2>\n\n<figure class=\"alignwide wp-block-post-featured-image\"><a href=\"https:\/\/www.espacegraphique.com\/blog\/photos\/le-jour-du-perce-neige-1763\" target=\"_self\"  ><img loading=\"lazy\" decoding=\"async\" width=\"630\" height=\"240\" src=\"https:\/\/www.espacegraphique.com\/blog\/wp-content\/uploads\/2013\/02\/perce-neige.jpg\" class=\"attachment-post-thumbnail size-post-thumbnail wp-post-image\" alt=\"Le jour du perce-neige\" style=\"object-fit:cover;\" srcset=\"https:\/\/www.espacegraphique.com\/blog\/wp-content\/uploads\/2013\/02\/perce-neige.jpg 630w, https:\/\/www.espacegraphique.com\/blog\/wp-content\/uploads\/2013\/02\/perce-neige-300x114.jpg 300w\" sizes=\"auto, (max-width: 630px) 100vw, 630px\" \/><\/a><\/figure>\n\n<div class=\"wp-block-post-excerpt\"><p class=\"wp-block-post-excerpt__excerpt\">Voil\u00e0, c&rsquo;est fait : un perce neige double sur son lit de glace. <\/p><\/div>\n\n\n<hr class=\"wp-block-separator has-css-opacity\"\/>\n\n\n<div class=\"wp-block-post-date\"><time datetime=\"2013-02-11T20:42:34+02:00\">11 f\u00e9vrier 2013<\/time><\/div>\n<\/li><\/ul><\/div>\n","protected":false},"excerpt":{"rendered":"<p>Famille des Amaryllidac\u00e9es&nbsp;&gt; Photos Galerie photos d&rsquo;Amaryllidac\u00e9es, de l&rsquo;Oignon au Narcisse des po\u00e8tes en passant par le Perce-Neige. Articles similaires<\/p>\n","protected":false},"author":1,"featured_media":4420,"parent":0,"menu_order":0,"comment_status":"closed","ping_status":"closed","template":"","meta":{"footnotes":""},"class_list":["post-4391","page","type-page","status-publish","has-post-thumbnail","hentry"],"aioseo_notices":[],"_links":{"self":[{"href":"https:\/\/www.espacegraphique.com\/blog\/wp-json\/wp\/v2\/pages\/4391","targetHints":{"allow":["GET"]}}],"collection":[{"href":"https:\/\/www.espacegraphique.com\/blog\/wp-json\/wp\/v2\/pages"}],"about":[{"href":"https:\/\/www.espacegraphique.com\/blog\/wp-json\/wp\/v2\/types\/page"}],"author":[{"embeddable":true,"href":"https:\/\/www.espacegraphique.com\/blog\/wp-json\/wp\/v2\/users\/1"}],"replies":[{"embeddable":true,"href":"https:\/\/www.espacegraphique.com\/blog\/wp-json\/wp\/v2\/comments?post=4391"}],"version-history":[{"count":3,"href":"https:\/\/www.espacegraphique.com\/blog\/wp-json\/wp\/v2\/pages\/4391\/revisions"}],"predecessor-version":[{"id":4424,"href":"https:\/\/www.espacegraphique.com\/blog\/wp-json\/wp\/v2\/pages\/4391\/revisions\/4424"}],"wp:featuredmedia":[{"embeddable":true,"href":"https:\/\/www.espacegraphique.com\/blog\/wp-json\/wp\/v2\/media\/4420"}],"wp:attachment":[{"href":"https:\/\/www.espacegraphique.com\/blog\/wp-json\/wp\/v2\/media?parent=4391"}],"curies":[{"name":"wp","href":"https:\/\/api.w.org\/{rel}","templated":true}]}}