{"id":4425,"date":"2024-12-10T20:18:42","date_gmt":"2024-12-10T18:18:42","guid":{"rendered":"https:\/\/www.espacegraphique.com\/blog\/?page_id=4425"},"modified":"2024-12-10T20:31:13","modified_gmt":"2024-12-10T18:31:13","slug":"photos-dapiacees","status":"publish","type":"page","link":"https:\/\/www.espacegraphique.com\/blog\/photos-dapiacees","title":{"rendered":"Photos d&rsquo;Apiac\u00e9es"},"content":{"rendered":"\n<p><a href=\"https:\/\/www.espacegraphique.com\/apiacees\/apiaceae.php\" title=\"\">Famille des Apiac\u00e9es<\/a> &gt; Photos<\/p>\n\n\n\n<p>De la paisible Carotte sauvage \u00e0 la terrible Berce du Caucase voici quelques ombelif\u00e9res que l&rsquo;on peut trouver sur le bord des chemins.<\/p>\n\n\n\n<figure class=\"wp-block-gallery has-nested-images columns-default is-cropped wp-block-gallery-1 is-layout-flex wp-block-gallery-is-layout-flex\">\n<figure class=\"wp-block-image size-large\"><a href=\"https:\/\/www.espacegraphique.com\/blog\/wp-content\/uploads\/2024\/12\/15-5.jpg\"><img loading=\"lazy\" decoding=\"async\" width=\"480\" height=\"640\" data-id=\"4441\" src=\"https:\/\/www.espacegraphique.com\/blog\/wp-content\/uploads\/2024\/12\/15-5.jpg\" alt=\"\" class=\"wp-image-4441\" srcset=\"https:\/\/www.espacegraphique.com\/blog\/wp-content\/uploads\/2024\/12\/15-5.jpg 480w, https:\/\/www.espacegraphique.com\/blog\/wp-content\/uploads\/2024\/12\/15-5-225x300.jpg 225w\" sizes=\"auto, (max-width: 480px) 100vw, 480px\" \/><\/a><figcaption class=\"wp-element-caption\">Heracleum mantegazzianum (Berce du Caucase) &#8211; Feuilles<\/figcaption><\/figure>\n\n\n\n<figure class=\"wp-block-image size-large\"><a href=\"https:\/\/www.espacegraphique.com\/blog\/wp-content\/uploads\/2024\/12\/14-6.jpg\"><img loading=\"lazy\" decoding=\"async\" width=\"640\" height=\"480\" data-id=\"4440\" src=\"https:\/\/www.espacegraphique.com\/blog\/wp-content\/uploads\/2024\/12\/14-6.jpg\" alt=\"\" class=\"wp-image-4440\" srcset=\"https:\/\/www.espacegraphique.com\/blog\/wp-content\/uploads\/2024\/12\/14-6.jpg 640w, https:\/\/www.espacegraphique.com\/blog\/wp-content\/uploads\/2024\/12\/14-6-300x225.jpg 300w\" sizes=\"auto, (max-width: 640px) 100vw, 640px\" \/><\/a><figcaption class=\"wp-element-caption\">Heracleum mantegazzianum (Berce du Caucase) &#8211; Ombelles<\/figcaption><\/figure>\n\n\n\n<figure class=\"wp-block-image size-large\"><a href=\"https:\/\/www.espacegraphique.com\/blog\/wp-content\/uploads\/2024\/12\/13-6.jpg\"><img loading=\"lazy\" decoding=\"async\" width=\"640\" height=\"480\" data-id=\"4439\" src=\"https:\/\/www.espacegraphique.com\/blog\/wp-content\/uploads\/2024\/12\/13-6.jpg\" alt=\"\" class=\"wp-image-4439\" srcset=\"https:\/\/www.espacegraphique.com\/blog\/wp-content\/uploads\/2024\/12\/13-6.jpg 640w, https:\/\/www.espacegraphique.com\/blog\/wp-content\/uploads\/2024\/12\/13-6-300x225.jpg 300w\" sizes=\"auto, (max-width: 640px) 100vw, 640px\" \/><\/a><figcaption class=\"wp-element-caption\">Crithmum maritimum (Criste-marine)<\/figcaption><\/figure>\n\n\n\n<figure class=\"wp-block-image size-large\"><a href=\"https:\/\/www.espacegraphique.com\/blog\/wp-content\/uploads\/2024\/12\/12-6.jpg\"><img loading=\"lazy\" decoding=\"async\" width=\"640\" height=\"480\" data-id=\"4438\" src=\"https:\/\/www.espacegraphique.com\/blog\/wp-content\/uploads\/2024\/12\/12-6.jpg\" alt=\"\" class=\"wp-image-4438\" srcset=\"https:\/\/www.espacegraphique.com\/blog\/wp-content\/uploads\/2024\/12\/12-6.jpg 640w, https:\/\/www.espacegraphique.com\/blog\/wp-content\/uploads\/2024\/12\/12-6-300x225.jpg 300w\" sizes=\"auto, (max-width: 640px) 100vw, 640px\" \/><\/a><figcaption class=\"wp-element-caption\">Aegopodium podagraria (Herbe aux goutteux) &#8211; Tige et pucerons<\/figcaption><\/figure>\n\n\n\n<figure class=\"wp-block-image size-large\"><a href=\"https:\/\/www.espacegraphique.com\/blog\/wp-content\/uploads\/2024\/12\/11-6.jpg\"><img loading=\"lazy\" decoding=\"async\" width=\"480\" height=\"640\" data-id=\"4437\" src=\"https:\/\/www.espacegraphique.com\/blog\/wp-content\/uploads\/2024\/12\/11-6.jpg\" alt=\"\" class=\"wp-image-4437\" srcset=\"https:\/\/www.espacegraphique.com\/blog\/wp-content\/uploads\/2024\/12\/11-6.jpg 480w, https:\/\/www.espacegraphique.com\/blog\/wp-content\/uploads\/2024\/12\/11-6-225x300.jpg 225w\" sizes=\"auto, (max-width: 480px) 100vw, 480px\" \/><\/a><figcaption class=\"wp-element-caption\">Aegopodium podagraria (Herbe aux goutteux) &#8211; Ombelles<\/figcaption><\/figure>\n\n\n\n<figure class=\"wp-block-image size-large\"><a href=\"https:\/\/www.espacegraphique.com\/blog\/wp-content\/uploads\/2024\/12\/10-6.jpg\"><img loading=\"lazy\" decoding=\"async\" width=\"640\" height=\"480\" data-id=\"4436\" src=\"https:\/\/www.espacegraphique.com\/blog\/wp-content\/uploads\/2024\/12\/10-6.jpg\" alt=\"\" class=\"wp-image-4436\" srcset=\"https:\/\/www.espacegraphique.com\/blog\/wp-content\/uploads\/2024\/12\/10-6.jpg 640w, https:\/\/www.espacegraphique.com\/blog\/wp-content\/uploads\/2024\/12\/10-6-300x225.jpg 300w\" sizes=\"auto, (max-width: 640px) 100vw, 640px\" \/><\/a><figcaption class=\"wp-element-caption\">Eryngium giganteum<\/figcaption><\/figure>\n\n\n\n<figure class=\"wp-block-image size-large\"><a href=\"https:\/\/www.espacegraphique.com\/blog\/wp-content\/uploads\/2024\/12\/9-6.jpg\"><img loading=\"lazy\" decoding=\"async\" width=\"480\" height=\"640\" data-id=\"4435\" src=\"https:\/\/www.espacegraphique.com\/blog\/wp-content\/uploads\/2024\/12\/9-6.jpg\" alt=\"\" class=\"wp-image-4435\" srcset=\"https:\/\/www.espacegraphique.com\/blog\/wp-content\/uploads\/2024\/12\/9-6.jpg 480w, https:\/\/www.espacegraphique.com\/blog\/wp-content\/uploads\/2024\/12\/9-6-225x300.jpg 225w\" sizes=\"auto, (max-width: 480px) 100vw, 480px\" \/><\/a><figcaption class=\"wp-element-caption\">Eryngium alpinum (Chardon bleu des Alpes)<\/figcaption><\/figure>\n\n\n\n<figure class=\"wp-block-image size-large\"><a href=\"https:\/\/www.espacegraphique.com\/blog\/wp-content\/uploads\/2024\/12\/8-6.jpg\"><img loading=\"lazy\" decoding=\"async\" width=\"640\" height=\"480\" data-id=\"4434\" src=\"https:\/\/www.espacegraphique.com\/blog\/wp-content\/uploads\/2024\/12\/8-6.jpg\" alt=\"\" class=\"wp-image-4434\" srcset=\"https:\/\/www.espacegraphique.com\/blog\/wp-content\/uploads\/2024\/12\/8-6.jpg 640w, https:\/\/www.espacegraphique.com\/blog\/wp-content\/uploads\/2024\/12\/8-6-300x225.jpg 300w\" sizes=\"auto, (max-width: 640px) 100vw, 640px\" \/><\/a><figcaption class=\"wp-element-caption\">Daucus carotta (Carotte sauvage)<\/figcaption><\/figure>\n\n\n\n<figure class=\"wp-block-image size-large\"><a href=\"https:\/\/www.espacegraphique.com\/blog\/wp-content\/uploads\/2024\/12\/7-7.jpg\"><img loading=\"lazy\" decoding=\"async\" width=\"640\" height=\"480\" data-id=\"4433\" src=\"https:\/\/www.espacegraphique.com\/blog\/wp-content\/uploads\/2024\/12\/7-7.jpg\" alt=\"\" class=\"wp-image-4433\" srcset=\"https:\/\/www.espacegraphique.com\/blog\/wp-content\/uploads\/2024\/12\/7-7.jpg 640w, https:\/\/www.espacegraphique.com\/blog\/wp-content\/uploads\/2024\/12\/7-7-300x225.jpg 300w\" sizes=\"auto, (max-width: 640px) 100vw, 640px\" \/><\/a><figcaption class=\"wp-element-caption\">Daucus carotta (Carotte sauvage) &#8211; Punaise arlequin<\/figcaption><\/figure>\n\n\n\n<figure class=\"wp-block-image size-large\"><a href=\"https:\/\/www.espacegraphique.com\/blog\/wp-content\/uploads\/2024\/12\/6-7.jpg\"><img loading=\"lazy\" decoding=\"async\" width=\"640\" height=\"480\" data-id=\"4432\" src=\"https:\/\/www.espacegraphique.com\/blog\/wp-content\/uploads\/2024\/12\/6-7.jpg\" alt=\"\" class=\"wp-image-4432\" srcset=\"https:\/\/www.espacegraphique.com\/blog\/wp-content\/uploads\/2024\/12\/6-7.jpg 640w, https:\/\/www.espacegraphique.com\/blog\/wp-content\/uploads\/2024\/12\/6-7-300x225.jpg 300w\" sizes=\"auto, (max-width: 640px) 100vw, 640px\" \/><\/a><figcaption class=\"wp-element-caption\">Daucus carotta (Carotte sauvage) &#8211; Ombelle<\/figcaption><\/figure>\n\n\n\n<figure class=\"wp-block-image size-large\"><a href=\"https:\/\/www.espacegraphique.com\/blog\/wp-content\/uploads\/2024\/12\/5-7.jpg\"><img loading=\"lazy\" decoding=\"async\" width=\"640\" height=\"480\" data-id=\"4431\" src=\"https:\/\/www.espacegraphique.com\/blog\/wp-content\/uploads\/2024\/12\/5-7.jpg\" alt=\"\" class=\"wp-image-4431\" srcset=\"https:\/\/www.espacegraphique.com\/blog\/wp-content\/uploads\/2024\/12\/5-7.jpg 640w, https:\/\/www.espacegraphique.com\/blog\/wp-content\/uploads\/2024\/12\/5-7-300x225.jpg 300w\" sizes=\"auto, (max-width: 640px) 100vw, 640px\" \/><\/a><figcaption class=\"wp-element-caption\">Angelica sylvestris (Ange\u0301lique sylvestre) &#8211; Tiges<\/figcaption><\/figure>\n\n\n\n<figure class=\"wp-block-image size-large\"><a href=\"https:\/\/www.espacegraphique.com\/blog\/wp-content\/uploads\/2024\/12\/4-7.jpg\"><img loading=\"lazy\" decoding=\"async\" width=\"640\" height=\"480\" data-id=\"4430\" src=\"https:\/\/www.espacegraphique.com\/blog\/wp-content\/uploads\/2024\/12\/4-7.jpg\" alt=\"\" class=\"wp-image-4430\" srcset=\"https:\/\/www.espacegraphique.com\/blog\/wp-content\/uploads\/2024\/12\/4-7.jpg 640w, https:\/\/www.espacegraphique.com\/blog\/wp-content\/uploads\/2024\/12\/4-7-300x225.jpg 300w\" sizes=\"auto, (max-width: 640px) 100vw, 640px\" \/><\/a><figcaption class=\"wp-element-caption\">Angelica sylvestris (Ange\u0301lique sylvestre) &#8211; Bois<\/figcaption><\/figure>\n\n\n\n<figure class=\"wp-block-image size-large\"><a href=\"https:\/\/www.espacegraphique.com\/blog\/wp-content\/uploads\/2024\/12\/3-7.jpg\"><img loading=\"lazy\" decoding=\"async\" width=\"640\" height=\"480\" data-id=\"4429\" src=\"https:\/\/www.espacegraphique.com\/blog\/wp-content\/uploads\/2024\/12\/3-7.jpg\" alt=\"\" class=\"wp-image-4429\" srcset=\"https:\/\/www.espacegraphique.com\/blog\/wp-content\/uploads\/2024\/12\/3-7.jpg 640w, https:\/\/www.espacegraphique.com\/blog\/wp-content\/uploads\/2024\/12\/3-7-300x225.jpg 300w\" sizes=\"auto, (max-width: 640px) 100vw, 640px\" \/><\/a><figcaption class=\"wp-element-caption\">Angelica sylvestris (Ange\u0301lique sylvestre) &#8211; Fleurs<\/figcaption><\/figure>\n\n\n\n<figure class=\"wp-block-image size-large\"><a href=\"https:\/\/www.espacegraphique.com\/blog\/wp-content\/uploads\/2024\/12\/2-8.jpg\"><img loading=\"lazy\" decoding=\"async\" width=\"640\" height=\"480\" data-id=\"4428\" src=\"https:\/\/www.espacegraphique.com\/blog\/wp-content\/uploads\/2024\/12\/2-8.jpg\" alt=\"\" class=\"wp-image-4428\" srcset=\"https:\/\/www.espacegraphique.com\/blog\/wp-content\/uploads\/2024\/12\/2-8.jpg 640w, https:\/\/www.espacegraphique.com\/blog\/wp-content\/uploads\/2024\/12\/2-8-300x225.jpg 300w\" sizes=\"auto, (max-width: 640px) 100vw, 640px\" \/><\/a><figcaption class=\"wp-element-caption\">Heracleum sphondylium (Berce commune) &#8211; De\u0301tail<\/figcaption><\/figure>\n\n\n\n<figure class=\"wp-block-image size-large\"><a href=\"https:\/\/www.espacegraphique.com\/blog\/wp-content\/uploads\/2024\/12\/1-8.jpg\"><img loading=\"lazy\" decoding=\"async\" width=\"640\" height=\"480\" data-id=\"4427\" src=\"https:\/\/www.espacegraphique.com\/blog\/wp-content\/uploads\/2024\/12\/1-8.jpg\" alt=\"\" class=\"wp-image-4427\" srcset=\"https:\/\/www.espacegraphique.com\/blog\/wp-content\/uploads\/2024\/12\/1-8.jpg 640w, https:\/\/www.espacegraphique.com\/blog\/wp-content\/uploads\/2024\/12\/1-8-300x225.jpg 300w\" sizes=\"auto, (max-width: 640px) 100vw, 640px\" \/><\/a><figcaption class=\"wp-element-caption\">Heracleum sphondylium (Berce commune)<\/figcaption><\/figure>\n<\/figure>\n\n\n\n<p class=\"has-medium-font-size\">Articles similaires<\/p>\n\n\n\n<figure class=\"wp-block-table\"><table class=\"has-fixed-layout\"><tbody><tr><td><br><br><br><\/td><\/tr><\/tbody><\/table><\/figure>\n\n\n\n<div class=\"wp-block-query is-layout-flow wp-block-query-is-layout-flow\"><ul class=\"wp-block-post-template is-layout-flow wp-block-post-template-is-layout-flow\"><li class=\"wp-block-post post-3168 post type-post status-publish format-standard has-post-thumbnail hentry category-aquarelles category-carton tag-aquarelle tag-blanc tag-ombelle\">\n<h2 class=\"wp-block-post-title\"><a href=\"https:\/\/www.espacegraphique.com\/blog\/carton\/aquarelles\/le-monde-des-ombelliferes-heracleum-sphondylium-3168\" target=\"_self\" >Le monde des ombellif\u00e8res &#8211; Heracleum sphondylium<\/a><\/h2>\n\n<figure class=\"alignwide wp-block-post-featured-image\"><a href=\"https:\/\/www.espacegraphique.com\/blog\/carton\/aquarelles\/le-monde-des-ombelliferes-heracleum-sphondylium-3168\" target=\"_self\"  ><img loading=\"lazy\" decoding=\"async\" width=\"640\" height=\"240\" src=\"https:\/\/www.espacegraphique.com\/blog\/wp-content\/uploads\/2015\/09\/heracleum-sphondylium-640.jpg\" class=\"attachment-post-thumbnail size-post-thumbnail wp-post-image\" alt=\"Le monde des ombellif\u00e8res &#8211; Heracleum sphondylium\" style=\"object-fit:cover;\" srcset=\"https:\/\/www.espacegraphique.com\/blog\/wp-content\/uploads\/2015\/09\/heracleum-sphondylium-640.jpg 640w, https:\/\/www.espacegraphique.com\/blog\/wp-content\/uploads\/2015\/09\/heracleum-sphondylium-640-300x113.jpg 300w\" sizes=\"auto, (max-width: 640px) 100vw, 640px\" \/><\/a><\/figure>\n\n<div class=\"wp-block-post-excerpt\"><p class=\"wp-block-post-excerpt__excerpt\">J&rsquo;ai longtemps fui comme la peste cette famille botanique. <\/p><\/div>\n\n\n<hr class=\"wp-block-separator has-css-opacity\"\/>\n\n\n<div class=\"wp-block-post-date\"><time datetime=\"2015-09-05T21:15:41+02:00\">5 septembre 2015<\/time><\/div>\n<\/li><li class=\"wp-block-post post-2724 post type-post status-publish format-standard has-post-thumbnail hentry category-art-floral tag-composition tag-fleur tag-jardin tag-mousse tag-symetrie\">\n<h2 class=\"wp-block-post-title\"><a href=\"https:\/\/www.espacegraphique.com\/blog\/art-floral\/faire-un-gateau-vegetal-avec-les-fleurs-du-jardin-2724\" target=\"_self\" >Faire un g\u00e2teau v\u00e9g\u00e9tal avec les fleurs du jardin<\/a><\/h2>\n\n<figure class=\"alignwide wp-block-post-featured-image\"><a href=\"https:\/\/www.espacegraphique.com\/blog\/art-floral\/faire-un-gateau-vegetal-avec-les-fleurs-du-jardin-2724\" target=\"_self\"  ><img loading=\"lazy\" decoding=\"async\" width=\"640\" height=\"240\" src=\"https:\/\/www.espacegraphique.com\/blog\/wp-content\/uploads\/2014\/06\/gateau-en-fleurs.jpg\" class=\"attachment-post-thumbnail size-post-thumbnail wp-post-image\" alt=\"Faire un g\u00e2teau v\u00e9g\u00e9tal avec les fleurs du jardin\" style=\"object-fit:cover;\" srcset=\"https:\/\/www.espacegraphique.com\/blog\/wp-content\/uploads\/2014\/06\/gateau-en-fleurs.jpg 640w, https:\/\/www.espacegraphique.com\/blog\/wp-content\/uploads\/2014\/06\/gateau-en-fleurs-300x112.jpg 300w, https:\/\/www.espacegraphique.com\/blog\/wp-content\/uploads\/2014\/06\/gateau-en-fleurs-600x225.jpg 600w\" sizes=\"auto, (max-width: 640px) 100vw, 640px\" \/><\/a><\/figure>\n\n<div class=\"wp-block-post-excerpt\"><p class=\"wp-block-post-excerpt__excerpt\">Ce g\u00e2teau est r\u00e9alis\u00e9 sur la base d&rsquo;un cylindre de mousse Oasis <\/p><\/div>\n\n\n<hr class=\"wp-block-separator has-css-opacity\"\/>\n\n\n<div class=\"wp-block-post-date\"><time datetime=\"2014-06-14T10:55:04+02:00\">14 juin 2014<\/time><\/div>\n<\/li><\/ul><\/div>\n","protected":false},"excerpt":{"rendered":"<p>Famille des Apiac\u00e9es &gt; Photos De la paisible Carotte sauvage \u00e0 la terrible Berce du Caucase voici quelques ombelif\u00e9res que l&rsquo;on peut trouver sur le bord des chemins. Articles similaires<\/p>\n","protected":false},"author":1,"featured_media":4434,"parent":0,"menu_order":0,"comment_status":"closed","ping_status":"closed","template":"","meta":{"footnotes":""},"class_list":["post-4425","page","type-page","status-publish","has-post-thumbnail","hentry"],"aioseo_notices":[],"_links":{"self":[{"href":"https:\/\/www.espacegraphique.com\/blog\/wp-json\/wp\/v2\/pages\/4425","targetHints":{"allow":["GET"]}}],"collection":[{"href":"https:\/\/www.espacegraphique.com\/blog\/wp-json\/wp\/v2\/pages"}],"about":[{"href":"https:\/\/www.espacegraphique.com\/blog\/wp-json\/wp\/v2\/types\/page"}],"author":[{"embeddable":true,"href":"https:\/\/www.espacegraphique.com\/blog\/wp-json\/wp\/v2\/users\/1"}],"replies":[{"embeddable":true,"href":"https:\/\/www.espacegraphique.com\/blog\/wp-json\/wp\/v2\/comments?post=4425"}],"version-history":[{"count":3,"href":"https:\/\/www.espacegraphique.com\/blog\/wp-json\/wp\/v2\/pages\/4425\/revisions"}],"predecessor-version":[{"id":4445,"href":"https:\/\/www.espacegraphique.com\/blog\/wp-json\/wp\/v2\/pages\/4425\/revisions\/4445"}],"wp:featuredmedia":[{"embeddable":true,"href":"https:\/\/www.espacegraphique.com\/blog\/wp-json\/wp\/v2\/media\/4434"}],"wp:attachment":[{"href":"https:\/\/www.espacegraphique.com\/blog\/wp-json\/wp\/v2\/media?parent=4425"}],"curies":[{"name":"wp","href":"https:\/\/api.w.org\/{rel}","templated":true}]}}