{"id":4502,"date":"2024-12-13T20:38:03","date_gmt":"2024-12-13T18:38:03","guid":{"rendered":"https:\/\/www.espacegraphique.com\/blog\/?page_id=4502"},"modified":"2024-12-13T20:55:12","modified_gmt":"2024-12-13T18:55:12","slug":"photos-dapocynacees","status":"publish","type":"page","link":"https:\/\/www.espacegraphique.com\/blog\/photos-dapocynacees","title":{"rendered":"Photos d&rsquo;Apocynac\u00e9es"},"content":{"rendered":"\n<p><a href=\"https:\/\/www.espacegraphique.com\/fleur\/hoya.php\" title=\"\">Famille des Apocynac\u00e9es<\/a>&nbsp;&gt; Photos<\/p>\n\n\n\n<p>De l&rsquo;Hoya au Frangipanier, d\u00e9couvrez quelques photos des fleurs et fruits de la famille des Apocynac\u00e9es.<\/p>\n\n\n\n<figure class=\"wp-block-gallery has-nested-images columns-default is-cropped wp-block-gallery-1 is-layout-flex wp-block-gallery-is-layout-flex\">\n<figure class=\"wp-block-image size-large\"><a href=\"https:\/\/www.espacegraphique.com\/blog\/wp-content\/uploads\/2024\/12\/15-7.jpg\"><img loading=\"lazy\" decoding=\"async\" width=\"640\" height=\"480\" data-id=\"4501\" src=\"https:\/\/www.espacegraphique.com\/blog\/wp-content\/uploads\/2024\/12\/15-7.jpg\" alt=\"\" class=\"wp-image-4501\" srcset=\"https:\/\/www.espacegraphique.com\/blog\/wp-content\/uploads\/2024\/12\/15-7.jpg 640w, https:\/\/www.espacegraphique.com\/blog\/wp-content\/uploads\/2024\/12\/15-7-300x225.jpg 300w\" sizes=\"auto, (max-width: 640px) 100vw, 640px\" \/><\/a><figcaption class=\"wp-element-caption\">Carissa macrocarpa (Prunier du natal) &#8211; Fleur<\/figcaption><\/figure>\n\n\n\n<figure class=\"wp-block-image size-large\"><a href=\"https:\/\/www.espacegraphique.com\/blog\/wp-content\/uploads\/2024\/12\/14-8.jpg\"><img loading=\"lazy\" decoding=\"async\" width=\"640\" height=\"480\" data-id=\"4500\" src=\"https:\/\/www.espacegraphique.com\/blog\/wp-content\/uploads\/2024\/12\/14-8.jpg\" alt=\"\" class=\"wp-image-4500\" srcset=\"https:\/\/www.espacegraphique.com\/blog\/wp-content\/uploads\/2024\/12\/14-8.jpg 640w, https:\/\/www.espacegraphique.com\/blog\/wp-content\/uploads\/2024\/12\/14-8-300x225.jpg 300w\" sizes=\"auto, (max-width: 640px) 100vw, 640px\" \/><\/a><figcaption class=\"wp-element-caption\">Carissa macrocarpa (Prunier du natal) &#8211; Rameau<\/figcaption><\/figure>\n\n\n\n<figure class=\"wp-block-image size-large\"><a href=\"https:\/\/www.espacegraphique.com\/blog\/wp-content\/uploads\/2024\/12\/13-8.jpg\"><img loading=\"lazy\" decoding=\"async\" width=\"480\" height=\"640\" data-id=\"4499\" src=\"https:\/\/www.espacegraphique.com\/blog\/wp-content\/uploads\/2024\/12\/13-8.jpg\" alt=\"\" class=\"wp-image-4499\" srcset=\"https:\/\/www.espacegraphique.com\/blog\/wp-content\/uploads\/2024\/12\/13-8.jpg 480w, https:\/\/www.espacegraphique.com\/blog\/wp-content\/uploads\/2024\/12\/13-8-225x300.jpg 225w\" sizes=\"auto, (max-width: 480px) 100vw, 480px\" \/><\/a><figcaption class=\"wp-element-caption\">Carissa macrocarpa (Prunier du natal) &#8211; Feuillage<\/figcaption><\/figure>\n\n\n\n<figure class=\"wp-block-image size-large\"><a href=\"https:\/\/www.espacegraphique.com\/blog\/wp-content\/uploads\/2024\/12\/12-8.jpg\"><img loading=\"lazy\" decoding=\"async\" width=\"640\" height=\"480\" data-id=\"4498\" src=\"https:\/\/www.espacegraphique.com\/blog\/wp-content\/uploads\/2024\/12\/12-8.jpg\" alt=\"\" class=\"wp-image-4498\" srcset=\"https:\/\/www.espacegraphique.com\/blog\/wp-content\/uploads\/2024\/12\/12-8.jpg 640w, https:\/\/www.espacegraphique.com\/blog\/wp-content\/uploads\/2024\/12\/12-8-300x225.jpg 300w\" sizes=\"auto, (max-width: 640px) 100vw, 640px\" \/><\/a><figcaption class=\"wp-element-caption\">Hoya dickasoniana &#8211; Fleurs et feuilles<\/figcaption><\/figure>\n\n\n\n<figure class=\"wp-block-image size-large\"><a href=\"https:\/\/www.espacegraphique.com\/blog\/wp-content\/uploads\/2024\/12\/11-8.jpg\"><img loading=\"lazy\" decoding=\"async\" width=\"640\" height=\"480\" data-id=\"4497\" src=\"https:\/\/www.espacegraphique.com\/blog\/wp-content\/uploads\/2024\/12\/11-8.jpg\" alt=\"\" class=\"wp-image-4497\" srcset=\"https:\/\/www.espacegraphique.com\/blog\/wp-content\/uploads\/2024\/12\/11-8.jpg 640w, https:\/\/www.espacegraphique.com\/blog\/wp-content\/uploads\/2024\/12\/11-8-300x225.jpg 300w\" sizes=\"auto, (max-width: 640px) 100vw, 640px\" \/><\/a><figcaption class=\"wp-element-caption\">Hoya dickasoniana &#8211; Capitule<\/figcaption><\/figure>\n\n\n\n<figure class=\"wp-block-image size-large\"><a href=\"https:\/\/www.espacegraphique.com\/blog\/wp-content\/uploads\/2024\/12\/10-8.jpg\"><img loading=\"lazy\" decoding=\"async\" width=\"480\" height=\"640\" data-id=\"4496\" src=\"https:\/\/www.espacegraphique.com\/blog\/wp-content\/uploads\/2024\/12\/10-8.jpg\" alt=\"\" class=\"wp-image-4496\" srcset=\"https:\/\/www.espacegraphique.com\/blog\/wp-content\/uploads\/2024\/12\/10-8.jpg 480w, https:\/\/www.espacegraphique.com\/blog\/wp-content\/uploads\/2024\/12\/10-8-225x300.jpg 225w\" sizes=\"auto, (max-width: 480px) 100vw, 480px\" \/><\/a><figcaption class=\"wp-element-caption\">Hoya carnosa &lsquo;compacta&rsquo;<\/figcaption><\/figure>\n\n\n\n<figure class=\"wp-block-image size-large\"><a href=\"https:\/\/www.espacegraphique.com\/blog\/wp-content\/uploads\/2024\/12\/9-8.jpg\"><img loading=\"lazy\" decoding=\"async\" width=\"640\" height=\"480\" data-id=\"4495\" src=\"https:\/\/www.espacegraphique.com\/blog\/wp-content\/uploads\/2024\/12\/9-8.jpg\" alt=\"\" class=\"wp-image-4495\" srcset=\"https:\/\/www.espacegraphique.com\/blog\/wp-content\/uploads\/2024\/12\/9-8.jpg 640w, https:\/\/www.espacegraphique.com\/blog\/wp-content\/uploads\/2024\/12\/9-8-300x225.jpg 300w\" sizes=\"auto, (max-width: 640px) 100vw, 640px\" \/><\/a><figcaption class=\"wp-element-caption\">Cerbera manghas (Mintolla) &#8211; Fruit<\/figcaption><\/figure>\n\n\n\n<figure class=\"wp-block-image size-large\"><a href=\"https:\/\/www.espacegraphique.com\/blog\/wp-content\/uploads\/2024\/12\/8-8.jpg\"><img loading=\"lazy\" decoding=\"async\" width=\"640\" height=\"425\" data-id=\"4494\" src=\"https:\/\/www.espacegraphique.com\/blog\/wp-content\/uploads\/2024\/12\/8-8.jpg\" alt=\"\" class=\"wp-image-4494\" srcset=\"https:\/\/www.espacegraphique.com\/blog\/wp-content\/uploads\/2024\/12\/8-8.jpg 640w, https:\/\/www.espacegraphique.com\/blog\/wp-content\/uploads\/2024\/12\/8-8-300x199.jpg 300w\" sizes=\"auto, (max-width: 640px) 100vw, 640px\" \/><\/a><figcaption class=\"wp-element-caption\">Plumeria alba (Frangipanier)<\/figcaption><\/figure>\n\n\n\n<figure class=\"wp-block-image size-large\"><a href=\"https:\/\/www.espacegraphique.com\/blog\/wp-content\/uploads\/2024\/12\/6-9.jpg\"><img loading=\"lazy\" decoding=\"async\" width=\"640\" height=\"480\" data-id=\"4493\" src=\"https:\/\/www.espacegraphique.com\/blog\/wp-content\/uploads\/2024\/12\/6-9.jpg\" alt=\"\" class=\"wp-image-4493\" srcset=\"https:\/\/www.espacegraphique.com\/blog\/wp-content\/uploads\/2024\/12\/6-9.jpg 640w, https:\/\/www.espacegraphique.com\/blog\/wp-content\/uploads\/2024\/12\/6-9-300x225.jpg 300w\" sizes=\"auto, (max-width: 640px) 100vw, 640px\" \/><\/a><figcaption class=\"wp-element-caption\">Vinca (Pervenche) &#8211; Massif<\/figcaption><\/figure>\n\n\n\n<figure class=\"wp-block-image size-large\"><a href=\"https:\/\/www.espacegraphique.com\/blog\/wp-content\/uploads\/2024\/12\/5-9.jpg\"><img loading=\"lazy\" decoding=\"async\" width=\"640\" height=\"480\" data-id=\"4492\" src=\"https:\/\/www.espacegraphique.com\/blog\/wp-content\/uploads\/2024\/12\/5-9.jpg\" alt=\"\" class=\"wp-image-4492\" srcset=\"https:\/\/www.espacegraphique.com\/blog\/wp-content\/uploads\/2024\/12\/5-9.jpg 640w, https:\/\/www.espacegraphique.com\/blog\/wp-content\/uploads\/2024\/12\/5-9-300x225.jpg 300w\" sizes=\"auto, (max-width: 640px) 100vw, 640px\" \/><\/a><figcaption class=\"wp-element-caption\">Vinca (Pervenche)<\/figcaption><\/figure>\n\n\n\n<figure class=\"wp-block-image size-large\"><a href=\"https:\/\/www.espacegraphique.com\/blog\/wp-content\/uploads\/2024\/12\/4-9.jpg\"><img loading=\"lazy\" decoding=\"async\" width=\"640\" height=\"480\" data-id=\"4491\" src=\"https:\/\/www.espacegraphique.com\/blog\/wp-content\/uploads\/2024\/12\/4-9.jpg\" alt=\"\" class=\"wp-image-4491\" srcset=\"https:\/\/www.espacegraphique.com\/blog\/wp-content\/uploads\/2024\/12\/4-9.jpg 640w, https:\/\/www.espacegraphique.com\/blog\/wp-content\/uploads\/2024\/12\/4-9-300x225.jpg 300w\" sizes=\"auto, (max-width: 640px) 100vw, 640px\" \/><\/a><figcaption class=\"wp-element-caption\">Hoya carnosa &lsquo;variegata&rsquo; &#8211; Boutons<\/figcaption><\/figure>\n\n\n\n<figure class=\"wp-block-image size-large\"><a href=\"https:\/\/www.espacegraphique.com\/blog\/wp-content\/uploads\/2024\/12\/3-10.jpg\"><img loading=\"lazy\" decoding=\"async\" width=\"480\" height=\"640\" data-id=\"4490\" src=\"https:\/\/www.espacegraphique.com\/blog\/wp-content\/uploads\/2024\/12\/3-10.jpg\" alt=\"\" class=\"wp-image-4490\" srcset=\"https:\/\/www.espacegraphique.com\/blog\/wp-content\/uploads\/2024\/12\/3-10.jpg 480w, https:\/\/www.espacegraphique.com\/blog\/wp-content\/uploads\/2024\/12\/3-10-225x300.jpg 225w\" sizes=\"auto, (max-width: 480px) 100vw, 480px\" \/><\/a><figcaption class=\"wp-element-caption\">Hoya carnosa &lsquo;variegata&rsquo; &#8211; Liane<\/figcaption><\/figure>\n\n\n\n<figure class=\"wp-block-image size-large\"><a href=\"https:\/\/www.espacegraphique.com\/blog\/wp-content\/uploads\/2024\/12\/1-11.jpg\"><img loading=\"lazy\" decoding=\"async\" width=\"640\" height=\"480\" data-id=\"4489\" src=\"https:\/\/www.espacegraphique.com\/blog\/wp-content\/uploads\/2024\/12\/1-11.jpg\" alt=\"\" class=\"wp-image-4489\" srcset=\"https:\/\/www.espacegraphique.com\/blog\/wp-content\/uploads\/2024\/12\/1-11.jpg 640w, https:\/\/www.espacegraphique.com\/blog\/wp-content\/uploads\/2024\/12\/1-11-300x225.jpg 300w\" sizes=\"auto, (max-width: 640px) 100vw, 640px\" \/><\/a><figcaption class=\"wp-element-caption\">Hoya carnosa &lsquo;variegata&rsquo; &#8211; Fleur<\/figcaption><\/figure>\n\n\n\n<figure class=\"wp-block-image size-large\"><a href=\"https:\/\/www.espacegraphique.com\/blog\/wp-content\/uploads\/2024\/12\/2-10.jpg\"><img loading=\"lazy\" decoding=\"async\" width=\"768\" height=\"1024\" data-id=\"4487\" src=\"https:\/\/www.espacegraphique.com\/blog\/wp-content\/uploads\/2024\/12\/2-10-768x1024.jpg\" alt=\"\" class=\"wp-image-4487\" srcset=\"https:\/\/www.espacegraphique.com\/blog\/wp-content\/uploads\/2024\/12\/2-10-768x1024.jpg 768w, https:\/\/www.espacegraphique.com\/blog\/wp-content\/uploads\/2024\/12\/2-10-225x300.jpg 225w, https:\/\/www.espacegraphique.com\/blog\/wp-content\/uploads\/2024\/12\/2-10-1152x1536.jpg 1152w, https:\/\/www.espacegraphique.com\/blog\/wp-content\/uploads\/2024\/12\/2-10-1536x2048.jpg 1536w, https:\/\/www.espacegraphique.com\/blog\/wp-content\/uploads\/2024\/12\/2-10.jpg 1704w\" sizes=\"auto, (max-width: 768px) 100vw, 768px\" \/><\/a><figcaption class=\"wp-element-caption\">Hoya carnosa &lsquo;variegata&rsquo; &#8211; Capitule<\/figcaption><\/figure>\n<\/figure>\n\n\n\n<p class=\"has-medium-font-size\">Articles similaires<\/p>\n\n\n\n<figure class=\"wp-block-table\"><table class=\"has-fixed-layout\"><tbody><tr><td><br><br><br><\/td><\/tr><\/tbody><\/table><\/figure>\n\n\n\n<div class=\"wp-block-query is-layout-flow wp-block-query-is-layout-flow\"><ul class=\"wp-block-post-template is-layout-flow wp-block-post-template-is-layout-flow\"><li class=\"wp-block-post post-1685 post type-post status-publish format-standard has-post-thumbnail hentry category-photos tag-blanc tag-liane\">\n<h2 class=\"wp-block-post-title\"><a href=\"https:\/\/www.espacegraphique.com\/blog\/photos\/hoya-dickasoniana-liane-fleur-porcelaine-1685\" target=\"_self\" >Hoya dickasoniana, une liane aux fleurs de porcelaine<\/a><\/h2>\n\n<figure class=\"alignwide wp-block-post-featured-image\"><a href=\"https:\/\/www.espacegraphique.com\/blog\/photos\/hoya-dickasoniana-liane-fleur-porcelaine-1685\" target=\"_self\"  ><img loading=\"lazy\" decoding=\"async\" width=\"630\" height=\"240\" src=\"https:\/\/www.espacegraphique.com\/blog\/wp-content\/uploads\/2012\/12\/hoya-dickasoniana.jpg\" class=\"attachment-post-thumbnail size-post-thumbnail wp-post-image\" alt=\"Hoya dickasoniana, une liane aux fleurs de porcelaine\" style=\"object-fit:cover;\" srcset=\"https:\/\/www.espacegraphique.com\/blog\/wp-content\/uploads\/2012\/12\/hoya-dickasoniana.jpg 630w, https:\/\/www.espacegraphique.com\/blog\/wp-content\/uploads\/2012\/12\/hoya-dickasoniana-300x114.jpg 300w\" sizes=\"auto, (max-width: 630px) 100vw, 630px\" \/><\/a><\/figure>\n\n<div class=\"wp-block-post-excerpt\"><p class=\"wp-block-post-excerpt__excerpt\">C&rsquo;est une plante aux feuilles lanc\u00e9ol\u00e9es de la famille des Apocynac\u00e9es <\/p><\/div>\n\n\n<hr class=\"wp-block-separator has-css-opacity\"\/>\n\n\n<div class=\"wp-block-post-date\"><time datetime=\"2012-12-16T10:44:22+02:00\">16 d\u00e9cembre 2012<\/time><\/div>\n<\/li><\/ul><\/div>\n","protected":false},"excerpt":{"rendered":"<p>Famille des Apocynac\u00e9es&nbsp;&gt; Photos De l&rsquo;Hoya au Frangipanier, d\u00e9couvrez quelques photos des fleurs et fruits de la famille des Apocynac\u00e9es. Articles similaires<\/p>\n","protected":false},"author":1,"featured_media":4494,"parent":0,"menu_order":0,"comment_status":"closed","ping_status":"closed","template":"","meta":{"footnotes":""},"class_list":["post-4502","page","type-page","status-publish","has-post-thumbnail","hentry"],"aioseo_notices":[],"_links":{"self":[{"href":"https:\/\/www.espacegraphique.com\/blog\/wp-json\/wp\/v2\/pages\/4502","targetHints":{"allow":["GET"]}}],"collection":[{"href":"https:\/\/www.espacegraphique.com\/blog\/wp-json\/wp\/v2\/pages"}],"about":[{"href":"https:\/\/www.espacegraphique.com\/blog\/wp-json\/wp\/v2\/types\/page"}],"author":[{"embeddable":true,"href":"https:\/\/www.espacegraphique.com\/blog\/wp-json\/wp\/v2\/users\/1"}],"replies":[{"embeddable":true,"href":"https:\/\/www.espacegraphique.com\/blog\/wp-json\/wp\/v2\/comments?post=4502"}],"version-history":[{"count":2,"href":"https:\/\/www.espacegraphique.com\/blog\/wp-json\/wp\/v2\/pages\/4502\/revisions"}],"predecessor-version":[{"id":4505,"href":"https:\/\/www.espacegraphique.com\/blog\/wp-json\/wp\/v2\/pages\/4502\/revisions\/4505"}],"wp:featuredmedia":[{"embeddable":true,"href":"https:\/\/www.espacegraphique.com\/blog\/wp-json\/wp\/v2\/media\/4494"}],"wp:attachment":[{"href":"https:\/\/www.espacegraphique.com\/blog\/wp-json\/wp\/v2\/media?parent=4502"}],"curies":[{"name":"wp","href":"https:\/\/api.w.org\/{rel}","templated":true}]}}