{"id":4580,"date":"2025-01-04T19:30:42","date_gmt":"2025-01-04T17:30:42","guid":{"rendered":"https:\/\/www.espacegraphique.com\/blog\/?page_id=4580"},"modified":"2025-01-04T20:04:08","modified_gmt":"2025-01-04T18:04:08","slug":"photos-dasteracees-tubuliflores","status":"publish","type":"page","link":"https:\/\/www.espacegraphique.com\/blog\/photos-dasteracees-tubuliflores","title":{"rendered":"Photos d&rsquo;Ast\u00e9rac\u00e9es tubuliflores"},"content":{"rendered":"\n<p><a href=\"https:\/\/www.espacegraphique.com\/asteracees\/gerbera.php\" title=\"\">Famille des Ast\u00e9rac\u00e9es<\/a> &gt; Photos<\/p>\n\n\n\n<p>Les Ast\u00e9rac\u00e9es tubuliflores ont une gamme color\u00e9e qui va souvent dans le bleu ou encore le violet comme cette\u00a0<em>Serratula tincturia<\/em>\u00a0(Serratule des teinturiers).<\/p>\n\n\n\n<figure class=\"wp-block-gallery has-nested-images columns-default is-cropped wp-block-gallery-1 is-layout-flex wp-block-gallery-is-layout-flex\">\n<figure class=\"wp-block-image size-large\"><a href=\"https:\/\/www.espacegraphique.com\/blog\/wp-content\/uploads\/2025\/01\/23.jpg\"><img loading=\"lazy\" decoding=\"async\" width=\"480\" height=\"640\" data-id=\"4604\" src=\"https:\/\/www.espacegraphique.com\/blog\/wp-content\/uploads\/2025\/01\/23.jpg\" alt=\"\" class=\"wp-image-4604\" srcset=\"https:\/\/www.espacegraphique.com\/blog\/wp-content\/uploads\/2025\/01\/23.jpg 480w, https:\/\/www.espacegraphique.com\/blog\/wp-content\/uploads\/2025\/01\/23-225x300.jpg 225w\" sizes=\"auto, (max-width: 480px) 100vw, 480px\" \/><\/a><figcaption class=\"wp-element-caption\">Senecio (S\u00e9ne\u00e7on)<\/figcaption><\/figure>\n\n\n\n<figure class=\"wp-block-image size-large\"><a href=\"https:\/\/www.espacegraphique.com\/blog\/wp-content\/uploads\/2025\/01\/22.jpg\"><img loading=\"lazy\" decoding=\"async\" width=\"640\" height=\"480\" data-id=\"4603\" src=\"https:\/\/www.espacegraphique.com\/blog\/wp-content\/uploads\/2025\/01\/22.jpg\" alt=\"\" class=\"wp-image-4603\" srcset=\"https:\/\/www.espacegraphique.com\/blog\/wp-content\/uploads\/2025\/01\/22.jpg 640w, https:\/\/www.espacegraphique.com\/blog\/wp-content\/uploads\/2025\/01\/22-300x225.jpg 300w\" sizes=\"auto, (max-width: 640px) 100vw, 640px\" \/><\/a><figcaption class=\"wp-element-caption\">Edelweiss (Leontopodium alpinum) Fleurs de culture<\/figcaption><\/figure>\n\n\n\n<figure class=\"wp-block-image size-large\"><a href=\"https:\/\/www.espacegraphique.com\/blog\/wp-content\/uploads\/2025\/01\/21.jpg\"><img loading=\"lazy\" decoding=\"async\" width=\"640\" height=\"480\" data-id=\"4602\" src=\"https:\/\/www.espacegraphique.com\/blog\/wp-content\/uploads\/2025\/01\/21.jpg\" alt=\"\" class=\"wp-image-4602\" srcset=\"https:\/\/www.espacegraphique.com\/blog\/wp-content\/uploads\/2025\/01\/21.jpg 640w, https:\/\/www.espacegraphique.com\/blog\/wp-content\/uploads\/2025\/01\/21-300x225.jpg 300w\" sizes=\"auto, (max-width: 640px) 100vw, 640px\" \/><\/a><figcaption class=\"wp-element-caption\">Edelweiss (Leontopodium alpinum)<\/figcaption><\/figure>\n\n\n\n<figure class=\"wp-block-image size-large\"><a href=\"https:\/\/www.espacegraphique.com\/blog\/wp-content\/uploads\/2025\/01\/20.jpg\"><img loading=\"lazy\" decoding=\"async\" width=\"640\" height=\"480\" data-id=\"4601\" src=\"https:\/\/www.espacegraphique.com\/blog\/wp-content\/uploads\/2025\/01\/20.jpg\" alt=\"\" class=\"wp-image-4601\" srcset=\"https:\/\/www.espacegraphique.com\/blog\/wp-content\/uploads\/2025\/01\/20.jpg 640w, https:\/\/www.espacegraphique.com\/blog\/wp-content\/uploads\/2025\/01\/20-300x225.jpg 300w\" sizes=\"auto, (max-width: 640px) 100vw, 640px\" \/><\/a><figcaption class=\"wp-element-caption\">Bleuet des champs (Centaurea cyanus)<\/figcaption><\/figure>\n\n\n\n<figure class=\"wp-block-image size-large\"><a href=\"https:\/\/www.espacegraphique.com\/blog\/wp-content\/uploads\/2025\/01\/19.jpg\"><img loading=\"lazy\" decoding=\"async\" width=\"640\" height=\"480\" data-id=\"4600\" src=\"https:\/\/www.espacegraphique.com\/blog\/wp-content\/uploads\/2025\/01\/19.jpg\" alt=\"\" class=\"wp-image-4600\" srcset=\"https:\/\/www.espacegraphique.com\/blog\/wp-content\/uploads\/2025\/01\/19.jpg 640w, https:\/\/www.espacegraphique.com\/blog\/wp-content\/uploads\/2025\/01\/19-300x225.jpg 300w\" sizes=\"auto, (max-width: 640px) 100vw, 640px\" \/><\/a><figcaption class=\"wp-element-caption\">Bleuet des champs (Centaurea cyanus)<\/figcaption><\/figure>\n\n\n\n<figure class=\"wp-block-image size-large\"><a href=\"https:\/\/www.espacegraphique.com\/blog\/wp-content\/uploads\/2025\/01\/18.jpg\"><img loading=\"lazy\" decoding=\"async\" width=\"640\" height=\"480\" data-id=\"4599\" src=\"https:\/\/www.espacegraphique.com\/blog\/wp-content\/uploads\/2025\/01\/18.jpg\" alt=\"\" class=\"wp-image-4599\" srcset=\"https:\/\/www.espacegraphique.com\/blog\/wp-content\/uploads\/2025\/01\/18.jpg 640w, https:\/\/www.espacegraphique.com\/blog\/wp-content\/uploads\/2025\/01\/18-300x225.jpg 300w\" sizes=\"auto, (max-width: 640px) 100vw, 640px\" \/><\/a><figcaption class=\"wp-element-caption\">Bardane (Articum)<\/figcaption><\/figure>\n\n\n\n<figure class=\"wp-block-image size-large\"><a href=\"https:\/\/www.espacegraphique.com\/blog\/wp-content\/uploads\/2025\/01\/17.jpg\"><img loading=\"lazy\" decoding=\"async\" width=\"640\" height=\"480\" data-id=\"4598\" src=\"https:\/\/www.espacegraphique.com\/blog\/wp-content\/uploads\/2025\/01\/17.jpg\" alt=\"\" class=\"wp-image-4598\" srcset=\"https:\/\/www.espacegraphique.com\/blog\/wp-content\/uploads\/2025\/01\/17.jpg 640w, https:\/\/www.espacegraphique.com\/blog\/wp-content\/uploads\/2025\/01\/17-300x225.jpg 300w\" sizes=\"auto, (max-width: 640px) 100vw, 640px\" \/><\/a><figcaption class=\"wp-element-caption\">Petite Bardane (Arctium minus)<\/figcaption><\/figure>\n\n\n\n<figure class=\"wp-block-image size-large\"><a href=\"https:\/\/www.espacegraphique.com\/blog\/wp-content\/uploads\/2025\/01\/16.jpg\"><img loading=\"lazy\" decoding=\"async\" width=\"640\" height=\"480\" data-id=\"4597\" src=\"https:\/\/www.espacegraphique.com\/blog\/wp-content\/uploads\/2025\/01\/16.jpg\" alt=\"\" class=\"wp-image-4597\" srcset=\"https:\/\/www.espacegraphique.com\/blog\/wp-content\/uploads\/2025\/01\/16.jpg 640w, https:\/\/www.espacegraphique.com\/blog\/wp-content\/uploads\/2025\/01\/16-300x225.jpg 300w\" sizes=\"auto, (max-width: 640px) 100vw, 640px\" \/><\/a><figcaption class=\"wp-element-caption\">Circe (Circium)<\/figcaption><\/figure>\n\n\n\n<figure class=\"wp-block-image size-large\"><a href=\"https:\/\/www.espacegraphique.com\/blog\/wp-content\/uploads\/2025\/01\/15.jpg\"><img loading=\"lazy\" decoding=\"async\" width=\"480\" height=\"640\" data-id=\"4596\" src=\"https:\/\/www.espacegraphique.com\/blog\/wp-content\/uploads\/2025\/01\/15.jpg\" alt=\"\" class=\"wp-image-4596\" srcset=\"https:\/\/www.espacegraphique.com\/blog\/wp-content\/uploads\/2025\/01\/15.jpg 480w, https:\/\/www.espacegraphique.com\/blog\/wp-content\/uploads\/2025\/01\/15-225x300.jpg 225w\" sizes=\"auto, (max-width: 480px) 100vw, 480px\" \/><\/a><figcaption class=\"wp-element-caption\">Chardon marie (Sylibum marianum)<\/figcaption><\/figure>\n\n\n\n<figure class=\"wp-block-image size-large\"><a href=\"https:\/\/www.espacegraphique.com\/blog\/wp-content\/uploads\/2025\/01\/14.jpg\"><img loading=\"lazy\" decoding=\"async\" width=\"768\" height=\"1024\" data-id=\"4595\" src=\"https:\/\/www.espacegraphique.com\/blog\/wp-content\/uploads\/2025\/01\/14-768x1024.jpg\" alt=\"\" class=\"wp-image-4595\" srcset=\"https:\/\/www.espacegraphique.com\/blog\/wp-content\/uploads\/2025\/01\/14-768x1024.jpg 768w, https:\/\/www.espacegraphique.com\/blog\/wp-content\/uploads\/2025\/01\/14-225x300.jpg 225w, https:\/\/www.espacegraphique.com\/blog\/wp-content\/uploads\/2025\/01\/14-1152x1536.jpg 1152w, https:\/\/www.espacegraphique.com\/blog\/wp-content\/uploads\/2025\/01\/14-1536x2048.jpg 1536w, https:\/\/www.espacegraphique.com\/blog\/wp-content\/uploads\/2025\/01\/14.jpg 1704w\" sizes=\"auto, (max-width: 768px) 100vw, 768px\" \/><\/a><figcaption class=\"wp-element-caption\">Serratule des teinturiers (Serratula tincturia) Sarette de profil<\/figcaption><\/figure>\n\n\n\n<figure class=\"wp-block-image size-large\"><a href=\"https:\/\/www.espacegraphique.com\/blog\/wp-content\/uploads\/2025\/01\/13.jpg\"><img loading=\"lazy\" decoding=\"async\" width=\"640\" height=\"480\" data-id=\"4594\" src=\"https:\/\/www.espacegraphique.com\/blog\/wp-content\/uploads\/2025\/01\/13.jpg\" alt=\"\" class=\"wp-image-4594\" srcset=\"https:\/\/www.espacegraphique.com\/blog\/wp-content\/uploads\/2025\/01\/13.jpg 640w, https:\/\/www.espacegraphique.com\/blog\/wp-content\/uploads\/2025\/01\/13-300x225.jpg 300w\" sizes=\"auto, (max-width: 640px) 100vw, 640px\" \/><\/a><figcaption class=\"wp-element-caption\">Serratule des teinturiers (Serratula tincturia)<\/figcaption><\/figure>\n\n\n\n<figure class=\"wp-block-image size-large\"><a href=\"https:\/\/www.espacegraphique.com\/blog\/wp-content\/uploads\/2025\/01\/12.jpg\"><img loading=\"lazy\" decoding=\"async\" width=\"768\" height=\"1024\" data-id=\"4593\" src=\"https:\/\/www.espacegraphique.com\/blog\/wp-content\/uploads\/2025\/01\/12-768x1024.jpg\" alt=\"\" class=\"wp-image-4593\" srcset=\"https:\/\/www.espacegraphique.com\/blog\/wp-content\/uploads\/2025\/01\/12-768x1024.jpg 768w, https:\/\/www.espacegraphique.com\/blog\/wp-content\/uploads\/2025\/01\/12-225x300.jpg 225w, https:\/\/www.espacegraphique.com\/blog\/wp-content\/uploads\/2025\/01\/12-1152x1536.jpg 1152w, https:\/\/www.espacegraphique.com\/blog\/wp-content\/uploads\/2025\/01\/12-1536x2048.jpg 1536w, https:\/\/www.espacegraphique.com\/blog\/wp-content\/uploads\/2025\/01\/12.jpg 1704w\" sizes=\"auto, (max-width: 768px) 100vw, 768px\" \/><\/a><figcaption class=\"wp-element-caption\">Circe commun (Circium vulgare)<\/figcaption><\/figure>\n\n\n\n<figure class=\"wp-block-image size-large\"><a href=\"https:\/\/www.espacegraphique.com\/blog\/wp-content\/uploads\/2025\/01\/11.jpg\"><img loading=\"lazy\" decoding=\"async\" width=\"480\" height=\"640\" data-id=\"4592\" src=\"https:\/\/www.espacegraphique.com\/blog\/wp-content\/uploads\/2025\/01\/11.jpg\" alt=\"\" class=\"wp-image-4592\" srcset=\"https:\/\/www.espacegraphique.com\/blog\/wp-content\/uploads\/2025\/01\/11.jpg 480w, https:\/\/www.espacegraphique.com\/blog\/wp-content\/uploads\/2025\/01\/11-225x300.jpg 225w\" sizes=\"auto, (max-width: 480px) 100vw, 480px\" \/><\/a><figcaption class=\"wp-element-caption\">Echinops \u00e0 t\u00eate ronde (Echinops sphaerocephalus)<\/figcaption><\/figure>\n\n\n\n<figure class=\"wp-block-image size-large\"><a href=\"https:\/\/www.espacegraphique.com\/blog\/wp-content\/uploads\/2025\/01\/10.jpg\"><img loading=\"lazy\" decoding=\"async\" width=\"768\" height=\"1024\" data-id=\"4591\" src=\"https:\/\/www.espacegraphique.com\/blog\/wp-content\/uploads\/2025\/01\/10-768x1024.jpg\" alt=\"\" class=\"wp-image-4591\" srcset=\"https:\/\/www.espacegraphique.com\/blog\/wp-content\/uploads\/2025\/01\/10-768x1024.jpg 768w, https:\/\/www.espacegraphique.com\/blog\/wp-content\/uploads\/2025\/01\/10-225x300.jpg 225w, https:\/\/www.espacegraphique.com\/blog\/wp-content\/uploads\/2025\/01\/10-1152x1536.jpg 1152w, https:\/\/www.espacegraphique.com\/blog\/wp-content\/uploads\/2025\/01\/10-1536x2048.jpg 1536w, https:\/\/www.espacegraphique.com\/blog\/wp-content\/uploads\/2025\/01\/10.jpg 1704w\" sizes=\"auto, (max-width: 768px) 100vw, 768px\" \/><\/a><figcaption class=\"wp-element-caption\">Artichaut (Cynara scolymus) &#8211; P\u00e9tales tubulaires<\/figcaption><\/figure>\n\n\n\n<figure class=\"wp-block-image size-large\"><a href=\"https:\/\/www.espacegraphique.com\/blog\/wp-content\/uploads\/2025\/01\/9.jpg\"><img loading=\"lazy\" decoding=\"async\" width=\"768\" height=\"1024\" data-id=\"4590\" src=\"https:\/\/www.espacegraphique.com\/blog\/wp-content\/uploads\/2025\/01\/9-768x1024.jpg\" alt=\"\" class=\"wp-image-4590\" srcset=\"https:\/\/www.espacegraphique.com\/blog\/wp-content\/uploads\/2025\/01\/9-768x1024.jpg 768w, https:\/\/www.espacegraphique.com\/blog\/wp-content\/uploads\/2025\/01\/9-225x300.jpg 225w, https:\/\/www.espacegraphique.com\/blog\/wp-content\/uploads\/2025\/01\/9-1152x1536.jpg 1152w, https:\/\/www.espacegraphique.com\/blog\/wp-content\/uploads\/2025\/01\/9-1536x2048.jpg 1536w, https:\/\/www.espacegraphique.com\/blog\/wp-content\/uploads\/2025\/01\/9.jpg 1704w\" sizes=\"auto, (max-width: 768px) 100vw, 768px\" \/><\/a><figcaption class=\"wp-element-caption\">Artichaut (Cynara scolymus) &#8211; Ouverture<\/figcaption><\/figure>\n\n\n\n<figure class=\"wp-block-image size-large\"><a href=\"https:\/\/www.espacegraphique.com\/blog\/wp-content\/uploads\/2025\/01\/8.jpg\"><img loading=\"lazy\" decoding=\"async\" width=\"640\" height=\"480\" data-id=\"4589\" src=\"https:\/\/www.espacegraphique.com\/blog\/wp-content\/uploads\/2025\/01\/8.jpg\" alt=\"\" class=\"wp-image-4589\" srcset=\"https:\/\/www.espacegraphique.com\/blog\/wp-content\/uploads\/2025\/01\/8.jpg 640w, https:\/\/www.espacegraphique.com\/blog\/wp-content\/uploads\/2025\/01\/8-300x225.jpg 300w\" sizes=\"auto, (max-width: 640px) 100vw, 640px\" \/><\/a><figcaption class=\"wp-element-caption\">Artichaut (Cynara scolymus) &#8211; Ouverture face<\/figcaption><\/figure>\n\n\n\n<figure class=\"wp-block-image size-large\"><a href=\"https:\/\/www.espacegraphique.com\/blog\/wp-content\/uploads\/2025\/01\/7.jpg\"><img loading=\"lazy\" decoding=\"async\" width=\"640\" height=\"480\" data-id=\"4588\" src=\"https:\/\/www.espacegraphique.com\/blog\/wp-content\/uploads\/2025\/01\/7.jpg\" alt=\"\" class=\"wp-image-4588\" srcset=\"https:\/\/www.espacegraphique.com\/blog\/wp-content\/uploads\/2025\/01\/7.jpg 640w, https:\/\/www.espacegraphique.com\/blog\/wp-content\/uploads\/2025\/01\/7-300x225.jpg 300w\" sizes=\"auto, (max-width: 640px) 100vw, 640px\" \/><\/a><figcaption class=\"wp-element-caption\">Artichaut (Cynara scolymus)<\/figcaption><\/figure>\n\n\n\n<figure class=\"wp-block-image size-large\"><a href=\"https:\/\/www.espacegraphique.com\/blog\/wp-content\/uploads\/2025\/01\/6.jpg\"><img loading=\"lazy\" decoding=\"async\" width=\"640\" height=\"480\" data-id=\"4587\" src=\"https:\/\/www.espacegraphique.com\/blog\/wp-content\/uploads\/2025\/01\/6.jpg\" alt=\"\" class=\"wp-image-4587\" srcset=\"https:\/\/www.espacegraphique.com\/blog\/wp-content\/uploads\/2025\/01\/6.jpg 640w, https:\/\/www.espacegraphique.com\/blog\/wp-content\/uploads\/2025\/01\/6-300x225.jpg 300w\" sizes=\"auto, (max-width: 640px) 100vw, 640px\" \/><\/a><figcaption class=\"wp-element-caption\">Cirse mara\u00eecher (Cirsium oleraceum) &#8211; G\u00e9om\u00e9trie<\/figcaption><\/figure>\n\n\n\n<figure class=\"wp-block-image size-large\"><a href=\"https:\/\/www.espacegraphique.com\/blog\/wp-content\/uploads\/2025\/01\/5.jpg\"><img loading=\"lazy\" decoding=\"async\" width=\"640\" height=\"480\" data-id=\"4586\" src=\"https:\/\/www.espacegraphique.com\/blog\/wp-content\/uploads\/2025\/01\/5.jpg\" alt=\"\" class=\"wp-image-4586\" srcset=\"https:\/\/www.espacegraphique.com\/blog\/wp-content\/uploads\/2025\/01\/5.jpg 640w, https:\/\/www.espacegraphique.com\/blog\/wp-content\/uploads\/2025\/01\/5-300x225.jpg 300w\" sizes=\"auto, (max-width: 640px) 100vw, 640px\" \/><\/a><figcaption class=\"wp-element-caption\">Cirse mara\u00eecher (Cirsium oleraceum) &#8211; Dans le vent<\/figcaption><\/figure>\n\n\n\n<figure class=\"wp-block-image size-large\"><a href=\"https:\/\/www.espacegraphique.com\/blog\/wp-content\/uploads\/2025\/01\/4.jpg\"><img loading=\"lazy\" decoding=\"async\" width=\"640\" height=\"480\" data-id=\"4585\" src=\"https:\/\/www.espacegraphique.com\/blog\/wp-content\/uploads\/2025\/01\/4.jpg\" alt=\"\" class=\"wp-image-4585\" srcset=\"https:\/\/www.espacegraphique.com\/blog\/wp-content\/uploads\/2025\/01\/4.jpg 640w, https:\/\/www.espacegraphique.com\/blog\/wp-content\/uploads\/2025\/01\/4-300x225.jpg 300w\" sizes=\"auto, (max-width: 640px) 100vw, 640px\" \/><\/a><figcaption class=\"wp-element-caption\">Cirse mara\u00eecher (Cirsium oleraceum) &#8211; Profil<\/figcaption><\/figure>\n\n\n\n<figure class=\"wp-block-image size-large\"><a href=\"https:\/\/www.espacegraphique.com\/blog\/wp-content\/uploads\/2025\/01\/3.jpg\"><img loading=\"lazy\" decoding=\"async\" width=\"640\" height=\"480\" data-id=\"4584\" src=\"https:\/\/www.espacegraphique.com\/blog\/wp-content\/uploads\/2025\/01\/3.jpg\" alt=\"\" class=\"wp-image-4584\" srcset=\"https:\/\/www.espacegraphique.com\/blog\/wp-content\/uploads\/2025\/01\/3.jpg 640w, https:\/\/www.espacegraphique.com\/blog\/wp-content\/uploads\/2025\/01\/3-300x225.jpg 300w\" sizes=\"auto, (max-width: 640px) 100vw, 640px\" \/><\/a><figcaption class=\"wp-element-caption\">Centaur\u00e9e (Centaurea)<\/figcaption><\/figure>\n\n\n\n<figure class=\"wp-block-image size-large\"><a href=\"https:\/\/www.espacegraphique.com\/blog\/wp-content\/uploads\/2025\/01\/2.jpg\"><img loading=\"lazy\" decoding=\"async\" width=\"640\" height=\"480\" data-id=\"4583\" src=\"https:\/\/www.espacegraphique.com\/blog\/wp-content\/uploads\/2025\/01\/2.jpg\" alt=\"\" class=\"wp-image-4583\" srcset=\"https:\/\/www.espacegraphique.com\/blog\/wp-content\/uploads\/2025\/01\/2.jpg 640w, https:\/\/www.espacegraphique.com\/blog\/wp-content\/uploads\/2025\/01\/2-300x225.jpg 300w\" sizes=\"auto, (max-width: 640px) 100vw, 640px\" \/><\/a><figcaption class=\"wp-element-caption\">Papillon Paon du jour sur Eupatoire<\/figcaption><\/figure>\n\n\n\n<figure class=\"wp-block-image size-large\"><a href=\"https:\/\/www.espacegraphique.com\/blog\/wp-content\/uploads\/2025\/01\/1.jpg\"><img loading=\"lazy\" decoding=\"async\" width=\"640\" height=\"480\" data-id=\"4582\" src=\"https:\/\/www.espacegraphique.com\/blog\/wp-content\/uploads\/2025\/01\/1.jpg\" alt=\"\" class=\"wp-image-4582\" srcset=\"https:\/\/www.espacegraphique.com\/blog\/wp-content\/uploads\/2025\/01\/1.jpg 640w, https:\/\/www.espacegraphique.com\/blog\/wp-content\/uploads\/2025\/01\/1-300x225.jpg 300w\" sizes=\"auto, (max-width: 640px) 100vw, 640px\" \/><\/a><figcaption class=\"wp-element-caption\">Eupatoire a\u0300 feuilles de chanvre (Eupatorium cannabinum)<\/figcaption><\/figure>\n<\/figure>\n\n\n\n<p class=\"has-medium-font-size\">Articles similaires<\/p>\n\n\n\n<figure class=\"wp-block-table\"><table class=\"has-fixed-layout\"><tbody><tr><td><br><br><br><\/td><\/tr><\/tbody><\/table><\/figure>\n\n\n\n<div class=\"wp-block-query is-layout-flow wp-block-query-is-layout-flow\"><ul class=\"wp-block-post-template is-layout-flow wp-block-post-template-is-layout-flow\"><li class=\"wp-block-post post-929 post type-post status-publish format-standard has-post-thumbnail hentry category-photos tag-acrylique tag-dessin tag-fleur tag-peinture\">\n<h2 class=\"wp-block-post-title\"><a href=\"https:\/\/www.espacegraphique.com\/blog\/photos\/le-secret-de-ledelweiss-929\" target=\"_self\" >Le secret de l&rsquo;Edelweiss<\/a><\/h2>\n\n<figure class=\"alignwide wp-block-post-featured-image\"><a href=\"https:\/\/www.espacegraphique.com\/blog\/photos\/le-secret-de-ledelweiss-929\" target=\"_self\"  ><img loading=\"lazy\" decoding=\"async\" width=\"630\" height=\"240\" src=\"https:\/\/www.espacegraphique.com\/blog\/wp-content\/uploads\/2011\/09\/fleur-edelweiss.jpg\" class=\"attachment-post-thumbnail size-post-thumbnail wp-post-image\" alt=\"Le secret de l&rsquo;Edelweiss\" style=\"object-fit:cover;\" srcset=\"https:\/\/www.espacegraphique.com\/blog\/wp-content\/uploads\/2011\/09\/fleur-edelweiss.jpg 630w, https:\/\/www.espacegraphique.com\/blog\/wp-content\/uploads\/2011\/09\/fleur-edelweiss-300x114.jpg 300w\" sizes=\"auto, (max-width: 630px) 100vw, 630px\" \/><\/a><\/figure>\n\n<div class=\"wp-block-post-excerpt\"><p class=\"wp-block-post-excerpt__excerpt\">Ce bouquet d&rsquo;Edelweiss m&rsquo;a tout de suite plu, au point d&rsquo;en faire une petite peinture. <\/p><\/div>\n\n\n<hr class=\"wp-block-separator has-css-opacity\"\/>\n\n\n<div class=\"wp-block-post-date\"><time datetime=\"2011-09-21T18:40:59+02:00\">21 septembre 2011<\/time><\/div>\n<\/li><\/ul><\/div>\n","protected":false},"excerpt":{"rendered":"<p>Famille des Ast\u00e9rac\u00e9es &gt; Photos Les Ast\u00e9rac\u00e9es tubuliflores ont une gamme color\u00e9e qui va souvent dans le bleu ou encore le violet comme cette\u00a0Serratula tincturia\u00a0(Serratule des teinturiers). Articles similaires<\/p>\n","protected":false},"author":1,"featured_media":4598,"parent":0,"menu_order":0,"comment_status":"closed","ping_status":"closed","template":"","meta":{"footnotes":""},"class_list":["post-4580","page","type-page","status-publish","has-post-thumbnail","hentry"],"aioseo_notices":[],"_links":{"self":[{"href":"https:\/\/www.espacegraphique.com\/blog\/wp-json\/wp\/v2\/pages\/4580","targetHints":{"allow":["GET"]}}],"collection":[{"href":"https:\/\/www.espacegraphique.com\/blog\/wp-json\/wp\/v2\/pages"}],"about":[{"href":"https:\/\/www.espacegraphique.com\/blog\/wp-json\/wp\/v2\/types\/page"}],"author":[{"embeddable":true,"href":"https:\/\/www.espacegraphique.com\/blog\/wp-json\/wp\/v2\/users\/1"}],"replies":[{"embeddable":true,"href":"https:\/\/www.espacegraphique.com\/blog\/wp-json\/wp\/v2\/comments?post=4580"}],"version-history":[{"count":4,"href":"https:\/\/www.espacegraphique.com\/blog\/wp-json\/wp\/v2\/pages\/4580\/revisions"}],"predecessor-version":[{"id":4626,"href":"https:\/\/www.espacegraphique.com\/blog\/wp-json\/wp\/v2\/pages\/4580\/revisions\/4626"}],"wp:featuredmedia":[{"embeddable":true,"href":"https:\/\/www.espacegraphique.com\/blog\/wp-json\/wp\/v2\/media\/4598"}],"wp:attachment":[{"href":"https:\/\/www.espacegraphique.com\/blog\/wp-json\/wp\/v2\/media?parent=4580"}],"curies":[{"name":"wp","href":"https:\/\/api.w.org\/{rel}","templated":true}]}}