{"id":4609,"date":"2025-01-04T19:52:32","date_gmt":"2025-01-04T17:52:32","guid":{"rendered":"https:\/\/www.espacegraphique.com\/blog\/?page_id=4609"},"modified":"2025-01-04T19:59:10","modified_gmt":"2025-01-04T17:59:10","slug":"photos-dasteracees-liguliflores","status":"publish","type":"page","link":"https:\/\/www.espacegraphique.com\/blog\/photos-dasteracees-liguliflores","title":{"rendered":"Photos d&rsquo;Ast\u00e9rac\u00e9es Liguliflores"},"content":{"rendered":"\n<p><a href=\"https:\/\/www.espacegraphique.com\/asteracees\/gerbera.php\" title=\"\">Famille des Ast\u00e9rac\u00e9es<\/a> &gt; Photos<\/p>\n\n\n\n<p>Le capitule est compos\u00e9 exclusivement de fleurs en languette (ligule).<\/p>\n\n\n\n<figure class=\"wp-block-gallery has-nested-images columns-default is-cropped wp-block-gallery-1 is-layout-flex wp-block-gallery-is-layout-flex\">\n<figure class=\"wp-block-image size-large\"><a href=\"https:\/\/www.espacegraphique.com\/blog\/wp-content\/uploads\/2025\/01\/1-1.jpg\"><img loading=\"lazy\" decoding=\"async\" width=\"640\" height=\"480\" data-id=\"4611\" src=\"https:\/\/www.espacegraphique.com\/blog\/wp-content\/uploads\/2025\/01\/1-1.jpg\" alt=\"\" class=\"wp-image-4611\" srcset=\"https:\/\/www.espacegraphique.com\/blog\/wp-content\/uploads\/2025\/01\/1-1.jpg 640w, https:\/\/www.espacegraphique.com\/blog\/wp-content\/uploads\/2025\/01\/1-1-300x225.jpg 300w\" sizes=\"auto, (max-width: 640px) 100vw, 640px\" \/><\/a><figcaption class=\"wp-element-caption\">Pissenlit (Taraxacum) &#8211; Fleur et feuille<\/figcaption><\/figure>\n\n\n\n<figure class=\"wp-block-image size-large\"><a href=\"https:\/\/www.espacegraphique.com\/blog\/wp-content\/uploads\/2025\/01\/9-1.jpg\"><img loading=\"lazy\" decoding=\"async\" width=\"640\" height=\"480\" data-id=\"4619\" src=\"https:\/\/www.espacegraphique.com\/blog\/wp-content\/uploads\/2025\/01\/9-1.jpg\" alt=\"\" class=\"wp-image-4619\" srcset=\"https:\/\/www.espacegraphique.com\/blog\/wp-content\/uploads\/2025\/01\/9-1.jpg 640w, https:\/\/www.espacegraphique.com\/blog\/wp-content\/uploads\/2025\/01\/9-1-300x225.jpg 300w\" sizes=\"auto, (max-width: 640px) 100vw, 640px\" \/><\/a><figcaption class=\"wp-element-caption\">Cichorium (Chicor\u00e9e)<\/figcaption><\/figure>\n\n\n\n<figure class=\"wp-block-image size-large\"><a href=\"https:\/\/www.espacegraphique.com\/blog\/wp-content\/uploads\/2025\/01\/8-1.jpg\"><img loading=\"lazy\" decoding=\"async\" width=\"640\" height=\"480\" data-id=\"4618\" src=\"https:\/\/www.espacegraphique.com\/blog\/wp-content\/uploads\/2025\/01\/8-1.jpg\" alt=\"\" class=\"wp-image-4618\" srcset=\"https:\/\/www.espacegraphique.com\/blog\/wp-content\/uploads\/2025\/01\/8-1.jpg 640w, https:\/\/www.espacegraphique.com\/blog\/wp-content\/uploads\/2025\/01\/8-1-300x225.jpg 300w\" sizes=\"auto, (max-width: 640px) 100vw, 640px\" \/><\/a><figcaption class=\"wp-element-caption\">Crepis capillaris (Cr\u00e9pide capillaire) &#8211; Fleurs<\/figcaption><\/figure>\n\n\n\n<figure class=\"wp-block-image size-large\"><a href=\"https:\/\/www.espacegraphique.com\/blog\/wp-content\/uploads\/2025\/01\/7-1.jpg\"><img loading=\"lazy\" decoding=\"async\" width=\"640\" height=\"480\" data-id=\"4617\" src=\"https:\/\/www.espacegraphique.com\/blog\/wp-content\/uploads\/2025\/01\/7-1.jpg\" alt=\"\" class=\"wp-image-4617\" srcset=\"https:\/\/www.espacegraphique.com\/blog\/wp-content\/uploads\/2025\/01\/7-1.jpg 640w, https:\/\/www.espacegraphique.com\/blog\/wp-content\/uploads\/2025\/01\/7-1-300x225.jpg 300w\" sizes=\"auto, (max-width: 640px) 100vw, 640px\" \/><\/a><figcaption class=\"wp-element-caption\">Crepis (Cr\u00e9pide)<\/figcaption><\/figure>\n\n\n\n<figure class=\"wp-block-image size-large\"><a href=\"https:\/\/www.espacegraphique.com\/blog\/wp-content\/uploads\/2025\/01\/6-1.jpg\"><img loading=\"lazy\" decoding=\"async\" width=\"640\" height=\"480\" data-id=\"4616\" src=\"https:\/\/www.espacegraphique.com\/blog\/wp-content\/uploads\/2025\/01\/6-1.jpg\" alt=\"\" class=\"wp-image-4616\" srcset=\"https:\/\/www.espacegraphique.com\/blog\/wp-content\/uploads\/2025\/01\/6-1.jpg 640w, https:\/\/www.espacegraphique.com\/blog\/wp-content\/uploads\/2025\/01\/6-1-300x225.jpg 300w\" sizes=\"auto, (max-width: 640px) 100vw, 640px\" \/><\/a><figcaption class=\"wp-element-caption\">Pissenlit (Taraxacum) &#8211; Floraison<\/figcaption><\/figure>\n\n\n\n<figure class=\"wp-block-image size-large\"><a href=\"https:\/\/www.espacegraphique.com\/blog\/wp-content\/uploads\/2025\/01\/5-1.jpg\"><img loading=\"lazy\" decoding=\"async\" width=\"480\" height=\"640\" data-id=\"4615\" src=\"https:\/\/www.espacegraphique.com\/blog\/wp-content\/uploads\/2025\/01\/5-1.jpg\" alt=\"\" class=\"wp-image-4615\" srcset=\"https:\/\/www.espacegraphique.com\/blog\/wp-content\/uploads\/2025\/01\/5-1.jpg 480w, https:\/\/www.espacegraphique.com\/blog\/wp-content\/uploads\/2025\/01\/5-1-225x300.jpg 225w\" sizes=\"auto, (max-width: 480px) 100vw, 480px\" \/><\/a><figcaption class=\"wp-element-caption\">Pissenlit (Taraxacum) &#8211; Feuilles<\/figcaption><\/figure>\n\n\n\n<figure class=\"wp-block-image size-large\"><a href=\"https:\/\/www.espacegraphique.com\/blog\/wp-content\/uploads\/2025\/01\/4-1.jpg\"><img loading=\"lazy\" decoding=\"async\" width=\"480\" height=\"640\" data-id=\"4614\" src=\"https:\/\/www.espacegraphique.com\/blog\/wp-content\/uploads\/2025\/01\/4-1.jpg\" alt=\"\" class=\"wp-image-4614\" srcset=\"https:\/\/www.espacegraphique.com\/blog\/wp-content\/uploads\/2025\/01\/4-1.jpg 480w, https:\/\/www.espacegraphique.com\/blog\/wp-content\/uploads\/2025\/01\/4-1-225x300.jpg 225w\" sizes=\"auto, (max-width: 480px) 100vw, 480px\" \/><\/a><figcaption class=\"wp-element-caption\">Pissenlit (Taraxacum) &#8211; Fructification<\/figcaption><\/figure>\n\n\n\n<figure class=\"wp-block-image size-large\"><a href=\"https:\/\/www.espacegraphique.com\/blog\/wp-content\/uploads\/2025\/01\/3-1.jpg\"><img loading=\"lazy\" decoding=\"async\" width=\"640\" height=\"480\" data-id=\"4613\" src=\"https:\/\/www.espacegraphique.com\/blog\/wp-content\/uploads\/2025\/01\/3-1.jpg\" alt=\"\" class=\"wp-image-4613\" srcset=\"https:\/\/www.espacegraphique.com\/blog\/wp-content\/uploads\/2025\/01\/3-1.jpg 640w, https:\/\/www.espacegraphique.com\/blog\/wp-content\/uploads\/2025\/01\/3-1-300x225.jpg 300w\" sizes=\"auto, (max-width: 640px) 100vw, 640px\" \/><\/a><figcaption class=\"wp-element-caption\">Pissenlit (Taraxacum) &#8211; Ak\u00e8nes<\/figcaption><\/figure>\n\n\n\n<figure class=\"wp-block-image size-large\"><a href=\"https:\/\/www.espacegraphique.com\/blog\/wp-content\/uploads\/2025\/01\/2-1.jpg\"><img loading=\"lazy\" decoding=\"async\" width=\"640\" height=\"480\" data-id=\"4612\" src=\"https:\/\/www.espacegraphique.com\/blog\/wp-content\/uploads\/2025\/01\/2-1.jpg\" alt=\"\" class=\"wp-image-4612\" srcset=\"https:\/\/www.espacegraphique.com\/blog\/wp-content\/uploads\/2025\/01\/2-1.jpg 640w, https:\/\/www.espacegraphique.com\/blog\/wp-content\/uploads\/2025\/01\/2-1-300x225.jpg 300w\" sizes=\"auto, (max-width: 640px) 100vw, 640px\" \/><\/a><figcaption class=\"wp-element-caption\">Pissenlit (Taraxacum) &#8211; Champ<\/figcaption><\/figure>\n<\/figure>\n\n\n\n<p class=\"has-medium-font-size\">Articles similaires<\/p>\n\n\n\n<figure class=\"wp-block-table\"><table class=\"has-fixed-layout\"><tbody><tr><td><br><br><br><\/td><\/tr><\/tbody><\/table><\/figure>\n\n\n\n<div class=\"wp-block-query is-layout-flow wp-block-query-is-layout-flow\"><\/div>\n","protected":false},"excerpt":{"rendered":"<p>Famille des Ast\u00e9rac\u00e9es &gt; Photos Le capitule est compos\u00e9 exclusivement de fleurs en languette (ligule). Articles similaires<\/p>\n","protected":false},"author":1,"featured_media":4619,"parent":0,"menu_order":0,"comment_status":"closed","ping_status":"closed","template":"","meta":{"footnotes":""},"class_list":["post-4609","page","type-page","status-publish","has-post-thumbnail","hentry"],"aioseo_notices":[],"_links":{"self":[{"href":"https:\/\/www.espacegraphique.com\/blog\/wp-json\/wp\/v2\/pages\/4609","targetHints":{"allow":["GET"]}}],"collection":[{"href":"https:\/\/www.espacegraphique.com\/blog\/wp-json\/wp\/v2\/pages"}],"about":[{"href":"https:\/\/www.espacegraphique.com\/blog\/wp-json\/wp\/v2\/types\/page"}],"author":[{"embeddable":true,"href":"https:\/\/www.espacegraphique.com\/blog\/wp-json\/wp\/v2\/users\/1"}],"replies":[{"embeddable":true,"href":"https:\/\/www.espacegraphique.com\/blog\/wp-json\/wp\/v2\/comments?post=4609"}],"version-history":[{"count":4,"href":"https:\/\/www.espacegraphique.com\/blog\/wp-json\/wp\/v2\/pages\/4609\/revisions"}],"predecessor-version":[{"id":4625,"href":"https:\/\/www.espacegraphique.com\/blog\/wp-json\/wp\/v2\/pages\/4609\/revisions\/4625"}],"wp:featuredmedia":[{"embeddable":true,"href":"https:\/\/www.espacegraphique.com\/blog\/wp-json\/wp\/v2\/media\/4619"}],"wp:attachment":[{"href":"https:\/\/www.espacegraphique.com\/blog\/wp-json\/wp\/v2\/media?parent=4609"}],"curies":[{"name":"wp","href":"https:\/\/api.w.org\/{rel}","templated":true}]}}