{"id":4627,"date":"2025-01-04T20:13:50","date_gmt":"2025-01-04T18:13:50","guid":{"rendered":"https:\/\/www.espacegraphique.com\/blog\/?page_id=4627"},"modified":"2025-01-04T20:16:59","modified_gmt":"2025-01-04T18:16:59","slug":"photos-dasteracees-en-capitule-radiee","status":"publish","type":"page","link":"https:\/\/www.espacegraphique.com\/blog\/photos-dasteracees-en-capitule-radiee","title":{"rendered":"Photos d&rsquo;Ast\u00e9rac\u00e9es en capitule radi\u00e9e"},"content":{"rendered":"\n<p><a href=\"https:\/\/www.espacegraphique.com\/asteracees\/gerbera.php\" title=\"\">Famille des Ast\u00e9rac\u00e9es<\/a> &gt; Photos<\/p>\n\n\n\n<p>Le&nbsp;<strong>Gerbera<\/strong>, la&nbsp;<strong>Marguerite<\/strong>&nbsp;pr\u00e9sentent une g\u00e9om\u00e9trie compos\u00e9e d&rsquo;un disque central avec des fleurons r\u00e9guliers et des ligules en bordure.<\/p>\n\n\n\n<figure class=\"wp-block-gallery has-nested-images columns-default is-cropped wp-block-gallery-1 is-layout-flex wp-block-gallery-is-layout-flex\">\n<figure class=\"wp-block-image size-large\"><a href=\"https:\/\/www.espacegraphique.com\/blog\/wp-content\/uploads\/2025\/01\/28.jpg\"><img loading=\"lazy\" decoding=\"async\" width=\"640\" height=\"480\" data-id=\"4655\" src=\"https:\/\/www.espacegraphique.com\/blog\/wp-content\/uploads\/2025\/01\/28.jpg\" alt=\"\" class=\"wp-image-4655\" srcset=\"https:\/\/www.espacegraphique.com\/blog\/wp-content\/uploads\/2025\/01\/28.jpg 640w, https:\/\/www.espacegraphique.com\/blog\/wp-content\/uploads\/2025\/01\/28-300x225.jpg 300w\" sizes=\"auto, (max-width: 640px) 100vw, 640px\" \/><\/a><figcaption class=\"wp-element-caption\">Leucanthemum vulgare (Marguerite commune)<\/figcaption><\/figure>\n\n\n\n<figure class=\"wp-block-image size-large\"><a href=\"https:\/\/www.espacegraphique.com\/blog\/wp-content\/uploads\/2025\/01\/27.jpg\"><img loading=\"lazy\" decoding=\"async\" width=\"640\" height=\"480\" data-id=\"4654\" src=\"https:\/\/www.espacegraphique.com\/blog\/wp-content\/uploads\/2025\/01\/27.jpg\" alt=\"\" class=\"wp-image-4654\" srcset=\"https:\/\/www.espacegraphique.com\/blog\/wp-content\/uploads\/2025\/01\/27.jpg 640w, https:\/\/www.espacegraphique.com\/blog\/wp-content\/uploads\/2025\/01\/27-300x225.jpg 300w\" sizes=\"auto, (max-width: 640px) 100vw, 640px\" \/><\/a><figcaption class=\"wp-element-caption\">Cosmos &#8211; Rose<\/figcaption><\/figure>\n\n\n\n<figure class=\"wp-block-image size-large\"><a href=\"https:\/\/www.espacegraphique.com\/blog\/wp-content\/uploads\/2025\/01\/26.jpg\"><img loading=\"lazy\" decoding=\"async\" width=\"640\" height=\"480\" data-id=\"4653\" src=\"https:\/\/www.espacegraphique.com\/blog\/wp-content\/uploads\/2025\/01\/26.jpg\" alt=\"\" class=\"wp-image-4653\" srcset=\"https:\/\/www.espacegraphique.com\/blog\/wp-content\/uploads\/2025\/01\/26.jpg 640w, https:\/\/www.espacegraphique.com\/blog\/wp-content\/uploads\/2025\/01\/26-300x225.jpg 300w\" sizes=\"auto, (max-width: 640px) 100vw, 640px\" \/><\/a><figcaption class=\"wp-element-caption\">Cosmos bipinnatus &#8211; Inflorescence<\/figcaption><\/figure>\n\n\n\n<figure class=\"wp-block-image size-large\"><a href=\"https:\/\/www.espacegraphique.com\/blog\/wp-content\/uploads\/2025\/01\/25.jpg\"><img loading=\"lazy\" decoding=\"async\" width=\"640\" height=\"480\" data-id=\"4652\" src=\"https:\/\/www.espacegraphique.com\/blog\/wp-content\/uploads\/2025\/01\/25.jpg\" alt=\"\" class=\"wp-image-4652\" srcset=\"https:\/\/www.espacegraphique.com\/blog\/wp-content\/uploads\/2025\/01\/25.jpg 640w, https:\/\/www.espacegraphique.com\/blog\/wp-content\/uploads\/2025\/01\/25-300x225.jpg 300w\" sizes=\"auto, (max-width: 640px) 100vw, 640px\" \/><\/a><figcaption class=\"wp-element-caption\">Erigeron (Vergerette)<\/figcaption><\/figure>\n\n\n\n<figure class=\"wp-block-image size-large\"><a href=\"https:\/\/www.espacegraphique.com\/blog\/wp-content\/uploads\/2025\/01\/24.jpg\"><img loading=\"lazy\" decoding=\"async\" width=\"640\" height=\"480\" data-id=\"4651\" src=\"https:\/\/www.espacegraphique.com\/blog\/wp-content\/uploads\/2025\/01\/24.jpg\" alt=\"\" class=\"wp-image-4651\" srcset=\"https:\/\/www.espacegraphique.com\/blog\/wp-content\/uploads\/2025\/01\/24.jpg 640w, https:\/\/www.espacegraphique.com\/blog\/wp-content\/uploads\/2025\/01\/24-300x225.jpg 300w\" sizes=\"auto, (max-width: 640px) 100vw, 640px\" \/><\/a><figcaption class=\"wp-element-caption\">Bellis perennis (P\u00e2querette)<\/figcaption><\/figure>\n\n\n\n<figure class=\"wp-block-image size-large\"><a href=\"https:\/\/www.espacegraphique.com\/blog\/wp-content\/uploads\/2025\/01\/23-1.jpg\"><img loading=\"lazy\" decoding=\"async\" width=\"640\" height=\"480\" data-id=\"4650\" src=\"https:\/\/www.espacegraphique.com\/blog\/wp-content\/uploads\/2025\/01\/23-1.jpg\" alt=\"\" class=\"wp-image-4650\" srcset=\"https:\/\/www.espacegraphique.com\/blog\/wp-content\/uploads\/2025\/01\/23-1.jpg 640w, https:\/\/www.espacegraphique.com\/blog\/wp-content\/uploads\/2025\/01\/23-1-300x225.jpg 300w\" sizes=\"auto, (max-width: 640px) 100vw, 640px\" \/><\/a><figcaption class=\"wp-element-caption\">Bellis perennis (P\u00e2querette) &#8211; Pompon rose<\/figcaption><\/figure>\n\n\n\n<figure class=\"wp-block-image size-large\"><a href=\"https:\/\/www.espacegraphique.com\/blog\/wp-content\/uploads\/2025\/01\/22-1.jpg\"><img loading=\"lazy\" decoding=\"async\" width=\"640\" height=\"480\" data-id=\"4649\" src=\"https:\/\/www.espacegraphique.com\/blog\/wp-content\/uploads\/2025\/01\/22-1.jpg\" alt=\"\" class=\"wp-image-4649\" srcset=\"https:\/\/www.espacegraphique.com\/blog\/wp-content\/uploads\/2025\/01\/22-1.jpg 640w, https:\/\/www.espacegraphique.com\/blog\/wp-content\/uploads\/2025\/01\/22-1-300x225.jpg 300w\" sizes=\"auto, (max-width: 640px) 100vw, 640px\" \/><\/a><figcaption class=\"wp-element-caption\">Anthemis tinctora (Anth\u00e9mis des teinturiers)<\/figcaption><\/figure>\n\n\n\n<figure class=\"wp-block-image size-large\"><a href=\"https:\/\/www.espacegraphique.com\/blog\/wp-content\/uploads\/2025\/01\/21-1.jpg\"><img loading=\"lazy\" decoding=\"async\" width=\"640\" height=\"480\" data-id=\"4648\" src=\"https:\/\/www.espacegraphique.com\/blog\/wp-content\/uploads\/2025\/01\/21-1.jpg\" alt=\"\" class=\"wp-image-4648\" srcset=\"https:\/\/www.espacegraphique.com\/blog\/wp-content\/uploads\/2025\/01\/21-1.jpg 640w, https:\/\/www.espacegraphique.com\/blog\/wp-content\/uploads\/2025\/01\/21-1-300x225.jpg 300w\" sizes=\"auto, (max-width: 640px) 100vw, 640px\" \/><\/a><figcaption class=\"wp-element-caption\">Tussilago farfara (Tussilage, Pas-d&rsquo;\u00e2ne)<\/figcaption><\/figure>\n\n\n\n<figure class=\"wp-block-image size-large\"><a href=\"https:\/\/www.espacegraphique.com\/blog\/wp-content\/uploads\/2025\/01\/20-1.jpg\"><img loading=\"lazy\" decoding=\"async\" width=\"640\" height=\"480\" data-id=\"4647\" src=\"https:\/\/www.espacegraphique.com\/blog\/wp-content\/uploads\/2025\/01\/20-1.jpg\" alt=\"\" class=\"wp-image-4647\" srcset=\"https:\/\/www.espacegraphique.com\/blog\/wp-content\/uploads\/2025\/01\/20-1.jpg 640w, https:\/\/www.espacegraphique.com\/blog\/wp-content\/uploads\/2025\/01\/20-1-300x225.jpg 300w\" sizes=\"auto, (max-width: 640px) 100vw, 640px\" \/><\/a><figcaption class=\"wp-element-caption\">Tussilago farfara (Tussilage, Pas-d&rsquo;\u00e2ne) &#8211; Floraison<\/figcaption><\/figure>\n\n\n\n<figure class=\"wp-block-image size-large\"><a href=\"https:\/\/www.espacegraphique.com\/blog\/wp-content\/uploads\/2025\/01\/19-1.jpg\"><img loading=\"lazy\" decoding=\"async\" width=\"640\" height=\"480\" data-id=\"4646\" src=\"https:\/\/www.espacegraphique.com\/blog\/wp-content\/uploads\/2025\/01\/19-1.jpg\" alt=\"\" class=\"wp-image-4646\" srcset=\"https:\/\/www.espacegraphique.com\/blog\/wp-content\/uploads\/2025\/01\/19-1.jpg 640w, https:\/\/www.espacegraphique.com\/blog\/wp-content\/uploads\/2025\/01\/19-1-300x225.jpg 300w\" sizes=\"auto, (max-width: 640px) 100vw, 640px\" \/><\/a><figcaption class=\"wp-element-caption\">Senecio (Sene\u00e7on)<\/figcaption><\/figure>\n\n\n\n<figure class=\"wp-block-image size-large\"><a href=\"https:\/\/www.espacegraphique.com\/blog\/wp-content\/uploads\/2025\/01\/18-1.jpg\"><img loading=\"lazy\" decoding=\"async\" width=\"640\" height=\"480\" data-id=\"4645\" src=\"https:\/\/www.espacegraphique.com\/blog\/wp-content\/uploads\/2025\/01\/18-1.jpg\" alt=\"\" class=\"wp-image-4645\" srcset=\"https:\/\/www.espacegraphique.com\/blog\/wp-content\/uploads\/2025\/01\/18-1.jpg 640w, https:\/\/www.espacegraphique.com\/blog\/wp-content\/uploads\/2025\/01\/18-1-300x225.jpg 300w\" sizes=\"auto, (max-width: 640px) 100vw, 640px\" \/><\/a><figcaption class=\"wp-element-caption\">Senecio jacobaea (S\u00e9ne\u00e7on jacob\u00e9e)<\/figcaption><\/figure>\n\n\n\n<figure class=\"wp-block-image size-large\"><a href=\"https:\/\/www.espacegraphique.com\/blog\/wp-content\/uploads\/2025\/01\/17-1.jpg\"><img loading=\"lazy\" decoding=\"async\" width=\"640\" height=\"480\" data-id=\"4644\" src=\"https:\/\/www.espacegraphique.com\/blog\/wp-content\/uploads\/2025\/01\/17-1.jpg\" alt=\"\" class=\"wp-image-4644\" srcset=\"https:\/\/www.espacegraphique.com\/blog\/wp-content\/uploads\/2025\/01\/17-1.jpg 640w, https:\/\/www.espacegraphique.com\/blog\/wp-content\/uploads\/2025\/01\/17-1-300x225.jpg 300w\" sizes=\"auto, (max-width: 640px) 100vw, 640px\" \/><\/a><figcaption class=\"wp-element-caption\">Helianthus tuberosus L. (Topinambour) &#8211; Tubercule<\/figcaption><\/figure>\n\n\n\n<figure class=\"wp-block-image size-large\"><a href=\"https:\/\/www.espacegraphique.com\/blog\/wp-content\/uploads\/2025\/01\/16-1.jpg\"><img loading=\"lazy\" decoding=\"async\" width=\"640\" height=\"480\" data-id=\"4643\" src=\"https:\/\/www.espacegraphique.com\/blog\/wp-content\/uploads\/2025\/01\/16-1.jpg\" alt=\"\" class=\"wp-image-4643\" srcset=\"https:\/\/www.espacegraphique.com\/blog\/wp-content\/uploads\/2025\/01\/16-1.jpg 640w, https:\/\/www.espacegraphique.com\/blog\/wp-content\/uploads\/2025\/01\/16-1-300x225.jpg 300w\" sizes=\"auto, (max-width: 640px) 100vw, 640px\" \/><\/a><figcaption class=\"wp-element-caption\">Helianthus tuberosus L. (Topinambour) &#8211; Coupe de la tige<\/figcaption><\/figure>\n\n\n\n<figure class=\"wp-block-image size-large\"><a href=\"https:\/\/www.espacegraphique.com\/blog\/wp-content\/uploads\/2025\/01\/15-1.jpg\"><img loading=\"lazy\" decoding=\"async\" width=\"640\" height=\"480\" data-id=\"4642\" src=\"https:\/\/www.espacegraphique.com\/blog\/wp-content\/uploads\/2025\/01\/15-1.jpg\" alt=\"\" class=\"wp-image-4642\" srcset=\"https:\/\/www.espacegraphique.com\/blog\/wp-content\/uploads\/2025\/01\/15-1.jpg 640w, https:\/\/www.espacegraphique.com\/blog\/wp-content\/uploads\/2025\/01\/15-1-300x225.jpg 300w\" sizes=\"auto, (max-width: 640px) 100vw, 640px\" \/><\/a><figcaption class=\"wp-element-caption\">Chrysanthemum (Chrysanth\u00e8me) &#8211; Blanc<\/figcaption><\/figure>\n\n\n\n<figure class=\"wp-block-image size-large\"><a href=\"https:\/\/www.espacegraphique.com\/blog\/wp-content\/uploads\/2025\/01\/14-1.jpg\"><img loading=\"lazy\" decoding=\"async\" width=\"640\" height=\"480\" data-id=\"4641\" src=\"https:\/\/www.espacegraphique.com\/blog\/wp-content\/uploads\/2025\/01\/14-1.jpg\" alt=\"\" class=\"wp-image-4641\" srcset=\"https:\/\/www.espacegraphique.com\/blog\/wp-content\/uploads\/2025\/01\/14-1.jpg 640w, https:\/\/www.espacegraphique.com\/blog\/wp-content\/uploads\/2025\/01\/14-1-300x225.jpg 300w\" sizes=\"auto, (max-width: 640px) 100vw, 640px\" \/><\/a><figcaption class=\"wp-element-caption\">Chrysanthemum (Chrysanth\u00e8me) &#8211; Jaune &#8211; Tokyo<\/figcaption><\/figure>\n\n\n\n<figure class=\"wp-block-image size-large\"><a href=\"https:\/\/www.espacegraphique.com\/blog\/wp-content\/uploads\/2025\/01\/13-1.jpg\"><img loading=\"lazy\" decoding=\"async\" width=\"480\" height=\"640\" data-id=\"4640\" src=\"https:\/\/www.espacegraphique.com\/blog\/wp-content\/uploads\/2025\/01\/13-1.jpg\" alt=\"\" class=\"wp-image-4640\" srcset=\"https:\/\/www.espacegraphique.com\/blog\/wp-content\/uploads\/2025\/01\/13-1.jpg 480w, https:\/\/www.espacegraphique.com\/blog\/wp-content\/uploads\/2025\/01\/13-1-225x300.jpg 225w\" sizes=\"auto, (max-width: 480px) 100vw, 480px\" \/><\/a><figcaption class=\"wp-element-caption\">Gerbera &#8211; Rouge<\/figcaption><\/figure>\n\n\n\n<figure class=\"wp-block-image size-large\"><a href=\"https:\/\/www.espacegraphique.com\/blog\/wp-content\/uploads\/2025\/01\/12-1.jpg\"><img loading=\"lazy\" decoding=\"async\" width=\"640\" height=\"480\" data-id=\"4639\" src=\"https:\/\/www.espacegraphique.com\/blog\/wp-content\/uploads\/2025\/01\/12-1.jpg\" alt=\"\" class=\"wp-image-4639\" srcset=\"https:\/\/www.espacegraphique.com\/blog\/wp-content\/uploads\/2025\/01\/12-1.jpg 640w, https:\/\/www.espacegraphique.com\/blog\/wp-content\/uploads\/2025\/01\/12-1-300x225.jpg 300w\" sizes=\"auto, (max-width: 640px) 100vw, 640px\" \/><\/a><figcaption class=\"wp-element-caption\">Gerbera &#8211; Blanc<\/figcaption><\/figure>\n\n\n\n<figure class=\"wp-block-image size-large\"><a href=\"https:\/\/www.espacegraphique.com\/blog\/wp-content\/uploads\/2025\/01\/11-1.jpg\"><img loading=\"lazy\" decoding=\"async\" width=\"640\" height=\"480\" data-id=\"4638\" src=\"https:\/\/www.espacegraphique.com\/blog\/wp-content\/uploads\/2025\/01\/11-1.jpg\" alt=\"\" class=\"wp-image-4638\" srcset=\"https:\/\/www.espacegraphique.com\/blog\/wp-content\/uploads\/2025\/01\/11-1.jpg 640w, https:\/\/www.espacegraphique.com\/blog\/wp-content\/uploads\/2025\/01\/11-1-300x225.jpg 300w\" sizes=\"auto, (max-width: 640px) 100vw, 640px\" \/><\/a><figcaption class=\"wp-element-caption\">Helianthus annuus (Tournesol) &#8211; Fructification<\/figcaption><\/figure>\n\n\n\n<figure class=\"wp-block-image size-large\"><a href=\"https:\/\/www.espacegraphique.com\/blog\/wp-content\/uploads\/2025\/01\/10-2.jpg\"><img loading=\"lazy\" decoding=\"async\" width=\"640\" height=\"480\" data-id=\"4637\" src=\"https:\/\/www.espacegraphique.com\/blog\/wp-content\/uploads\/2025\/01\/10-2.jpg\" alt=\"\" class=\"wp-image-4637\" srcset=\"https:\/\/www.espacegraphique.com\/blog\/wp-content\/uploads\/2025\/01\/10-2.jpg 640w, https:\/\/www.espacegraphique.com\/blog\/wp-content\/uploads\/2025\/01\/10-2-300x225.jpg 300w\" sizes=\"auto, (max-width: 640px) 100vw, 640px\" \/><\/a><figcaption class=\"wp-element-caption\">Helianthus annuus (Tournesol) &#8211; Graines<\/figcaption><\/figure>\n\n\n\n<figure class=\"wp-block-image size-large\"><a href=\"https:\/\/www.espacegraphique.com\/blog\/wp-content\/uploads\/2025\/01\/9-2.jpg\"><img loading=\"lazy\" decoding=\"async\" width=\"640\" height=\"480\" data-id=\"4636\" src=\"https:\/\/www.espacegraphique.com\/blog\/wp-content\/uploads\/2025\/01\/9-2.jpg\" alt=\"\" class=\"wp-image-4636\" srcset=\"https:\/\/www.espacegraphique.com\/blog\/wp-content\/uploads\/2025\/01\/9-2.jpg 640w, https:\/\/www.espacegraphique.com\/blog\/wp-content\/uploads\/2025\/01\/9-2-300x225.jpg 300w\" sizes=\"auto, (max-width: 640px) 100vw, 640px\" \/><\/a><figcaption class=\"wp-element-caption\">Helianthus annuus (Tournesol) &#8211; Capitule et bracte\u0301es<\/figcaption><\/figure>\n\n\n\n<figure class=\"wp-block-image size-large\"><a href=\"https:\/\/www.espacegraphique.com\/blog\/wp-content\/uploads\/2025\/01\/8-2.jpg\"><img loading=\"lazy\" decoding=\"async\" width=\"640\" height=\"480\" data-id=\"4635\" src=\"https:\/\/www.espacegraphique.com\/blog\/wp-content\/uploads\/2025\/01\/8-2.jpg\" alt=\"\" class=\"wp-image-4635\" srcset=\"https:\/\/www.espacegraphique.com\/blog\/wp-content\/uploads\/2025\/01\/8-2.jpg 640w, https:\/\/www.espacegraphique.com\/blog\/wp-content\/uploads\/2025\/01\/8-2-300x225.jpg 300w\" sizes=\"auto, (max-width: 640px) 100vw, 640px\" \/><\/a><figcaption class=\"wp-element-caption\">Helianthus annuus (Tournesol) &#8211; Coeur<\/figcaption><\/figure>\n\n\n\n<figure class=\"wp-block-image size-large\"><a href=\"https:\/\/www.espacegraphique.com\/blog\/wp-content\/uploads\/2025\/01\/7-2.jpg\"><img loading=\"lazy\" decoding=\"async\" width=\"640\" height=\"480\" data-id=\"4634\" src=\"https:\/\/www.espacegraphique.com\/blog\/wp-content\/uploads\/2025\/01\/7-2.jpg\" alt=\"\" class=\"wp-image-4634\" srcset=\"https:\/\/www.espacegraphique.com\/blog\/wp-content\/uploads\/2025\/01\/7-2.jpg 640w, https:\/\/www.espacegraphique.com\/blog\/wp-content\/uploads\/2025\/01\/7-2-300x225.jpg 300w\" sizes=\"auto, (max-width: 640px) 100vw, 640px\" \/><\/a><figcaption class=\"wp-element-caption\">Helianthus annuus (Tournesol) &#8211; Contre jour<\/figcaption><\/figure>\n\n\n\n<figure class=\"wp-block-image size-large\"><a href=\"https:\/\/www.espacegraphique.com\/blog\/wp-content\/uploads\/2025\/01\/6-2.jpg\"><img loading=\"lazy\" decoding=\"async\" width=\"640\" height=\"480\" data-id=\"4633\" src=\"https:\/\/www.espacegraphique.com\/blog\/wp-content\/uploads\/2025\/01\/6-2.jpg\" alt=\"\" class=\"wp-image-4633\" srcset=\"https:\/\/www.espacegraphique.com\/blog\/wp-content\/uploads\/2025\/01\/6-2.jpg 640w, https:\/\/www.espacegraphique.com\/blog\/wp-content\/uploads\/2025\/01\/6-2-300x225.jpg 300w\" sizes=\"auto, (max-width: 640px) 100vw, 640px\" \/><\/a><figcaption class=\"wp-element-caption\">Osteospermum &#8211; S\u00e9pia<\/figcaption><\/figure>\n\n\n\n<figure class=\"wp-block-image size-large\"><a href=\"https:\/\/www.espacegraphique.com\/blog\/wp-content\/uploads\/2025\/01\/5-2.jpg\"><img loading=\"lazy\" decoding=\"async\" width=\"640\" height=\"480\" data-id=\"4632\" src=\"https:\/\/www.espacegraphique.com\/blog\/wp-content\/uploads\/2025\/01\/5-2.jpg\" alt=\"\" class=\"wp-image-4632\" srcset=\"https:\/\/www.espacegraphique.com\/blog\/wp-content\/uploads\/2025\/01\/5-2.jpg 640w, https:\/\/www.espacegraphique.com\/blog\/wp-content\/uploads\/2025\/01\/5-2-300x225.jpg 300w\" sizes=\"auto, (max-width: 640px) 100vw, 640px\" \/><\/a><figcaption class=\"wp-element-caption\">Osteospermum &#8211; Barquette<\/figcaption><\/figure>\n\n\n\n<figure class=\"wp-block-image size-large\"><a href=\"https:\/\/www.espacegraphique.com\/blog\/wp-content\/uploads\/2025\/01\/4-2.jpg\"><img loading=\"lazy\" decoding=\"async\" width=\"640\" height=\"480\" data-id=\"4631\" src=\"https:\/\/www.espacegraphique.com\/blog\/wp-content\/uploads\/2025\/01\/4-2.jpg\" alt=\"\" class=\"wp-image-4631\" srcset=\"https:\/\/www.espacegraphique.com\/blog\/wp-content\/uploads\/2025\/01\/4-2.jpg 640w, https:\/\/www.espacegraphique.com\/blog\/wp-content\/uploads\/2025\/01\/4-2-300x225.jpg 300w\" sizes=\"auto, (max-width: 640px) 100vw, 640px\" \/><\/a><figcaption class=\"wp-element-caption\">Rudbekia<\/figcaption><\/figure>\n\n\n\n<figure class=\"wp-block-image size-large\"><a href=\"https:\/\/www.espacegraphique.com\/blog\/wp-content\/uploads\/2025\/01\/3-2.jpg\"><img loading=\"lazy\" decoding=\"async\" width=\"640\" height=\"480\" data-id=\"4630\" src=\"https:\/\/www.espacegraphique.com\/blog\/wp-content\/uploads\/2025\/01\/3-2.jpg\" alt=\"\" class=\"wp-image-4630\" srcset=\"https:\/\/www.espacegraphique.com\/blog\/wp-content\/uploads\/2025\/01\/3-2.jpg 640w, https:\/\/www.espacegraphique.com\/blog\/wp-content\/uploads\/2025\/01\/3-2-300x225.jpg 300w\" sizes=\"auto, (max-width: 640px) 100vw, 640px\" \/><\/a><figcaption class=\"wp-element-caption\">Dahlia tricolore<\/figcaption><\/figure>\n\n\n\n<figure class=\"wp-block-image size-large\"><a href=\"https:\/\/www.espacegraphique.com\/blog\/wp-content\/uploads\/2025\/01\/2-2.jpg\"><img loading=\"lazy\" decoding=\"async\" width=\"640\" height=\"480\" data-id=\"4629\" src=\"https:\/\/www.espacegraphique.com\/blog\/wp-content\/uploads\/2025\/01\/2-2.jpg\" alt=\"\" class=\"wp-image-4629\" srcset=\"https:\/\/www.espacegraphique.com\/blog\/wp-content\/uploads\/2025\/01\/2-2.jpg 640w, https:\/\/www.espacegraphique.com\/blog\/wp-content\/uploads\/2025\/01\/2-2-300x225.jpg 300w\" sizes=\"auto, (max-width: 640px) 100vw, 640px\" \/><\/a><figcaption class=\"wp-element-caption\">Dahlia &#8211; Blanc ros\u00e9<\/figcaption><\/figure>\n\n\n\n<figure class=\"wp-block-image size-large\"><a href=\"https:\/\/www.espacegraphique.com\/blog\/wp-content\/uploads\/2025\/01\/1-2.jpg\"><img loading=\"lazy\" decoding=\"async\" width=\"640\" height=\"480\" data-id=\"4628\" src=\"https:\/\/www.espacegraphique.com\/blog\/wp-content\/uploads\/2025\/01\/1-2.jpg\" alt=\"\" class=\"wp-image-4628\" srcset=\"https:\/\/www.espacegraphique.com\/blog\/wp-content\/uploads\/2025\/01\/1-2.jpg 640w, https:\/\/www.espacegraphique.com\/blog\/wp-content\/uploads\/2025\/01\/1-2-300x225.jpg 300w\" sizes=\"auto, (max-width: 640px) 100vw, 640px\" \/><\/a><figcaption class=\"wp-element-caption\">Dahlia &#8211; Cactus<\/figcaption><\/figure>\n<\/figure>\n\n\n\n<p class=\"has-medium-font-size\">Articles similaires<\/p>\n\n\n\n<figure class=\"wp-block-table\"><table class=\"has-fixed-layout\"><tbody><tr><td><br><br><br><\/td><\/tr><\/tbody><\/table><\/figure>\n\n\n\n<div class=\"wp-block-query is-layout-flow wp-block-query-is-layout-flow\"><ul class=\"wp-block-post-template is-layout-flow wp-block-post-template-is-layout-flow\"><li class=\"wp-block-post post-2855 post type-post status-publish format-standard has-post-thumbnail hentry category-dessins tag-crayon tag-dessin tag-fleur\">\n<h2 class=\"wp-block-post-title\"><a href=\"https:\/\/www.espacegraphique.com\/blog\/carton\/dessins\/dessin-de-dahlia-2855\" target=\"_self\" >Dessin de dahlia<\/a><\/h2>\n\n<figure class=\"alignwide wp-block-post-featured-image\"><a href=\"https:\/\/www.espacegraphique.com\/blog\/carton\/dessins\/dessin-de-dahlia-2855\" target=\"_self\"  ><img loading=\"lazy\" decoding=\"async\" width=\"640\" height=\"240\" src=\"https:\/\/www.espacegraphique.com\/blog\/wp-content\/uploads\/2014\/10\/dahlia-640x240.jpg\" class=\"attachment-post-thumbnail size-post-thumbnail wp-post-image\" alt=\"Dessin de dahlia\" style=\"object-fit:cover;\" srcset=\"https:\/\/www.espacegraphique.com\/blog\/wp-content\/uploads\/2014\/10\/dahlia-640x240.jpg 640w, https:\/\/www.espacegraphique.com\/blog\/wp-content\/uploads\/2014\/10\/dahlia-640x240-300x112.jpg 300w\" sizes=\"auto, (max-width: 640px) 100vw, 640px\" \/><\/a><\/figure>\n\n<div class=\"wp-block-post-excerpt\"><p class=\"wp-block-post-excerpt__excerpt\">Voici un dessin au crayon HB r\u00e9alis\u00e9 le temps d&rsquo;un atelier <\/p><\/div>\n\n\n<hr class=\"wp-block-separator has-css-opacity\"\/>\n\n\n<div class=\"wp-block-post-date\"><time datetime=\"2014-10-11T10:13:13+02:00\">11 octobre 2014<\/time><\/div>\n<\/li><li class=\"wp-block-post post-2206 post type-post status-publish format-standard has-post-thumbnail hentry category-photos tag-fleur tag-mutation tag-petales\">\n<h2 class=\"wp-block-post-title\"><a href=\"https:\/\/www.espacegraphique.com\/blog\/photos\/dahlia-mutant-en-forme-de-pompon-2206\" target=\"_self\" >Dahlia mutant en forme de pompon<\/a><\/h2>\n\n<figure class=\"alignwide wp-block-post-featured-image\"><a href=\"https:\/\/www.espacegraphique.com\/blog\/photos\/dahlia-mutant-en-forme-de-pompon-2206\" target=\"_self\"  ><img loading=\"lazy\" decoding=\"async\" width=\"630\" height=\"240\" src=\"https:\/\/www.espacegraphique.com\/blog\/wp-content\/uploads\/2013\/11\/dahlia-mutant.jpg\" class=\"attachment-post-thumbnail size-post-thumbnail wp-post-image\" alt=\"Dahlia mutant en forme de pompon\" style=\"object-fit:cover;\" srcset=\"https:\/\/www.espacegraphique.com\/blog\/wp-content\/uploads\/2013\/11\/dahlia-mutant.jpg 630w, https:\/\/www.espacegraphique.com\/blog\/wp-content\/uploads\/2013\/11\/dahlia-mutant-300x114.jpg 300w\" sizes=\"auto, (max-width: 630px) 100vw, 630px\" \/><\/a><\/figure>\n\n<div class=\"wp-block-post-excerpt\"><p class=\"wp-block-post-excerpt__excerpt\">De face la mutation de ce dahlia se rapproche du mod\u00e8le de l&rsquo;edelweiss que tout le monde conna\u00eet. <\/p><\/div>\n\n\n<hr class=\"wp-block-separator has-css-opacity\"\/>\n\n\n<div class=\"wp-block-post-date\"><time datetime=\"2013-11-01T18:03:02+02:00\">1 novembre 2013<\/time><\/div>\n<\/li><\/ul><\/div>\n","protected":false},"excerpt":{"rendered":"<p>Famille des Ast\u00e9rac\u00e9es &gt; Photos Le&nbsp;Gerbera, la&nbsp;Marguerite&nbsp;pr\u00e9sentent une g\u00e9om\u00e9trie compos\u00e9e d&rsquo;un disque central avec des fleurons r\u00e9guliers et des ligules en bordure. Articles similaires<\/p>\n","protected":false},"author":1,"featured_media":4628,"parent":0,"menu_order":0,"comment_status":"closed","ping_status":"closed","template":"","meta":{"footnotes":""},"class_list":["post-4627","page","type-page","status-publish","has-post-thumbnail","hentry"],"aioseo_notices":[],"_links":{"self":[{"href":"https:\/\/www.espacegraphique.com\/blog\/wp-json\/wp\/v2\/pages\/4627","targetHints":{"allow":["GET"]}}],"collection":[{"href":"https:\/\/www.espacegraphique.com\/blog\/wp-json\/wp\/v2\/pages"}],"about":[{"href":"https:\/\/www.espacegraphique.com\/blog\/wp-json\/wp\/v2\/types\/page"}],"author":[{"embeddable":true,"href":"https:\/\/www.espacegraphique.com\/blog\/wp-json\/wp\/v2\/users\/1"}],"replies":[{"embeddable":true,"href":"https:\/\/www.espacegraphique.com\/blog\/wp-json\/wp\/v2\/comments?post=4627"}],"version-history":[{"count":2,"href":"https:\/\/www.espacegraphique.com\/blog\/wp-json\/wp\/v2\/pages\/4627\/revisions"}],"predecessor-version":[{"id":4666,"href":"https:\/\/www.espacegraphique.com\/blog\/wp-json\/wp\/v2\/pages\/4627\/revisions\/4666"}],"wp:featuredmedia":[{"embeddable":true,"href":"https:\/\/www.espacegraphique.com\/blog\/wp-json\/wp\/v2\/media\/4628"}],"wp:attachment":[{"href":"https:\/\/www.espacegraphique.com\/blog\/wp-json\/wp\/v2\/media?parent=4627"}],"curies":[{"name":"wp","href":"https:\/\/api.w.org\/{rel}","templated":true}]}}